{"id":18405,"date":"2020-03-03T11:46:39","date_gmt":"2020-03-03T10:46:39","guid":{"rendered":"https:\/\/www.enemalta.com.mt\/l-impenn-taghna-favur-l-ambjent-2\/"},"modified":"2023-08-28T12:42:53","modified_gmt":"2023-08-28T10:42:53","slug":"l-impenn-taghna-favur-l-ambjent-2","status":"publish","type":"page","link":"https:\/\/www.enemalta.com.mt\/mt\/l-impenn-taghna-favur-l-ambjent-2\/","title":{"rendered":"L-impenn tag\u0127na favur l-ambjent"},"content":{"rendered":"<div class=\"fusion-fullwidth fullwidth-box fusion-builder-row-1 nonhundred-percent-fullwidth non-hundred-percent-height-scrolling\" style=\"--awb-border-radius-top-left:0px;--awb-border-radius-top-right:0px;--awb-border-radius-bottom-right:0px;--awb-border-radius-bottom-left:0px;--awb-flex-wrap:wrap;\" ><div class=\"fusion-builder-row fusion-row\"><div class=\"fusion-layout-column fusion_builder_column fusion-builder-column-0 fusion_builder_column_1_1 1_1 fusion-one-full fusion-column-first fusion-column-last\" style=\"--awb-padding-top:50px;--awb-bg-size:cover;--awb-margin-bottom:0px;\"><div class=\"fusion-column-wrapper fusion-flex-column-wrapper-legacy\"><div class=\"fusion-text fusion-text-1\"><p>A\u0127na impenjati lejn rie\u017cami u ottimizzazzjoni kontinwi tal-operazzjonijiet tag\u0127na sabiex innaqqsu l-impatti ambjentali negattivi tas-servizzi ta\u2019 \u0121enerazzjoni u ta\u2019 distribuzzjoni tal-elettriku tag\u0127na.<\/p>\n<p>Is-sistema ta\u2019 \u0121estjoni ambjentali tag\u0127na hija e\u017caminata b\u2019mod regolari minn awdituri internazzjonali sabiex in\u017commu r-rekwi\u017citi ta\u010b-\u010bertifikazzjoni presti\u0121ju\u017ca ISO14001:2015.<\/p>\n<p>L-operazzjonijiet tag\u0127na ta\u2019 \u0121enerazzjoni u distribuzzjoni tal-elettriku huma regolati minn sistema ta\u2019 \u0121estjoni ambjentali (EMS) stretta. Din is-sistema tassigura li a\u0127na nadottaw l-aqwa pratti\u010bi internazzjonali fil-protezzjoni tal-ambjent u l-kontroll tat-tni\u0121\u0121is, u li ne\u017caminaw kontinwament l-operazzjonijiet tag\u0127na sabiex innaqqsu aktar l-impatt tag\u0127na fuq l-ambjent.<\/p>\n<p>F\u2019Awwissu 2011, l-EMS tag\u0127na ng\u0127atat i\u010b-\u010bertifikazzjoni mag\u0127rufa internazzjonalment tal-ISO 14001 minn Certiquality S.r.l. L-EMS ti\u0121i rie\u017caminata b\u2019mod annwali sabiex ikun \u017cgurat li tkompli til\u0127aq l-objettivi ambjentali tag\u0127ha, u kull tliet snin, l-Enemalta trid tfittex i\u010b-\u010bertifikazzjoni mill-\u0121did wara e\u017cami komprensiv tal-pro\u010beduri u l-pratti\u010bi kollha tal-EMS. Wara dan, l-Enemalta \u0121iet i\u010b\u010bertifikata mill-\u0121did minn Bureau Veritas Hellas A. E. fl-2014, 2017, 2020 u\u00a0 SGS Italia S.p.A. f&#8217; 2023.<\/p>\n<p>Il-Kumpanija tag\u0127na hija konformi mar-regolamenti ambjentali applikabbli tal-Unjoni Ewropea, inklu\u017ca d-Direttiva dwar l-Impjanti Kbar tal-Kombustjoni (LCP), id-Direttiva dwar il-Prevenzjoni u l-Kontroll Integrati tat-Tni\u0121\u0121is (IPPC) kif ukoll le\u0121islazzjoni o\u0127ra dwar l-immani\u0121\u0121jar tal-iskart u l-gassijiet b\u2019effett ta\u2019 serra.<\/p>\n<\/div><div class=\"fusion-blog-shortcode fusion-blog-shortcode-1 fusion-blog-archive fusion-blog-layout-grid-wrapper fusion-blog-no\"><style type=\"text\/css\">.fusion-blog-shortcode-1 .fusion-blog-layout-grid .fusion-post-grid{padding:20px;}.fusion-blog-shortcode-1 .fusion-posts-container{margin-left: -20px !important; margin-right:-20px !important;}<\/style><div class=\"fusion-posts-container fusion-posts-container-no fusion-no-meta-info fusion-blog-layout-grid fusion-blog-layout-grid-4 isotope\" data-pages=\"1\" data-grid-col-space=\"40\" style=\"margin: -20px -20px 0;min-height:500px;\"><article id=\"blog-1-post-16957\" class=\"fusion-post-grid post-16957 post type-post status-publish format-standard has-post-thumbnail hentry category-l-ems-taghna\">\n<div class=\"fusion-post-wrapper\" style=\"background-color:rgba(255,255,255,0);border:1px solid #ebeaea;border-bottom-width:3px;\">\n\n\t\t\t<div class=\"fusion-flexslider flexslider fusion-flexslider-loading fusion-post-slideshow\" style=\"border-color:#ebeaea;\">\n\t\t<ul class=\"slides\">\n\t\t\t\n\t\t\t\t\t\t\t\t\t\t\t\t\t\t<li><div  class=\"fusion-image-wrapper\" aria-haspopup=\"true\">\n\t\t\t\t\t\t\t<a href=\"https:\/\/www.enemalta.com.mt\/mt\/2018\/11\/20\/certifikazzjoni-iso-14001\/\" aria-label=\"\u010aertifikazzjoni ISO 14001\">\n\t\t\t\t\t\t\t<img decoding=\"async\" width=\"1403\" height=\"450\" src=\"\/wp-content\/uploads\/2017\/12\/ISO_.jpg\" class=\"attachment-full size-full wp-post-image\" alt=\"\" srcset=\"\/wp-content\/uploads\/2017\/12\/ISO_-200x64.jpg 200w, \/wp-content\/uploads\/2017\/12\/ISO_-400x128.jpg 400w, \/wp-content\/uploads\/2017\/12\/ISO_-600x192.jpg 600w, \/wp-content\/uploads\/2017\/12\/ISO_-800x257.jpg 800w, \/wp-content\/uploads\/2017\/12\/ISO_-1200x385.jpg 1200w, \/wp-content\/uploads\/2017\/12\/ISO_.jpg 1403w\" sizes=\"(min-width: 2200px) 100vw, (min-width: 856px) 245px, (min-width: 784px) 327px, (min-width: 712px) 490px, (min-width: 640px) 712px, \" \/>\t\t\t<\/a>\n\t\t\t\t\t\t\t<\/div>\n<\/li>\n\t\t\t\n\t\t\t\n\t\t\t\t\t\t\t\t\t\t\t\t\t\t\t\t\t\t\t\t\t\t\t\t\t\t\t\t\t\t\t\t\t\t\t\t\t\t\t\t\t\t\t\t\t\t\t\t\t\t\t\t\t\t\t\t\t\t\t\t\t\t\t\t\t\t\t\t<\/ul>\n\t<\/div>\n\t<div class=\"fusion-post-content-wrapper\" style=\"padding:30px 25px 25px 25px;\"><div class=\"fusion-post-content post-content\"><h2 class=\"blog-shortcode-post-title entry-title\"><a href=\"https:\/\/www.enemalta.com.mt\/mt\/2018\/11\/20\/certifikazzjoni-iso-14001\/\">\u010aertifikazzjoni ISO 14001<\/a><\/h2><\/div><\/div><div class=\"fusion-clearfix\"><\/div><\/div>\n<\/article>\n<article id=\"blog-1-post-16967\" class=\"fusion-post-grid post-16967 post type-post status-publish format-standard has-post-thumbnail hentry category-l-ems-taghna\">\n<div class=\"fusion-post-wrapper\" style=\"background-color:rgba(255,255,255,0);border:1px solid #ebeaea;border-bottom-width:3px;\">\n\n\t\t\t<div class=\"fusion-flexslider flexslider fusion-flexslider-loading fusion-post-slideshow\" style=\"border-color:#ebeaea;\">\n\t\t<ul class=\"slides\">\n\t\t\t\n\t\t\t\t\t\t\t\t\t\t\t\t\t\t<li><div  class=\"fusion-image-wrapper\" aria-haspopup=\"true\">\n\t\t\t\t\t\t\t<a href=\"https:\/\/www.enemalta.com.mt\/mt\/2018\/11\/19\/il-politika-ambjentali-taghna\/\" aria-label=\"Il-Politika Ambjentali tag\u0127na\">\n\t\t\t\t\t\t\t<img decoding=\"async\" width=\"2679\" height=\"859\" src=\"\/wp-content\/uploads\/2017\/12\/EMS-Xatt_LAhmar_Panoramic_View.jpg\" class=\"attachment-full size-full wp-post-image\" alt=\"\" srcset=\"\/wp-content\/uploads\/2017\/12\/EMS-Xatt_LAhmar_Panoramic_View-200x64.jpg 200w, \/wp-content\/uploads\/2017\/12\/EMS-Xatt_LAhmar_Panoramic_View-400x128.jpg 400w, \/wp-content\/uploads\/2017\/12\/EMS-Xatt_LAhmar_Panoramic_View-600x192.jpg 600w, \/wp-content\/uploads\/2017\/12\/EMS-Xatt_LAhmar_Panoramic_View-800x257.jpg 800w, \/wp-content\/uploads\/2017\/12\/EMS-Xatt_LAhmar_Panoramic_View-1200x385.jpg 1200w, \/wp-content\/uploads\/2017\/12\/EMS-Xatt_LAhmar_Panoramic_View.jpg 2679w\" sizes=\"(min-width: 2200px) 100vw, (min-width: 856px) 245px, (min-width: 784px) 327px, (min-width: 712px) 490px, (min-width: 640px) 712px, \" \/>\t\t\t<\/a>\n\t\t\t\t\t\t\t<\/div>\n<\/li>\n\t\t\t\n\t\t\t\n\t\t\t\t\t\t\t\t\t\t\t\t\t\t\t\t\t\t\t\t\t\t\t\t\t\t\t\t\t\t\t\t\t\t\t\t\t\t\t\t\t\t\t\t\t\t\t\t\t\t\t\t\t\t\t\t\t\t\t\t\t\t\t\t\t\t\t\t<\/ul>\n\t<\/div>\n\t<div class=\"fusion-post-content-wrapper\" style=\"padding:30px 25px 25px 25px;\"><div class=\"fusion-post-content post-content\"><h2 class=\"blog-shortcode-post-title entry-title\"><a href=\"https:\/\/www.enemalta.com.mt\/mt\/2018\/11\/19\/il-politika-ambjentali-taghna\/\">Il-Politika Ambjentali tag\u0127na<\/a><\/h2><\/div><\/div><div class=\"fusion-clearfix\"><\/div><\/div>\n<\/article>\n<article id=\"blog-1-post-16972\" class=\"fusion-post-grid post-16972 post type-post status-publish format-standard has-post-thumbnail hentry category-l-ems-taghna\">\n<div class=\"fusion-post-wrapper\" style=\"background-color:rgba(255,255,255,0);border:1px solid #ebeaea;border-bottom-width:3px;\">\n\n\t\t\t<div class=\"fusion-flexslider flexslider fusion-flexslider-loading fusion-post-slideshow\" style=\"border-color:#ebeaea;\">\n\t\t<ul class=\"slides\">\n\t\t\t\n\t\t\t\t\t\t\t\t\t\t\t\t\t\t<li><div  class=\"fusion-image-wrapper\" aria-haspopup=\"true\">\n\t\t\t\t\t\t\t<a href=\"https:\/\/www.enemalta.com.mt\/mt\/2018\/11\/18\/permessi-ambjentali\/\" aria-label=\"Permessi ambjentali\">\n\t\t\t\t\t\t\t<img decoding=\"async\" width=\"2976\" height=\"954\" src=\"\/wp-content\/uploads\/2018\/01\/The_Grand_Harbour.jpg\" class=\"attachment-full size-full wp-post-image\" alt=\"\" srcset=\"\/wp-content\/uploads\/2018\/01\/The_Grand_Harbour-200x64.jpg 200w, \/wp-content\/uploads\/2018\/01\/The_Grand_Harbour-400x128.jpg 400w, \/wp-content\/uploads\/2018\/01\/The_Grand_Harbour-600x192.jpg 600w, \/wp-content\/uploads\/2018\/01\/The_Grand_Harbour-800x256.jpg 800w, \/wp-content\/uploads\/2018\/01\/The_Grand_Harbour-1200x385.jpg 1200w, \/wp-content\/uploads\/2018\/01\/The_Grand_Harbour.jpg 2976w\" sizes=\"(min-width: 2200px) 100vw, (min-width: 856px) 245px, (min-width: 784px) 327px, (min-width: 712px) 490px, (min-width: 640px) 712px, \" \/>\t\t\t<\/a>\n\t\t\t\t\t\t\t<\/div>\n<\/li>\n\t\t\t\n\t\t\t\n\t\t\t\t\t\t\t\t\t\t\t\t\t\t\t\t\t\t\t\t\t\t\t\t\t\t\t\t\t\t\t\t\t\t\t\t\t\t\t\t\t\t\t\t\t\t\t\t\t\t\t\t\t\t\t\t\t\t\t\t\t\t\t\t\t\t\t\t<\/ul>\n\t<\/div>\n\t<div class=\"fusion-post-content-wrapper\" style=\"padding:30px 25px 25px 25px;\"><div class=\"fusion-post-content post-content\"><h2 class=\"blog-shortcode-post-title entry-title\"><a href=\"https:\/\/www.enemalta.com.mt\/mt\/2018\/11\/18\/permessi-ambjentali\/\">Permessi ambjentali<\/a><\/h2><\/div><\/div><div class=\"fusion-clearfix\"><\/div><\/div>\n<\/article>\n<article id=\"blog-1-post-16974\" class=\"fusion-post-grid post-16974 post type-post status-publish format-standard has-post-thumbnail hentry category-l-ems-taghna\">\n<div class=\"fusion-post-wrapper\" style=\"background-color:rgba(255,255,255,0);border:1px solid #ebeaea;border-bottom-width:3px;\">\n\n\t\t\t<div class=\"fusion-flexslider flexslider fusion-flexslider-loading fusion-post-slideshow\" style=\"border-color:#ebeaea;\">\n\t\t<ul class=\"slides\">\n\t\t\t\n\t\t\t\t\t\t\t\t\t\t\t\t\t\t<li><div  class=\"fusion-image-wrapper\" aria-haspopup=\"true\">\n\t\t\t\t\t\t\t<a href=\"https:\/\/www.enemalta.com.mt\/mt\/2018\/11\/17\/monitoragg-tal-emissjonijiet\/\" aria-label=\"Monitora\u0121\u0121 tal-emissjonijiet\">\n\t\t\t\t\t\t\t<img decoding=\"async\" width=\"3872\" height=\"1242\" src=\"\/wp-content\/uploads\/2017\/12\/EMS-Emissionmonitoring.jpg\" class=\"attachment-full size-full wp-post-image\" alt=\"\" srcset=\"\/wp-content\/uploads\/2017\/12\/EMS-Emissionmonitoring-200x64.jpg 200w, \/wp-content\/uploads\/2017\/12\/EMS-Emissionmonitoring-400x128.jpg 400w, \/wp-content\/uploads\/2017\/12\/EMS-Emissionmonitoring-600x192.jpg 600w, \/wp-content\/uploads\/2017\/12\/EMS-Emissionmonitoring-800x257.jpg 800w, \/wp-content\/uploads\/2017\/12\/EMS-Emissionmonitoring-1200x385.jpg 1200w, \/wp-content\/uploads\/2017\/12\/EMS-Emissionmonitoring.jpg 3872w\" sizes=\"(min-width: 2200px) 100vw, (min-width: 856px) 245px, (min-width: 784px) 327px, (min-width: 712px) 490px, (min-width: 640px) 712px, \" \/>\t\t\t<\/a>\n\t\t\t\t\t\t\t<\/div>\n<\/li>\n\t\t\t\n\t\t\t\n\t\t\t\t\t\t\t\t\t\t\t\t\t\t\t\t\t\t\t\t\t\t\t\t\t\t\t\t\t\t\t\t\t\t\t\t\t\t\t\t\t\t\t\t\t\t\t\t\t\t\t\t\t\t\t\t\t\t\t\t\t\t\t\t\t\t\t\t<\/ul>\n\t<\/div>\n\t<div class=\"fusion-post-content-wrapper\" style=\"padding:30px 25px 25px 25px;\"><div class=\"fusion-post-content post-content\"><h2 class=\"blog-shortcode-post-title entry-title\"><a href=\"https:\/\/www.enemalta.com.mt\/mt\/2018\/11\/17\/monitoragg-tal-emissjonijiet\/\">Monitora\u0121\u0121 tal-emissjonijiet<\/a><\/h2><\/div><\/div><div class=\"fusion-clearfix\"><\/div><\/div>\n<\/article>\n<article id=\"blog-1-post-16981\" class=\"fusion-post-grid post-16981 post type-post status-publish format-standard has-post-thumbnail hentry category-l-ems-taghna\">\n<div class=\"fusion-post-wrapper\" style=\"background-color:rgba(255,255,255,0);border:1px solid #ebeaea;border-bottom-width:3px;\">\n\n\t\t\t<div class=\"fusion-flexslider flexslider fusion-flexslider-loading fusion-post-slideshow\" style=\"border-color:#ebeaea;\">\n\t\t<ul class=\"slides\">\n\t\t\t\n\t\t\t\t\t\t\t\t\t\t\t\t\t\t<li><div  class=\"fusion-image-wrapper\" aria-haspopup=\"true\">\n\t\t\t\t\t\t\t<a href=\"https:\/\/www.enemalta.com.mt\/mt\/2018\/11\/14\/monitoragg-tal-kwalita-tal-arja\/\" aria-label=\"Monitora\u0121\u0121 tal-Kwalit\u00e0 tal-Arja\">\n\t\t\t\t\t\t\t<img decoding=\"async\" width=\"2560\" height=\"821\" src=\"\/wp-content\/uploads\/2017\/12\/Ems_Airquality.jpg\" class=\"attachment-full size-full wp-post-image\" alt=\"\" srcset=\"\/wp-content\/uploads\/2017\/12\/Ems_Airquality-200x64.jpg 200w, \/wp-content\/uploads\/2017\/12\/Ems_Airquality-400x128.jpg 400w, \/wp-content\/uploads\/2017\/12\/Ems_Airquality-600x192.jpg 600w, \/wp-content\/uploads\/2017\/12\/Ems_Airquality-800x257.jpg 800w, \/wp-content\/uploads\/2017\/12\/Ems_Airquality-1200x385.jpg 1200w, \/wp-content\/uploads\/2017\/12\/Ems_Airquality.jpg 2560w\" sizes=\"(min-width: 2200px) 100vw, (min-width: 856px) 245px, (min-width: 784px) 327px, (min-width: 712px) 490px, (min-width: 640px) 712px, \" \/>\t\t\t<\/a>\n\t\t\t\t\t\t\t<\/div>\n<\/li>\n\t\t\t\n\t\t\t\n\t\t\t\t\t\t\t\t\t\t\t\t\t\t\t\t\t\t\t\t\t\t\t\t\t\t\t\t\t\t\t\t\t\t\t\t\t\t\t\t\t\t\t\t\t\t\t\t\t\t\t\t\t\t\t\t\t\t\t\t\t\t\t\t\t\t\t\t<\/ul>\n\t<\/div>\n\t<div class=\"fusion-post-content-wrapper\" style=\"padding:30px 25px 25px 25px;\"><div class=\"fusion-post-content post-content\"><h2 class=\"blog-shortcode-post-title entry-title\"><a href=\"https:\/\/www.enemalta.com.mt\/mt\/2018\/11\/14\/monitoragg-tal-kwalita-tal-arja\/\">Monitora\u0121\u0121 tal-Kwalit\u00e0 tal-Arja<\/a><\/h2><\/div><\/div><div class=\"fusion-clearfix\"><\/div><\/div>\n<\/article>\n<article id=\"blog-1-post-16953\" class=\"fusion-post-grid post-16953 post type-post status-publish format-standard has-post-thumbnail hentry category-l-ems-taghna\">\n<div class=\"fusion-post-wrapper\" style=\"background-color:rgba(255,255,255,0);border:1px solid #ebeaea;border-bottom-width:3px;\">\n\n\t\t\t<div class=\"fusion-flexslider flexslider fusion-flexslider-loading fusion-post-slideshow\" style=\"border-color:#ebeaea;\">\n\t\t<ul class=\"slides\">\n\t\t\t\n\t\t\t\t\t\t\t\t\t\t\t\t\t\t<li><div  class=\"fusion-image-wrapper\" aria-haspopup=\"true\">\n\t\t\t\t\t\t\t<a href=\"https:\/\/www.enemalta.com.mt\/mt\/2018\/09\/26\/l-ems-taghna\/\" aria-label=\"L-EMS tag\u0127na\">\n\t\t\t\t\t\t\t<img decoding=\"async\" width=\"4608\" height=\"1478\" src=\"\/wp-content\/uploads\/2017\/12\/EMS-Mdina_Aerial_View_17.jpg\" class=\"attachment-full size-full wp-post-image\" alt=\"\" srcset=\"\/wp-content\/uploads\/2017\/12\/EMS-Mdina_Aerial_View_17-200x64.jpg 200w, \/wp-content\/uploads\/2017\/12\/EMS-Mdina_Aerial_View_17-400x128.jpg 400w, \/wp-content\/uploads\/2017\/12\/EMS-Mdina_Aerial_View_17-600x192.jpg 600w, \/wp-content\/uploads\/2017\/12\/EMS-Mdina_Aerial_View_17-800x257.jpg 800w, \/wp-content\/uploads\/2017\/12\/EMS-Mdina_Aerial_View_17-1200x385.jpg 1200w, \/wp-content\/uploads\/2017\/12\/EMS-Mdina_Aerial_View_17.jpg 4608w\" sizes=\"(min-width: 2200px) 100vw, (min-width: 856px) 245px, (min-width: 784px) 327px, (min-width: 712px) 490px, (min-width: 640px) 712px, \" \/>\t\t\t<\/a>\n\t\t\t\t\t\t\t<\/div>\n<\/li>\n\t\t\t\n\t\t\t\n\t\t\t\t\t\t\t\t\t\t\t\t\t\t\t\t\t\t\t\t\t\t\t\t\t\t\t\t\t\t\t\t\t\t\t\t\t\t\t\t\t\t\t\t\t\t\t\t\t\t\t\t\t\t\t\t\t\t\t\t\t\t\t\t\t\t\t\t<\/ul>\n\t<\/div>\n\t<div class=\"fusion-post-content-wrapper\" style=\"padding:30px 25px 25px 25px;\"><div class=\"fusion-post-content post-content\"><h2 class=\"blog-shortcode-post-title entry-title\"><a href=\"https:\/\/www.enemalta.com.mt\/mt\/2018\/09\/26\/l-ems-taghna\/\">L-EMS tag\u0127na<\/a><\/h2><\/div><\/div><div class=\"fusion-clearfix\"><\/div><\/div>\n<\/article>\n<article id=\"blog-1-post-18384\" class=\"fusion-post-grid post-18384 post type-post status-publish format-standard has-post-thumbnail hentry category-l-ems-taghna\">\n<div class=\"fusion-post-wrapper\" style=\"background-color:rgba(255,255,255,0);border:1px solid #ebeaea;border-bottom-width:3px;\">\n\n\t\t\t<div class=\"fusion-flexslider flexslider fusion-flexslider-loading fusion-post-slideshow\" style=\"border-color:#ebeaea;\">\n\t\t<ul class=\"slides\">\n\t\t\t\n\t\t\t\t\t\t\t\t\t\t\t\t\t\t<li><div  class=\"fusion-image-wrapper\" aria-haspopup=\"true\">\n\t\t\t\t\t\t\t<a href=\"https:\/\/www.enemalta.com.mt\/mt\/2016\/02\/28\/tahlita-ta-sorsi-ta-l-energja-fornuta-minn-enemalta-plc\/\" aria-label=\"Ta\u0127lita tas-sorsi ta\u2019 l-energija fornuta minn Enemalta plc. fl-2024\">\n\t\t\t\t\t\t\t<img decoding=\"async\" width=\"4608\" height=\"1478\" src=\"\/wp-content\/uploads\/2020\/02\/mgarrharobour_2.jpg\" class=\"attachment-full size-full wp-post-image\" alt=\"\" srcset=\"\/wp-content\/uploads\/2020\/02\/mgarrharobour_2-200x64.jpg 200w, \/wp-content\/uploads\/2020\/02\/mgarrharobour_2-400x128.jpg 400w, \/wp-content\/uploads\/2020\/02\/mgarrharobour_2-600x192.jpg 600w, \/wp-content\/uploads\/2020\/02\/mgarrharobour_2-800x257.jpg 800w, \/wp-content\/uploads\/2020\/02\/mgarrharobour_2-1200x385.jpg 1200w, \/wp-content\/uploads\/2020\/02\/mgarrharobour_2.jpg 4608w\" sizes=\"(min-width: 2200px) 100vw, (min-width: 856px) 245px, (min-width: 784px) 327px, (min-width: 712px) 490px, (min-width: 640px) 712px, \" \/>\t\t\t<\/a>\n\t\t\t\t\t\t\t<\/div>\n<\/li>\n\t\t\t\n\t\t\t\n\t\t\t\t\t\t\t\t\t\t\t\t\t\t\t\t\t\t\t\t\t\t\t\t\t\t\t\t\t\t\t\t\t\t\t\t\t\t\t\t\t\t\t\t\t\t\t\t\t\t\t\t\t\t\t\t\t\t\t\t\t\t\t\t\t\t\t\t<\/ul>\n\t<\/div>\n\t<div class=\"fusion-post-content-wrapper\" style=\"padding:30px 25px 25px 25px;\"><div class=\"fusion-post-content post-content\"><h2 class=\"blog-shortcode-post-title entry-title\"><a href=\"https:\/\/www.enemalta.com.mt\/mt\/2016\/02\/28\/tahlita-ta-sorsi-ta-l-energja-fornuta-minn-enemalta-plc\/\">Ta\u0127lita tas-sorsi ta\u2019 l-energija fornuta minn Enemalta plc. fl-2024<\/a><\/h2><\/div><\/div><div class=\"fusion-clearfix\"><\/div><\/div>\n<\/article>\n<article id=\"blog-1-post-19388\" class=\"fusion-post-grid post-19388 post type-post status-publish format-standard has-post-thumbnail hentry category-l-ems-taghna\">\n<div class=\"fusion-post-wrapper\" style=\"background-color:rgba(255,255,255,0);border:1px solid #ebeaea;border-bottom-width:3px;\">\n\n\t\t\t<div class=\"fusion-flexslider flexslider fusion-flexslider-loading fusion-post-slideshow\" style=\"border-color:#ebeaea;\">\n\t\t<ul class=\"slides\">\n\t\t\t\n\t\t\t\t\t\t\t\t\t\t\t\t\t\t<li><div  class=\"fusion-image-wrapper\" aria-haspopup=\"true\">\n\t\t\t\t\t\t\t<a href=\"https:\/\/www.enemalta.com.mt\/mt\/2015\/05\/28\/informazzjoni-dwar-il-comah\/\" aria-label=\"Informazzjoni dwar il-COMAH\">\n\t\t\t\t\t\t\t<img decoding=\"async\" width=\"2560\" height=\"821\" src=\"\/wp-content\/uploads\/2021\/05\/Country_view.jpg\" class=\"attachment-full size-full wp-post-image\" alt=\"\" \/>\t\t\t<\/a>\n\t\t\t\t\t\t\t<\/div>\n<\/li>\n\t\t\t\n\t\t\t\n\t\t\t\t\t\t\t\t\t\t\t\t\t\t\t\t\t\t\t\t\t\t\t\t\t\t\t\t\t\t\t\t\t\t\t\t\t\t\t\t\t\t\t\t\t\t\t\t\t\t\t\t\t\t\t\t\t\t\t\t\t\t\t\t\t\t\t\t<\/ul>\n\t<\/div>\n\t<div class=\"fusion-post-content-wrapper\" style=\"padding:30px 25px 25px 25px;\"><div class=\"fusion-post-content post-content\"><h2 class=\"blog-shortcode-post-title entry-title\"><a href=\"https:\/\/www.enemalta.com.mt\/mt\/2015\/05\/28\/informazzjoni-dwar-il-comah\/\">Informazzjoni dwar il-COMAH<\/a><\/h2><\/div><\/div><div class=\"fusion-clearfix\"><\/div><\/div>\n<\/article>\n<div class=\"fusion-clearfix\"><\/div><\/div><\/div><div class=\"fusion-clearfix\"><\/div><\/div><\/div><\/div><\/div>\n","protected":false},"excerpt":{"rendered":"","protected":false},"author":3,"featured_media":0,"parent":0,"menu_order":0,"comment_status":"closed","ping_status":"closed","template":"","meta":{"_monsterinsights_skip_tracking":false,"_monsterinsights_sitenote_active":false,"_monsterinsights_sitenote_note":"","_monsterinsights_sitenote_category":0,"ngg_post_thumbnail":0,"footnotes":""},"class_list":["post-18405","page","type-page","status-publish","hentry"],"yoast_head":"<!-- This site is optimized with the Yoast SEO plugin v26.7 - https:\/\/yoast.com\/wordpress\/plugins\/seo\/ -->\n<title>L-impenn tag\u0127na favur l-ambjent - Enemalta<\/title>\n<meta name=\"robots\" content=\"index, follow, max-snippet:-1, max-image-preview:large, max-video-preview:-1\" \/>\n<link rel=\"canonical\" href=\"https:\/\/www.enemalta.com.mt\/mt\/l-impenn-taghna-favur-l-ambjent-2\/\" \/>\n<meta property=\"og:locale\" content=\"mt_MT\" \/>\n<meta property=\"og:type\" content=\"article\" \/>\n<meta property=\"og:title\" content=\"L-impenn tag\u0127na favur l-ambjent - Enemalta\" \/>\n<meta property=\"og:url\" content=\"https:\/\/www.enemalta.com.mt\/mt\/l-impenn-taghna-favur-l-ambjent-2\/\" \/>\n<meta property=\"og:site_name\" content=\"Enemalta\" \/>\n<meta property=\"article:modified_time\" content=\"2023-08-28T10:42:53+00:00\" \/>\n<meta name=\"twitter:card\" content=\"summary_large_image\" \/>\n<meta name=\"twitter:label1\" content=\"Est. reading time\" \/>\n\t<meta name=\"twitter:data1\" content=\"3 minutes\" \/>\n<script type=\"application\/ld+json\" class=\"yoast-schema-graph\">{\"@context\":\"https:\/\/schema.org\",\"@graph\":[{\"@type\":\"WebPage\",\"@id\":\"https:\/\/www.enemalta.com.mt\/mt\/l-impenn-taghna-favur-l-ambjent-2\/\",\"url\":\"https:\/\/www.enemalta.com.mt\/mt\/l-impenn-taghna-favur-l-ambjent-2\/\",\"name\":\"L-impenn tag\u0127na favur l-ambjent - Enemalta\",\"isPartOf\":{\"@id\":\"https:\/\/www.enemalta.com.mt\/#website\"},\"datePublished\":\"2020-03-03T10:46:39+00:00\",\"dateModified\":\"2023-08-28T10:42:53+00:00\",\"breadcrumb\":{\"@id\":\"https:\/\/www.enemalta.com.mt\/mt\/l-impenn-taghna-favur-l-ambjent-2\/#breadcrumb\"},\"inLanguage\":\"mt-MT\",\"potentialAction\":[{\"@type\":\"ReadAction\",\"target\":[\"https:\/\/www.enemalta.com.mt\/mt\/l-impenn-taghna-favur-l-ambjent-2\/\"]}]},{\"@type\":\"BreadcrumbList\",\"@id\":\"https:\/\/www.enemalta.com.mt\/mt\/l-impenn-taghna-favur-l-ambjent-2\/#breadcrumb\",\"itemListElement\":[{\"@type\":\"ListItem\",\"position\":1,\"name\":\"Home\",\"item\":\"https:\/\/enemalta.com.mt\/mt\/\"},{\"@type\":\"ListItem\",\"position\":2,\"name\":\"L-impenn tag\u0127na favur l-ambjent\"}]},{\"@type\":\"WebSite\",\"@id\":\"https:\/\/www.enemalta.com.mt\/#website\",\"url\":\"https:\/\/www.enemalta.com.mt\/\",\"name\":\"Enemalta\",\"description\":\"\",\"potentialAction\":[{\"@type\":\"SearchAction\",\"target\":{\"@type\":\"EntryPoint\",\"urlTemplate\":\"https:\/\/www.enemalta.com.mt\/?s={search_term_string}\"},\"query-input\":{\"@type\":\"PropertyValueSpecification\",\"valueRequired\":true,\"valueName\":\"search_term_string\"}}],\"inLanguage\":\"mt-MT\"}]}<\/script>\n<!-- \/ Yoast SEO plugin. -->","yoast_head_json":{"title":"L-impenn tag\u0127na favur l-ambjent - Enemalta","robots":{"index":"index","follow":"follow","max-snippet":"max-snippet:-1","max-image-preview":"max-image-preview:large","max-video-preview":"max-video-preview:-1"},"canonical":"https:\/\/www.enemalta.com.mt\/mt\/l-impenn-taghna-favur-l-ambjent-2\/","og_locale":"mt_MT","og_type":"article","og_title":"L-impenn tag\u0127na favur l-ambjent - Enemalta","og_url":"https:\/\/www.enemalta.com.mt\/mt\/l-impenn-taghna-favur-l-ambjent-2\/","og_site_name":"Enemalta","article_modified_time":"2023-08-28T10:42:53+00:00","twitter_card":"summary_large_image","twitter_misc":{"Est. reading time":"3 minutes"},"schema":{"@context":"https:\/\/schema.org","@graph":[{"@type":"WebPage","@id":"https:\/\/www.enemalta.com.mt\/mt\/l-impenn-taghna-favur-l-ambjent-2\/","url":"https:\/\/www.enemalta.com.mt\/mt\/l-impenn-taghna-favur-l-ambjent-2\/","name":"L-impenn tag\u0127na favur l-ambjent - Enemalta","isPartOf":{"@id":"https:\/\/www.enemalta.com.mt\/#website"},"datePublished":"2020-03-03T10:46:39+00:00","dateModified":"2023-08-28T10:42:53+00:00","breadcrumb":{"@id":"https:\/\/www.enemalta.com.mt\/mt\/l-impenn-taghna-favur-l-ambjent-2\/#breadcrumb"},"inLanguage":"mt-MT","potentialAction":[{"@type":"ReadAction","target":["https:\/\/www.enemalta.com.mt\/mt\/l-impenn-taghna-favur-l-ambjent-2\/"]}]},{"@type":"BreadcrumbList","@id":"https:\/\/www.enemalta.com.mt\/mt\/l-impenn-taghna-favur-l-ambjent-2\/#breadcrumb","itemListElement":[{"@type":"ListItem","position":1,"name":"Home","item":"https:\/\/enemalta.com.mt\/mt\/"},{"@type":"ListItem","position":2,"name":"L-impenn tag\u0127na favur l-ambjent"}]},{"@type":"WebSite","@id":"https:\/\/www.enemalta.com.mt\/#website","url":"https:\/\/www.enemalta.com.mt\/","name":"Enemalta","description":"","potentialAction":[{"@type":"SearchAction","target":{"@type":"EntryPoint","urlTemplate":"https:\/\/www.enemalta.com.mt\/?s={search_term_string}"},"query-input":{"@type":"PropertyValueSpecification","valueRequired":true,"valueName":"search_term_string"}}],"inLanguage":"mt-MT"}]}},"_links":{"self":[{"href":"https:\/\/www.enemalta.com.mt\/mt\/wp-json\/wp\/v2\/pages\/18405","targetHints":{"allow":["GET"]}}],"collection":[{"href":"https:\/\/www.enemalta.com.mt\/mt\/wp-json\/wp\/v2\/pages"}],"about":[{"href":"https:\/\/www.enemalta.com.mt\/mt\/wp-json\/wp\/v2\/types\/page"}],"author":[{"embeddable":true,"href":"https:\/\/www.enemalta.com.mt\/mt\/wp-json\/wp\/v2\/users\/3"}],"replies":[{"embeddable":true,"href":"https:\/\/www.enemalta.com.mt\/mt\/wp-json\/wp\/v2\/comments?post=18405"}],"version-history":[{"count":4,"href":"https:\/\/www.enemalta.com.mt\/mt\/wp-json\/wp\/v2\/pages\/18405\/revisions"}],"predecessor-version":[{"id":23078,"href":"https:\/\/www.enemalta.com.mt\/mt\/wp-json\/wp\/v2\/pages\/18405\/revisions\/23078"}],"wp:attachment":[{"href":"https:\/\/www.enemalta.com.mt\/mt\/wp-json\/wp\/v2\/media?parent=18405"}],"curies":[{"name":"wp","href":"https:\/\/api.w.org\/{rel}","templated":true}]}}