{"id":18377,"date":"2020-02-28T15:03:43","date_gmt":"2020-02-28T14:03:43","guid":{"rendered":"https:\/\/www.enemalta.com.mt\/?page_id=18377"},"modified":"2022-03-01T10:55:04","modified_gmt":"2022-03-01T09:55:04","slug":"tahlita-ta-sorsi-ta-l-energja-fornuta-minn-enemalta-plc-fl-2018","status":"publish","type":"page","link":"https:\/\/www.enemalta.com.mt\/mt\/tahlita-ta-sorsi-ta-l-energja-fornuta-minn-enemalta-plc-fl-2018\/","title":{"rendered":"Ta\u0127lita ta\u2019 sorsi ta\u2019 l-ener\u0121ja fornuta minn Enemalta plc. fl- 2018"},"content":{"rendered":"<div class=\"fusion-fullwidth fullwidth-box fusion-builder-row-1 nonhundred-percent-fullwidth non-hundred-percent-height-scrolling\" style=\"--awb-border-radius-top-left:0px;--awb-border-radius-top-right:0px;--awb-border-radius-bottom-right:0px;--awb-border-radius-bottom-left:0px;--awb-flex-wrap:wrap;\" ><div class=\"fusion-builder-row fusion-row\"><div class=\"fusion-layout-column fusion_builder_column fusion-builder-column-0 fusion_builder_column_1_1 1_1 fusion-one-full fusion-column-first fusion-column-last\" style=\"--awb-bg-size:cover;--awb-margin-bottom:0px;\"><div class=\"fusion-column-wrapper fusion-flex-column-wrapper-legacy\"><div class=\"fusion-text fusion-text-1\"><h4 style=\"text-align: center; font-size: 33px; line-height: 50px;\">Ta\u0127lita ta\u2019 sorsi ta\u2019 l-ener\u0121ja fornuta minn Enemalta plc. fl-2018<\/h4>\n<\/div><div class=\"fusion-text fusion-text-2\" style=\"--awb-text-transform:none;\"><p>Il-\u2018Fuel Mix\u2019 hija t-ta\u0127lita ta\u2019 fjuwils jew sorsi ta\u2019 ener\u0121ija differenti li Enemalta plc. tu\u017ca biex tipprovdi l-elettriku lill-klijenti tag\u0127ha. It-ta\u0127lita tal-fjuwil g\u0127all-ener\u0121ija distribwita minn Enemalta plc. lill-klijenti Maltin g\u0127as-sena 2018, skont ir-regolament 8(6)(a) tar-regolamenti tas-suq tal-elettriku (S.L. 545.13), tidher fir-rappre\u017centazzjoni grafika u fit-tabella t&#8217;hawn ta\u0127t. Inklu\u017c f\u2019din it-tabella hemm ukoll \u2018CO2 emission factor\u2019 li jikkorrispondi ma\u2019 din it-ta\u0127lita tal-fjuwil, skont ir-regolament 8(6)(b) tar-regolamenti tas-suq tal-elettriku (S.L.545.13). G\u0127al aktar informazzjoni dwar l-impatt ambjentali tal-provvista tal-elettriku tieg\u0127ek, jekk jog\u0127\u0121bok \u017cur is-sit www.enemalta.com.mt jew \u010bempel fuq 80002224. Enemalta plc. tag\u0127mel mill-a\u0127jar biex i\u017c\u017comm ta\u0127lita sigura ta&#8217; sorsi tal-ener\u0121ija biex ti\u017cgura forniment affidabbli tas-servizz tal-elettriku, filwaqt li tissodisfa l-limiti tal-emissjonijiet stabbiliti mill-Unjoni Ewropea.<\/p>\n<p><img decoding=\"async\" class=\"aligncenter size-full wp-image-18379\" src=\"https:\/\/www.enemalta.com.mt\/wp-content\/uploads\/2020\/02\/Fuel_Mix_M.jpg\" alt=\"\" width=\"775\" height=\"403\" srcset=\"\/wp-content\/uploads\/2020\/02\/Fuel_Mix_M-200x104.jpg 200w, \/wp-content\/uploads\/2020\/02\/Fuel_Mix_M-300x156.jpg 300w, \/wp-content\/uploads\/2020\/02\/Fuel_Mix_M-400x208.jpg 400w, \/wp-content\/uploads\/2020\/02\/Fuel_Mix_M-600x312.jpg 600w, \/wp-content\/uploads\/2020\/02\/Fuel_Mix_M-768x399.jpg 768w, \/wp-content\/uploads\/2020\/02\/Fuel_Mix_M.jpg 775w\" sizes=\"(max-width: 775px) 100vw, 775px\" \/><\/p>\n<p>&nbsp;<\/p>\n<table width=\"661\">\n<tbody>\n<tr>\n<td colspan=\"3\" rowspan=\"2\" width=\"660\"><strong><em>Ta\u0127lita ta\u2019 fjuwil g\u0127all-ener\u0121ija distribwita minn Enemalta plc. lill-konsumaturi tag\u0127ha skont ir-regolament 8(6)(a) tar-regolamenti tas-suq tal-elettriku (S.L. 545.13)<\/em><\/strong><\/td>\n<td width=\"1\">&nbsp;<\/td>\n<\/tr>\n<tr>\n<td width=\"1\">&nbsp;<\/td>\n<\/tr>\n<tr>\n<td width=\"226\"><strong>Primary sources:<\/strong><\/td>\n<td width=\"219\"><strong>2017<\/strong><\/td>\n<td width=\"216\"><strong>2018<\/strong><\/td>\n<td width=\"1\">&nbsp;<\/td>\n<\/tr>\n<tr>\n<td width=\"226\">\u25aa&nbsp; Gass Naturali<\/td>\n<td width=\"219\">51.3%<\/td>\n<td width=\"216\">67.5%<\/td>\n<td width=\"1\">&nbsp;<\/td>\n<\/tr>\n<tr>\n<td width=\"226\">\u25aa&nbsp; Sorsi rinovabbli<\/td>\n<td width=\"219\">5.3%<\/td>\n<td width=\"216\">7.1%<\/td>\n<td width=\"1\">&nbsp;<\/td>\n<\/tr>\n<tr>\n<td width=\"226\">\u25aa&nbsp; Prodotti petroliferi<\/td>\n<td width=\"219\">7.1%<\/td>\n<td width=\"216\">0.4%<\/td>\n<td width=\"1\">&nbsp;<\/td>\n<\/tr>\n<tr>\n<td width=\"226\">\u25aa&nbsp; Interconnector*<\/td>\n<td width=\"219\">36.3%<\/td>\n<td width=\"216\">25.0%<\/td>\n<td width=\"1\">&nbsp;<\/td>\n<\/tr>\n<tr>\n<td colspan=\"3\" width=\"660\">&nbsp;<\/td>\n<td width=\"1\">&nbsp;<\/td>\n<\/tr>\n<tr>\n<td colspan=\"3\" rowspan=\"2\" width=\"660\">Ta\u0127lita ta\u2019 fjuwil g\u0127all-ener\u0121ija distribwita minn Enemalta plc. lil-konsumaturi taghha skont ir-regolament 8(6)(b) tar-regolamenti tas-suq tal-elettriku (S.L. 545.13)<\/td>\n<td width=\"1\">&nbsp;<\/td>\n<\/tr>\n<tr>\n<td width=\"1\">&nbsp;<\/td>\n<\/tr>\n<tr>\n<td width=\"226\">&nbsp;<\/td>\n<td width=\"219\"><strong>2017<\/strong><\/td>\n<td width=\"216\"><strong>2018<\/strong><\/td>\n<td width=\"1\">&nbsp;<\/td>\n<\/tr>\n<tr>\n<td width=\"226\">\u25aa Emmisjonijiet ta&#8217; CO<sub>2<\/sub>&nbsp;<\/td>\n<td width=\"219\">443 g\/kWh<\/td>\n<td width=\"216\">383 g\/kWh**<\/td>\n<td width=\"1\">&nbsp;<\/td>\n<\/tr>\n<tr>\n<td colspan=\"3\" width=\"660\"><em>G\u0127al aktar informazzjoni fuq l-impatt ambjentali ta\u2019 l-elettriku fornut <\/em>jekk jog\u0127\u0121bok \u017cur is-sit <a href=\"http:\/\/www.enemalta.com.mt\">www.enemalta.com.mt<\/a> jew \u010bempel fuq 80002224<\/td>\n<td width=\"1\">&nbsp;<\/td>\n<\/tr>\n<tr>\n<td colspan=\"3\" width=\"660\">&nbsp;<\/td>\n<td width=\"1\">&nbsp;<\/td>\n<\/tr>\n<tr>\n<td width=\"226\"><strong>*Interconnector &nbsp;&nbsp;&nbsp;&nbsp;&nbsp;&nbsp;&nbsp;&nbsp;&nbsp;&nbsp;&nbsp;&nbsp;&nbsp;&nbsp;&nbsp;&nbsp;&nbsp;&nbsp;&nbsp;&nbsp;&nbsp;&nbsp;&nbsp;&nbsp;&nbsp;&nbsp;&nbsp;&nbsp;&nbsp;&nbsp;&nbsp;&nbsp;&nbsp;&nbsp;&nbsp;&nbsp;&nbsp;&nbsp;&nbsp;&nbsp;&nbsp;&nbsp;&nbsp;&nbsp;&nbsp;&nbsp;&nbsp;&nbsp;&nbsp;&nbsp;&nbsp;&nbsp;&nbsp;&nbsp;&nbsp;&nbsp;&nbsp;&nbsp;&nbsp;sources:<\/strong><\/td>\n<td width=\"219\"><strong>2017<\/strong><\/td>\n<td width=\"216\"><strong>2018<\/strong><\/td>\n<td width=\"1\">&nbsp;<\/td>\n<\/tr>\n<tr>\n<td width=\"226\">\u25aa&nbsp; Gass Naturali<\/td>\n<td width=\"219\">66.1%<\/td>\n<td width=\"216\">64.3%<\/td>\n<td width=\"1\">&nbsp;<\/td>\n<\/tr>\n<tr>\n<td width=\"226\">\u25aa&nbsp; Sorsi rinovabbli<\/td>\n<td width=\"219\">2.2%<\/td>\n<td width=\"216\">4.0%<\/td>\n<td width=\"1\">&nbsp;<\/td>\n<\/tr>\n<tr>\n<td width=\"226\">\u25aa&nbsp; Fa\u0127am<\/td>\n<td width=\"219\">20.9%<\/td>\n<td width=\"216\">20.0%<\/td>\n<td width=\"1\">&nbsp;<\/td>\n<\/tr>\n<tr>\n<td width=\"226\">\u25aa Prodotti petroliferi<\/td>\n<td width=\"219\">1.1%<\/td>\n<td width=\"216\">0.9%<\/td>\n<td width=\"1\">&nbsp;<\/td>\n<\/tr>\n<tr>\n<td width=\"226\">\u25aa Ener\u0121ija nukleari<\/td>\n<td width=\"219\">5.2%<\/td>\n<td width=\"216\">5.9%<\/td>\n<td width=\"1\">&nbsp;<\/td>\n<\/tr>\n<tr>\n<td width=\"226\">\u25aa Sorsi o\u0127rajn<\/td>\n<td width=\"219\">4.5%<\/td>\n<td width=\"216\">4.9%<\/td>\n<td width=\"1\">&nbsp;<\/td>\n<\/tr>\n<\/tbody>\n<\/table>\n<p>&nbsp;<\/p>\n<\/div><div class=\"fusion-clearfix\"><\/div><\/div><\/div><\/div><\/div>\n","protected":false},"excerpt":{"rendered":"","protected":false},"author":3,"featured_media":18354,"parent":0,"menu_order":0,"comment_status":"closed","ping_status":"closed","template":"","meta":{"_monsterinsights_skip_tracking":false,"_monsterinsights_sitenote_active":false,"_monsterinsights_sitenote_note":"","_monsterinsights_sitenote_category":0,"ngg_post_thumbnail":0,"footnotes":""},"class_list":["post-18377","page","type-page","status-publish","has-post-thumbnail","hentry"],"yoast_head":"<!-- This site is optimized with the Yoast SEO plugin v26.7 - https:\/\/yoast.com\/wordpress\/plugins\/seo\/ -->\n<title>Ta\u0127lita ta\u2019 sorsi ta\u2019 l-ener\u0121ja fornuta minn Enemalta plc. fl- 2018 - Enemalta<\/title>\n<meta name=\"robots\" content=\"index, follow, max-snippet:-1, max-image-preview:large, max-video-preview:-1\" \/>\n<link rel=\"canonical\" href=\"https:\/\/enemalta.com.mt\/?page_id=18310\" \/>\n<meta property=\"og:locale\" content=\"mt_MT\" \/>\n<meta property=\"og:type\" content=\"article\" \/>\n<meta property=\"og:title\" content=\"Ta\u0127lita ta\u2019 sorsi ta\u2019 l-ener\u0121ja fornuta minn Enemalta plc. fl- 2018 - Enemalta\" \/>\n<meta property=\"og:url\" content=\"https:\/\/enemalta.com.mt\/?page_id=18310\" \/>\n<meta property=\"og:site_name\" content=\"Enemalta\" \/>\n<meta property=\"article:modified_time\" content=\"2022-03-01T09:55:04+00:00\" \/>\n<meta property=\"og:image\" content=\"https:\/\/www.enemalta.com.mt\/wp-content\/uploads\/2020\/02\/mgarrharobour_2.jpg\" \/>\n\t<meta property=\"og:image:width\" content=\"4608\" \/>\n\t<meta property=\"og:image:height\" content=\"1478\" \/>\n\t<meta property=\"og:image:type\" content=\"image\/jpeg\" \/>\n<meta name=\"twitter:card\" content=\"summary_large_image\" \/>\n<meta name=\"twitter:label1\" content=\"Est. reading time\" \/>\n\t<meta name=\"twitter:data1\" content=\"3 minutes\" \/>\n<script type=\"application\/ld+json\" class=\"yoast-schema-graph\">{\"@context\":\"https:\/\/schema.org\",\"@graph\":[{\"@type\":\"WebPage\",\"@id\":\"https:\/\/enemalta.com.mt\/?page_id=18310\",\"url\":\"https:\/\/enemalta.com.mt\/?page_id=18310\",\"name\":\"Ta\u0127lita ta\u2019 sorsi ta\u2019 l-ener\u0121ja fornuta minn Enemalta plc. fl- 2018 - Enemalta\",\"isPartOf\":{\"@id\":\"https:\/\/www.enemalta.com.mt\/mt\/#website\"},\"primaryImageOfPage\":{\"@id\":\"https:\/\/enemalta.com.mt\/?page_id=18310#primaryimage\"},\"image\":{\"@id\":\"https:\/\/enemalta.com.mt\/?page_id=18310#primaryimage\"},\"thumbnailUrl\":\"\/wp-content\/uploads\/2020\/02\/mgarrharobour_2.jpg\",\"datePublished\":\"2020-02-28T14:03:43+00:00\",\"dateModified\":\"2022-03-01T09:55:04+00:00\",\"breadcrumb\":{\"@id\":\"https:\/\/enemalta.com.mt\/?page_id=18310#breadcrumb\"},\"inLanguage\":\"mt-MT\",\"potentialAction\":[{\"@type\":\"ReadAction\",\"target\":[\"https:\/\/enemalta.com.mt\/?page_id=18310\"]}]},{\"@type\":\"ImageObject\",\"inLanguage\":\"mt-MT\",\"@id\":\"https:\/\/enemalta.com.mt\/?page_id=18310#primaryimage\",\"url\":\"\/wp-content\/uploads\/2020\/02\/mgarrharobour_2.jpg\",\"contentUrl\":\"\/wp-content\/uploads\/2020\/02\/mgarrharobour_2.jpg\",\"width\":4608,\"height\":1478},{\"@type\":\"BreadcrumbList\",\"@id\":\"https:\/\/enemalta.com.mt\/?page_id=18310#breadcrumb\",\"itemListElement\":[{\"@type\":\"ListItem\",\"position\":1,\"name\":\"Home\",\"item\":\"https:\/\/www.enemalta.com.mt\/mt\/\"},{\"@type\":\"ListItem\",\"position\":2,\"name\":\"Ta\u0127lita ta\u2019 sorsi ta\u2019 l-ener\u0121ja fornuta minn Enemalta plc. fl- 2018\"}]},{\"@type\":\"WebSite\",\"@id\":\"https:\/\/www.enemalta.com.mt\/mt\/#website\",\"url\":\"https:\/\/www.enemalta.com.mt\/mt\/\",\"name\":\"Enemalta\",\"description\":\"\",\"potentialAction\":[{\"@type\":\"SearchAction\",\"target\":{\"@type\":\"EntryPoint\",\"urlTemplate\":\"https:\/\/www.enemalta.com.mt\/mt\/?s={search_term_string}\"},\"query-input\":{\"@type\":\"PropertyValueSpecification\",\"valueRequired\":true,\"valueName\":\"search_term_string\"}}],\"inLanguage\":\"mt-MT\"}]}<\/script>\n<!-- \/ Yoast SEO plugin. -->","yoast_head_json":{"title":"Ta\u0127lita ta\u2019 sorsi ta\u2019 l-ener\u0121ja fornuta minn Enemalta plc. fl- 2018 - Enemalta","robots":{"index":"index","follow":"follow","max-snippet":"max-snippet:-1","max-image-preview":"max-image-preview:large","max-video-preview":"max-video-preview:-1"},"canonical":"https:\/\/enemalta.com.mt\/?page_id=18310","og_locale":"mt_MT","og_type":"article","og_title":"Ta\u0127lita ta\u2019 sorsi ta\u2019 l-ener\u0121ja fornuta minn Enemalta plc. fl- 2018 - Enemalta","og_url":"https:\/\/enemalta.com.mt\/?page_id=18310","og_site_name":"Enemalta","article_modified_time":"2022-03-01T09:55:04+00:00","og_image":[{"width":4608,"height":1478,"url":"https:\/\/www.enemalta.com.mt\/wp-content\/uploads\/2020\/02\/mgarrharobour_2.jpg","type":"image\/jpeg"}],"twitter_card":"summary_large_image","twitter_misc":{"Est. reading time":"3 minutes"},"schema":{"@context":"https:\/\/schema.org","@graph":[{"@type":"WebPage","@id":"https:\/\/enemalta.com.mt\/?page_id=18310","url":"https:\/\/enemalta.com.mt\/?page_id=18310","name":"Ta\u0127lita ta\u2019 sorsi ta\u2019 l-ener\u0121ja fornuta minn Enemalta plc. fl- 2018 - Enemalta","isPartOf":{"@id":"https:\/\/www.enemalta.com.mt\/mt\/#website"},"primaryImageOfPage":{"@id":"https:\/\/enemalta.com.mt\/?page_id=18310#primaryimage"},"image":{"@id":"https:\/\/enemalta.com.mt\/?page_id=18310#primaryimage"},"thumbnailUrl":"\/wp-content\/uploads\/2020\/02\/mgarrharobour_2.jpg","datePublished":"2020-02-28T14:03:43+00:00","dateModified":"2022-03-01T09:55:04+00:00","breadcrumb":{"@id":"https:\/\/enemalta.com.mt\/?page_id=18310#breadcrumb"},"inLanguage":"mt-MT","potentialAction":[{"@type":"ReadAction","target":["https:\/\/enemalta.com.mt\/?page_id=18310"]}]},{"@type":"ImageObject","inLanguage":"mt-MT","@id":"https:\/\/enemalta.com.mt\/?page_id=18310#primaryimage","url":"\/wp-content\/uploads\/2020\/02\/mgarrharobour_2.jpg","contentUrl":"\/wp-content\/uploads\/2020\/02\/mgarrharobour_2.jpg","width":4608,"height":1478},{"@type":"BreadcrumbList","@id":"https:\/\/enemalta.com.mt\/?page_id=18310#breadcrumb","itemListElement":[{"@type":"ListItem","position":1,"name":"Home","item":"https:\/\/www.enemalta.com.mt\/mt\/"},{"@type":"ListItem","position":2,"name":"Ta\u0127lita ta\u2019 sorsi ta\u2019 l-ener\u0121ja fornuta minn Enemalta plc. fl- 2018"}]},{"@type":"WebSite","@id":"https:\/\/www.enemalta.com.mt\/mt\/#website","url":"https:\/\/www.enemalta.com.mt\/mt\/","name":"Enemalta","description":"","potentialAction":[{"@type":"SearchAction","target":{"@type":"EntryPoint","urlTemplate":"https:\/\/www.enemalta.com.mt\/mt\/?s={search_term_string}"},"query-input":{"@type":"PropertyValueSpecification","valueRequired":true,"valueName":"search_term_string"}}],"inLanguage":"mt-MT"}]}},"_links":{"self":[{"href":"https:\/\/www.enemalta.com.mt\/mt\/wp-json\/wp\/v2\/pages\/18377","targetHints":{"allow":["GET"]}}],"collection":[{"href":"https:\/\/www.enemalta.com.mt\/mt\/wp-json\/wp\/v2\/pages"}],"about":[{"href":"https:\/\/www.enemalta.com.mt\/mt\/wp-json\/wp\/v2\/types\/page"}],"author":[{"embeddable":true,"href":"https:\/\/www.enemalta.com.mt\/mt\/wp-json\/wp\/v2\/users\/3"}],"replies":[{"embeddable":true,"href":"https:\/\/www.enemalta.com.mt\/mt\/wp-json\/wp\/v2\/comments?post=18377"}],"version-history":[{"count":5,"href":"https:\/\/www.enemalta.com.mt\/mt\/wp-json\/wp\/v2\/pages\/18377\/revisions"}],"predecessor-version":[{"id":20386,"href":"https:\/\/www.enemalta.com.mt\/mt\/wp-json\/wp\/v2\/pages\/18377\/revisions\/20386"}],"wp:featuredmedia":[{"embeddable":true,"href":"https:\/\/www.enemalta.com.mt\/mt\/wp-json\/wp\/v2\/media\/18354"}],"wp:attachment":[{"href":"https:\/\/www.enemalta.com.mt\/mt\/wp-json\/wp\/v2\/media?parent=18377"}],"curies":[{"name":"wp","href":"https:\/\/api.w.org\/{rel}","templated":true}]}}