{"id":17186,"date":"2018-11-28T14:49:13","date_gmt":"2018-11-28T13:49:13","guid":{"rendered":"https:\/\/www.enemalta.com.mt\/servizzi-fi-proprjeta-non-residenzjali\/"},"modified":"2018-11-29T10:12:16","modified_gmt":"2018-11-29T09:12:16","slug":"servizzi-fi-proprjeta-non-residenzjali","status":"publish","type":"page","link":"https:\/\/www.enemalta.com.mt\/mt\/servizzi-fi-proprjeta-non-residenzjali\/","title":{"rendered":"Servizzi fi proprjeta&#8217; non residenzjali"},"content":{"rendered":"<div class=\"fusion-fullwidth fullwidth-box fusion-builder-row-1 nonhundred-percent-fullwidth non-hundred-percent-height-scrolling\" style=\"--awb-border-radius-top-left:0px;--awb-border-radius-top-right:0px;--awb-border-radius-bottom-right:0px;--awb-border-radius-bottom-left:0px;--awb-flex-wrap:wrap;\" ><div class=\"fusion-builder-row fusion-row\"><div class=\"fusion-layout-column fusion_builder_column fusion-builder-column-0 fusion_builder_column_1_1 1_1 fusion-one-full fusion-column-first fusion-column-last\" style=\"--awb-bg-size:cover;--awb-margin-bottom:0px;\"><div class=\"fusion-column-wrapper fusion-flex-column-wrapper-legacy\"><div class=\"fusion-text fusion-text-1\"><h4 style=\"text-align: center; font-size: 33px; line-height: 50px;\">Servizzi fi proprjeta&#8217; non residenzjali<\/h4>\n<\/div><div class=\"fusion-text fusion-text-2\"><div><span style=\"color: #a0cf4f;\"><b><strong>Il-\u0127las annwali tas-servizz fi proprjeta&nbsp;mhux residenzjali<\/strong><\/b><\/span><b><span style=\"color: #a0cf4f;\">&nbsp;<\/span><br \/>\n<\/b>(VAT esklu\u017ca)<\/div>\n<table style=\"height: 12px;\" border=\"1\" width=\"100\">\n<tbody>\n<tr>\n<th>&nbsp;<\/th>\n<th style=\"text-align: center;\"><strong>Rate&nbsp;<b>(\u20ac)<\/b><\/strong><\/th>\n<\/tr>\n<tr>\n<td>Servizz b\u2019Fa\u017ci Wa\u0127da (<em>Single Phase<\/em>)<\/td>\n<td style=\"text-align: center;\">120<\/td>\n<\/tr>\n<tr>\n<td>Servizz bi Tliet Fa\u017cijiet (<em>Triple Phase<\/em>)<\/td>\n<td style=\"text-align: center;\">360<\/td>\n<\/tr>\n<\/tbody>\n<\/table>\n<p><strong><span style=\"color: #a0cf4f;\"><br \/>\nIr-rati tat-tariffi tal-konsum f\u2019kW fis-sieg\u0127a tas-servizz fi proprjet\u00e0 mhux&nbsp;residenzjali&nbsp;<br \/>\n<\/span><\/strong>(VAT esklu\u017ca)&nbsp;&nbsp;<\/p>\n<table border=\"1\" width=\"100\">\n<tbody>\n<tr>\n<th><strong>Livell&nbsp;<\/strong><\/th>\n<th><strong>Konsum kumulattiv (kW fis-sieg\u0127a)<\/strong><\/th>\n<th><strong>Rata&nbsp;<b>(\u20ac)<\/b><\/strong><\/th>\n<\/tr>\n<tr>\n<td>1<\/td>\n<td>0 &#8211; 2,000<\/td>\n<td>&nbsp;0.1215<\/td>\n<\/tr>\n<tr>\n<td>2&nbsp;&nbsp;<\/td>\n<td>\n<form id=\"aspnetForm\" action=\"index.aspx?cat=2&amp;art=261&amp;art1=264\" method=\"post\" name=\"aspnetForm\">\n<div id=\"contentHolder\">\n<div id=\"content\">\n<div id=\"contentInner\">\n<div id=\"contentBody\">\n<div id=\"contentBodyInner\">\n<div class=\"bodyBox\">2,001 &#8211; 6,000<\/div>\n<\/div>\n<\/div>\n<\/div>\n<\/div>\n<\/div>\n<\/form>\n<\/td>\n<td>&nbsp;0.1275<\/td>\n<\/tr>\n<tr>\n<td>3<\/td>\n<td>\n<div>\n<div>\n<div>\n<div>\n<div>\n<div class=\"bodyBox\">6,001 &#8211; 10,000<\/div>\n<\/div>\n<\/div>\n<\/div>\n<\/div>\n<\/div>\n<\/td>\n<td>0.1373<\/td>\n<\/tr>\n<tr>\n<td>4<\/td>\n<td>10,001 &#8211; 20,000<\/td>\n<td>0.1485<\/td>\n<\/tr>\n<tr>\n<td>5<\/td>\n<td>20,001 &#8211; 60,000<\/td>\n<td>0.1613<\/td>\n<\/tr>\n<tr>\n<td>6<\/td>\n<td>60,001 &#8211; 100,000<\/td>\n<td>0.1500<\/td>\n<\/tr>\n<tr>\n<td>7<\/td>\n<td>100,001 &#8211; 1,000,000<\/td>\n<td>0.1403<\/td>\n<\/tr>\n<tr>\n<td>8<\/td>\n<td>1,000,001 &#8211; 5,000,000<\/td>\n<td>0.1275<\/td>\n<\/tr>\n<tr>\n<td>9<\/td>\n<td>5,000,000&nbsp;u iktar<\/td>\n<td>0.1080<\/td>\n<\/tr>\n<\/tbody>\n<\/table>\n<p>&nbsp;<\/p>\n<p><span style=\"color: #a0cf4f;\"><strong>Ir-rati tat-tariffi tal-konsum tal-jum u tal-lejl f\u2019kW fis-sieg\u0127a tas-servizz fi proprjet\u00e0 mhux residenzjali<br \/>\n<\/strong><\/span>(VAT esklu\u017ca)<\/p>\n<p>Klijenti rre\u0121istrati fuq servizz fi proprjet\u00e0 mhux residenzjali b&#8217;konsum li jaqbe\u017c il-5,000,000 kW fis-sieg\u0127a, jistg\u0127u japplikaw ma\u2019 <strong>ARMS<\/strong> sabiex jir\u010bievu l-kontijiet bir-rati tal-jum u bir-rati tal-lejl f\u2019kW fis-sieg\u0127a skont it-tariffi li \u0121ejjin:<\/p>\n<table border=\"1\" width=\"100\">\n<tbody>\n<tr>\n<th><strong>Livell&nbsp;<\/strong><\/th>\n<th><strong>Konsum kumulattiv (kW fis-sieg\u0127a)<\/strong><\/th>\n<th><strong>Tariffa tal-jum&nbsp;(\u20ac)<\/strong><\/th>\n<th><strong>Tarrifa tal-lejl&nbsp;(\u20ac)<\/strong><\/th>\n<\/tr>\n<tr>\n<td>1<\/td>\n<td>0 &#8211; 2,000<\/td>\n<td>&nbsp;0.1230<\/td>\n<td>0.0953<\/td>\n<\/tr>\n<tr>\n<td>2&nbsp;&nbsp;<\/td>\n<td>\n<form id=\"aspnetForm\" action=\"index.aspx?cat=2&amp;art=261&amp;art1=264\" method=\"post\" name=\"aspnetForm\">\n<div id=\"contentHolder\">\n<div id=\"content\">\n<div id=\"contentInner\">\n<div id=\"contentBody\">\n<div id=\"contentBodyInner\">\n<div class=\"bodyBox\">2,001 &#8211; 6,000<\/div>\n<\/div>\n<\/div>\n<\/div>\n<\/div>\n<\/div>\n<\/form>\n<\/td>\n<td>&nbsp;0.1290<\/td>\n<td>0.1013<\/td>\n<\/tr>\n<tr>\n<td>3<\/td>\n<td>\n<div>\n<div>\n<div>\n<div>\n<div>\n<div class=\"bodyBox\">6,001 &#8211; 10,000<\/div>\n<\/div>\n<\/div>\n<\/div>\n<\/div>\n<\/div>\n<\/td>\n<td>0.1388<\/td>\n<td>0.1110<\/td>\n<\/tr>\n<tr>\n<td>4<\/td>\n<td>10,001 &#8211; 20,000<\/td>\n<td>0.1500<\/td>\n<td>0.1223<\/td>\n<\/tr>\n<tr>\n<td>5<\/td>\n<td>20,001 &#8211; 60,000<\/td>\n<td>0.1628<\/td>\n<td>0.1350<\/td>\n<\/tr>\n<tr>\n<td>6<\/td>\n<td>60,001 &#8211; 100,000<\/td>\n<td>0.1515<\/td>\n<td>0.1238<\/td>\n<\/tr>\n<tr>\n<td>7<\/td>\n<td>100,001 &#8211; 1,000,000<\/td>\n<td>0.1418<\/td>\n<td>0.1140<\/td>\n<\/tr>\n<tr>\n<td>8<\/td>\n<td>1,000,001 &#8211; 5,000,000<\/td>\n<td>0.1295<\/td>\n<td>0.1013<\/td>\n<\/tr>\n<tr>\n<td>9<\/td>\n<td>5,000,000&nbsp;u iktar<\/td>\n<td>0.1080<\/td>\n<td>0.0818<\/td>\n<\/tr>\n<\/tbody>\n<\/table>\n<p><strong><span style=\"color: #a0cf4f;\"><br \/>\nIr-rati tat-tariffi tal-konsum f\u2019kVA fis-sieg\u0127a fi proprjet\u00e0 mhux residenzjali<br \/>\n<\/span><\/strong>(VAT esklu\u017ca)<\/p>\n<p>Klijenti rre\u0121istrati fuq servizz fi proprjet\u00e0 mhux residenzjali li huma kklassifikati \u2018l fuq minn 100 Amperes (A) kull fa\u017ci, jistg\u0127u japplikaw sabiex jir\u010bievu l-kontijiet moqrija f&#8217;kVA fis-sieg\u0127a bir-rati li \u0121ejjin:<\/p>\n<table border=\"1\" width=\"100\">\n<tbody>\n<tr>\n<th><strong>Livell&nbsp;<\/strong><\/th>\n<th><strong>Konsum kumulattiv (kVA fis-sieg\u0127a)<\/strong><\/th>\n<th><strong>Tariffa tal-jum&nbsp;(\u20ac)<\/strong><\/th>\n<\/tr>\n<tr>\n<td>1<\/td>\n<td>0 &#8211; 2,000<\/td>\n<td>&nbsp;0.1118<\/td>\n<\/tr>\n<tr>\n<td>2&nbsp;&nbsp;<\/td>\n<td>\n<form id=\"aspnetForm\" action=\"index.aspx?cat=2&amp;art=261&amp;art1=264\" method=\"post\" name=\"aspnetForm\">\n<div id=\"contentHolder\">\n<div id=\"content\">\n<div id=\"contentInner\">\n<div id=\"contentBody\">\n<div id=\"contentBodyInner\">\n<div class=\"bodyBox\">2,001 &#8211; 6,000<\/div>\n<\/div>\n<\/div>\n<\/div>\n<\/div>\n<\/div>\n<\/form>\n<\/td>\n<td>&nbsp;0.1170<\/td>\n<\/tr>\n<tr>\n<td>3<\/td>\n<td>\n<div>\n<div>\n<div>\n<div>\n<div>\n<div class=\"bodyBox\">6,001 &#8211; 10,000<\/div>\n<\/div>\n<\/div>\n<\/div>\n<\/div>\n<\/div>\n<\/td>\n<td>0.1260<\/td>\n<\/tr>\n<tr>\n<td>4<\/td>\n<td>10,001 &#8211; 20,000<\/td>\n<td>0.1365<\/td>\n<\/tr>\n<tr>\n<td>5<\/td>\n<td>20,001 &#8211; 60,000<\/td>\n<td>0.1485<\/td>\n<\/tr>\n<tr>\n<td>6<\/td>\n<td>60,001 &#8211; 100,000<\/td>\n<td>0.1380<\/td>\n<\/tr>\n<tr>\n<td>7<\/td>\n<td>100,001 &#8211; 1,000,000<\/td>\n<td>0.1290<\/td>\n<\/tr>\n<tr>\n<td>8<\/td>\n<td>1,000,001 &#8211; 5,000,000<\/td>\n<td>0.1170<\/td>\n<\/tr>\n<tr>\n<td>9<\/td>\n<td>5,000,000&nbsp;u iktar<\/td>\n<td>0.0990<\/td>\n<\/tr>\n<\/tbody>\n<\/table>\n<p><strong><span style=\"color: #a0cf4f;\"><br \/>\nIr-rati tat-tariffi tal-konsum f\u2019kVA fis-sieg\u0127a kemm tal-jum u kif ukoll tal-lejl fi proprjet\u00e0 mhux residenzjali&nbsp;<br \/>\n<\/span><\/strong>(VAT esklu\u017ca)<\/p>\n<p>Klijenti rre\u0121istrati fuq servizz fi proprjet\u00e0 mhux residenzjali li huma klassifikati &nbsp;\u2018l fuq minn 100 Amperes (A) kull fa\u017ci u li g\u0127andhom konsum li jaqbe\u017c il-5,500,000 kVA fis-sieg\u0127a, jistg\u0127u japplikaw ma\u2019 ARMS sabiex jir\u010bievu l-kontijiet bir-rati tal-jum u tal-lejl f&#8217;kVA fis-sieg\u0127a skont it-tariffi li \u0121ejjin:<\/p>\n<table border=\"1\" width=\"100\">\n<tbody>\n<tr>\n<th><strong>Livell&nbsp;<\/strong><\/th>\n<th><strong>Konsum kumulattiv (kVA fis-sieg\u0127a )<\/strong><\/th>\n<th><strong>Tariffa&nbsp;tal-jum(\u20ac)<\/strong><\/th>\n<th><strong>Tariffa tal-lejl&nbsp;(\u20ac)<\/strong><\/th>\n<\/tr>\n<tr>\n<td>1<\/td>\n<td>0 &#8211; 2,000<\/td>\n<td>&nbsp;0.1133<\/td>\n<td>0.0855<\/td>\n<\/tr>\n<tr>\n<td>2&nbsp;&nbsp;<\/td>\n<td>\n<form id=\"aspnetForm\" action=\"index.aspx?cat=2&amp;art=261&amp;art1=264\" method=\"post\" name=\"aspnetForm\">\n<div id=\"contentHolder\">\n<div id=\"content\">\n<div id=\"contentInner\">\n<div id=\"contentBody\">\n<div id=\"contentBodyInner\">\n<div class=\"bodyBox\">2,001 &#8211; 6,000<\/div>\n<\/div>\n<\/div>\n<\/div>\n<\/div>\n<\/div>\n<\/form>\n<\/td>\n<td>&nbsp;0.11185<\/td>\n<td>0.0908<\/td>\n<\/tr>\n<tr>\n<td>3<\/td>\n<td>\n<div>\n<div>\n<div>\n<div>\n<div>\n<div class=\"bodyBox\">6,001 &#8211; 10,000<\/div>\n<\/div>\n<\/div>\n<\/div>\n<\/div>\n<\/div>\n<\/td>\n<td>0.1275<\/td>\n<td>0.0998<\/td>\n<\/tr>\n<tr>\n<td>4<\/td>\n<td>10,001 &#8211; 20,000<\/td>\n<td>0.1380<\/td>\n<td>0.1103<\/td>\n<\/tr>\n<tr>\n<td>5<\/td>\n<td>20,001 &#8211; 60,000<\/td>\n<td>0.1500<\/td>\n<td>0.1223<\/td>\n<\/tr>\n<tr>\n<td>6<\/td>\n<td>60,001 &#8211; 100,000<\/td>\n<td>0.1395<\/td>\n<td>0.1118<\/td>\n<\/tr>\n<tr>\n<td>7<\/td>\n<td>100,001 &#8211; 1,000,000<\/td>\n<td>0.1305<\/td>\n<td>0.1028<\/td>\n<\/tr>\n<tr>\n<td>8<\/td>\n<td>1,000,001 &#8211; 5,000,000<\/td>\n<td>0.1185<\/td>\n<td>0.0908<\/td>\n<\/tr>\n<tr>\n<td>9<\/td>\n<td>5,000,000&nbsp;u iktar<\/td>\n<td>0.1005<\/td>\n<td>0.0728<\/td>\n<\/tr>\n<\/tbody>\n<\/table>\n<p><strong><span style=\"color: #a0cf4f;\"><br \/>\nIl-<em>Maximum Demand Tariff<\/em> tas-Servizzi fi Proprjet\u00e0 Mhux&nbsp; Residenzjali<\/span><\/strong><\/p>\n<p>Servizz bi Tliet Fa\u017cijiet (<em>Three Phase<\/em>) fi proprjet\u00e0 mhux residenzjali li jaqbe\u017c is-60 Amperes (A) kull fa\u017ci, g\u0127andu jkun su\u0121\u0121ett ukoll g\u0127al <em>Maximum Demand Tariff<\/em> skont ir-rati li \u0121ejjin (VAT esklu\u017ca):<\/p>\n<ul>\n<li>Jekk il-konsum ma jaqbi\u017cx jew huwa ugwali g\u0127al 5,000,000 kW, b\u2019rata ta\u2019 \u20ac20.50 kull kW tal-<em>Maximum Demand <\/em>fi kwalunkwe perjodu matul is-sena;<\/li>\n<li>Jekk il-konsum ma jaqbi\u017cx jew huwa ugwali g\u0127al 5,500,000 kVA, b\u2019rata ta\u2019 \u20ac19.20 kull kVA tal-<em>Maximum Demand<\/em> fi kwalunkwe perjodu matul is-sena;&nbsp; &nbsp;<\/li>\n<li>Jekk il-konsum jaqbe\u017c il-5,000,000 kW jew il-5,500,000 kVA, b\u2019rata ta\u2019 \u20ac17.20 tal-<em>Maximum Demand<\/em> fi kwalunkwe perjodu matul is-sena.<\/li>\n<\/ul>\n<p><em>L-informazzjoni u \u010b-\u010bifri mni\u017c\u017clin f&#8217;din il-pa\u0121na huma g\u0127al skopijiet ta\u2019 tag\u0127rif biss. Filwaqt li jsir dak kollu possibli sabiex ti\u0121i \u017cgurata l-e\u017cattezza ta\u2019 din l-informazzjoni, f&#8217;ka\u017c ta&#8217; diskrepanzi bejn l-informazzjoni f&#8217;dan is-sit elettroniku u r-Regolamenti dwar il-Provvista tal-Elettriku jew li\u0121ijiet o\u0127ra applikabbli, id-dettalji fil-le\u0121islazzjoni jipprevalu.<\/em><\/p>\n<p><em>&nbsp;<\/em>Stampa- <a href=\"http:\/\/www.viewingmalta.com\" target=\"_blank\" rel=\"noopener\">viewingmalta.com<\/a><\/p>\n<p>&nbsp;<\/p>\n<\/div><div class=\"fusion-clearfix\"><\/div><\/div><\/div><\/div><\/div>\n","protected":false},"excerpt":{"rendered":"","protected":false},"author":3,"featured_media":16109,"parent":0,"menu_order":0,"comment_status":"closed","ping_status":"closed","template":"","meta":{"_monsterinsights_skip_tracking":false,"_monsterinsights_sitenote_active":false,"_monsterinsights_sitenote_note":"","_monsterinsights_sitenote_category":0,"ngg_post_thumbnail":0,"footnotes":""},"class_list":["post-17186","page","type-page","status-publish","has-post-thumbnail","hentry"],"yoast_head":"<!-- This site is optimized with the Yoast SEO plugin v26.7 - https:\/\/yoast.com\/wordpress\/plugins\/seo\/ -->\n<title>Servizzi fi proprjeta&#039; non residenzjali - Enemalta<\/title>\n<meta name=\"robots\" content=\"index, follow, max-snippet:-1, max-image-preview:large, max-video-preview:-1\" \/>\n<link rel=\"canonical\" href=\"https:\/\/www.enemalta.com.mt\/mt\/servizzi-fi-proprjeta-non-residenzjali\/\" \/>\n<meta property=\"og:locale\" content=\"mt_MT\" \/>\n<meta property=\"og:type\" content=\"article\" \/>\n<meta property=\"og:title\" content=\"Servizzi fi proprjeta&#039; non residenzjali - Enemalta\" \/>\n<meta property=\"og:url\" content=\"https:\/\/www.enemalta.com.mt\/mt\/servizzi-fi-proprjeta-non-residenzjali\/\" \/>\n<meta property=\"og:site_name\" content=\"Enemalta\" \/>\n<meta property=\"article:modified_time\" content=\"2018-11-29T09:12:16+00:00\" \/>\n<meta property=\"og:image\" content=\"https:\/\/www.enemalta.com.mt\/wp-content\/uploads\/2018\/01\/non-residential.jpg\" \/>\n\t<meta property=\"og:image:width\" content=\"1403\" \/>\n\t<meta property=\"og:image:height\" content=\"450\" \/>\n\t<meta property=\"og:image:type\" content=\"image\/jpeg\" \/>\n<meta name=\"twitter:card\" content=\"summary_large_image\" \/>\n<meta name=\"twitter:label1\" content=\"Est. reading time\" \/>\n\t<meta name=\"twitter:data1\" content=\"3 minutes\" \/>\n<script type=\"application\/ld+json\" class=\"yoast-schema-graph\">{\"@context\":\"https:\/\/schema.org\",\"@graph\":[{\"@type\":\"WebPage\",\"@id\":\"https:\/\/www.enemalta.com.mt\/mt\/servizzi-fi-proprjeta-non-residenzjali\/\",\"url\":\"https:\/\/www.enemalta.com.mt\/mt\/servizzi-fi-proprjeta-non-residenzjali\/\",\"name\":\"Servizzi fi proprjeta' non residenzjali - Enemalta\",\"isPartOf\":{\"@id\":\"https:\/\/www.enemalta.com.mt\/#website\"},\"primaryImageOfPage\":{\"@id\":\"https:\/\/www.enemalta.com.mt\/mt\/servizzi-fi-proprjeta-non-residenzjali\/#primaryimage\"},\"image\":{\"@id\":\"https:\/\/www.enemalta.com.mt\/mt\/servizzi-fi-proprjeta-non-residenzjali\/#primaryimage\"},\"thumbnailUrl\":\"\/wp-content\/uploads\/2018\/01\/non-residential.jpg\",\"datePublished\":\"2018-11-28T13:49:13+00:00\",\"dateModified\":\"2018-11-29T09:12:16+00:00\",\"breadcrumb\":{\"@id\":\"https:\/\/www.enemalta.com.mt\/mt\/servizzi-fi-proprjeta-non-residenzjali\/#breadcrumb\"},\"inLanguage\":\"mt-MT\",\"potentialAction\":[{\"@type\":\"ReadAction\",\"target\":[\"https:\/\/www.enemalta.com.mt\/mt\/servizzi-fi-proprjeta-non-residenzjali\/\"]}]},{\"@type\":\"ImageObject\",\"inLanguage\":\"mt-MT\",\"@id\":\"https:\/\/www.enemalta.com.mt\/mt\/servizzi-fi-proprjeta-non-residenzjali\/#primaryimage\",\"url\":\"\/wp-content\/uploads\/2018\/01\/non-residential.jpg\",\"contentUrl\":\"\/wp-content\/uploads\/2018\/01\/non-residential.jpg\",\"width\":1403,\"height\":450},{\"@type\":\"BreadcrumbList\",\"@id\":\"https:\/\/www.enemalta.com.mt\/mt\/servizzi-fi-proprjeta-non-residenzjali\/#breadcrumb\",\"itemListElement\":[{\"@type\":\"ListItem\",\"position\":1,\"name\":\"Home\",\"item\":\"https:\/\/www.enemalta.com.mt\/mt\/\"},{\"@type\":\"ListItem\",\"position\":2,\"name\":\"Servizzi fi proprjeta&#8217; non residenzjali\"}]},{\"@type\":\"WebSite\",\"@id\":\"https:\/\/www.enemalta.com.mt\/#website\",\"url\":\"https:\/\/www.enemalta.com.mt\/\",\"name\":\"Enemalta\",\"description\":\"\",\"potentialAction\":[{\"@type\":\"SearchAction\",\"target\":{\"@type\":\"EntryPoint\",\"urlTemplate\":\"https:\/\/www.enemalta.com.mt\/?s={search_term_string}\"},\"query-input\":{\"@type\":\"PropertyValueSpecification\",\"valueRequired\":true,\"valueName\":\"search_term_string\"}}],\"inLanguage\":\"mt-MT\"}]}<\/script>\n<!-- \/ Yoast SEO plugin. -->","yoast_head_json":{"title":"Servizzi fi proprjeta' non residenzjali - Enemalta","robots":{"index":"index","follow":"follow","max-snippet":"max-snippet:-1","max-image-preview":"max-image-preview:large","max-video-preview":"max-video-preview:-1"},"canonical":"https:\/\/www.enemalta.com.mt\/mt\/servizzi-fi-proprjeta-non-residenzjali\/","og_locale":"mt_MT","og_type":"article","og_title":"Servizzi fi proprjeta' non residenzjali - Enemalta","og_url":"https:\/\/www.enemalta.com.mt\/mt\/servizzi-fi-proprjeta-non-residenzjali\/","og_site_name":"Enemalta","article_modified_time":"2018-11-29T09:12:16+00:00","og_image":[{"width":1403,"height":450,"url":"https:\/\/www.enemalta.com.mt\/wp-content\/uploads\/2018\/01\/non-residential.jpg","type":"image\/jpeg"}],"twitter_card":"summary_large_image","twitter_misc":{"Est. reading time":"3 minutes"},"schema":{"@context":"https:\/\/schema.org","@graph":[{"@type":"WebPage","@id":"https:\/\/www.enemalta.com.mt\/mt\/servizzi-fi-proprjeta-non-residenzjali\/","url":"https:\/\/www.enemalta.com.mt\/mt\/servizzi-fi-proprjeta-non-residenzjali\/","name":"Servizzi fi proprjeta' non residenzjali - Enemalta","isPartOf":{"@id":"https:\/\/www.enemalta.com.mt\/#website"},"primaryImageOfPage":{"@id":"https:\/\/www.enemalta.com.mt\/mt\/servizzi-fi-proprjeta-non-residenzjali\/#primaryimage"},"image":{"@id":"https:\/\/www.enemalta.com.mt\/mt\/servizzi-fi-proprjeta-non-residenzjali\/#primaryimage"},"thumbnailUrl":"\/wp-content\/uploads\/2018\/01\/non-residential.jpg","datePublished":"2018-11-28T13:49:13+00:00","dateModified":"2018-11-29T09:12:16+00:00","breadcrumb":{"@id":"https:\/\/www.enemalta.com.mt\/mt\/servizzi-fi-proprjeta-non-residenzjali\/#breadcrumb"},"inLanguage":"mt-MT","potentialAction":[{"@type":"ReadAction","target":["https:\/\/www.enemalta.com.mt\/mt\/servizzi-fi-proprjeta-non-residenzjali\/"]}]},{"@type":"ImageObject","inLanguage":"mt-MT","@id":"https:\/\/www.enemalta.com.mt\/mt\/servizzi-fi-proprjeta-non-residenzjali\/#primaryimage","url":"\/wp-content\/uploads\/2018\/01\/non-residential.jpg","contentUrl":"\/wp-content\/uploads\/2018\/01\/non-residential.jpg","width":1403,"height":450},{"@type":"BreadcrumbList","@id":"https:\/\/www.enemalta.com.mt\/mt\/servizzi-fi-proprjeta-non-residenzjali\/#breadcrumb","itemListElement":[{"@type":"ListItem","position":1,"name":"Home","item":"https:\/\/www.enemalta.com.mt\/mt\/"},{"@type":"ListItem","position":2,"name":"Servizzi fi proprjeta&#8217; non residenzjali"}]},{"@type":"WebSite","@id":"https:\/\/www.enemalta.com.mt\/#website","url":"https:\/\/www.enemalta.com.mt\/","name":"Enemalta","description":"","potentialAction":[{"@type":"SearchAction","target":{"@type":"EntryPoint","urlTemplate":"https:\/\/www.enemalta.com.mt\/?s={search_term_string}"},"query-input":{"@type":"PropertyValueSpecification","valueRequired":true,"valueName":"search_term_string"}}],"inLanguage":"mt-MT"}]}},"_links":{"self":[{"href":"https:\/\/www.enemalta.com.mt\/mt\/wp-json\/wp\/v2\/pages\/17186","targetHints":{"allow":["GET"]}}],"collection":[{"href":"https:\/\/www.enemalta.com.mt\/mt\/wp-json\/wp\/v2\/pages"}],"about":[{"href":"https:\/\/www.enemalta.com.mt\/mt\/wp-json\/wp\/v2\/types\/page"}],"author":[{"embeddable":true,"href":"https:\/\/www.enemalta.com.mt\/mt\/wp-json\/wp\/v2\/users\/3"}],"replies":[{"embeddable":true,"href":"https:\/\/www.enemalta.com.mt\/mt\/wp-json\/wp\/v2\/comments?post=17186"}],"version-history":[{"count":4,"href":"https:\/\/www.enemalta.com.mt\/mt\/wp-json\/wp\/v2\/pages\/17186\/revisions"}],"predecessor-version":[{"id":24674,"href":"https:\/\/www.enemalta.com.mt\/mt\/wp-json\/wp\/v2\/pages\/17186\/revisions\/24674"}],"wp:featuredmedia":[{"embeddable":true,"href":"https:\/\/www.enemalta.com.mt\/mt\/wp-json\/wp\/v2\/media\/16109"}],"wp:attachment":[{"href":"https:\/\/www.enemalta.com.mt\/mt\/wp-json\/wp\/v2\/media?parent=17186"}],"curies":[{"name":"wp","href":"https:\/\/api.w.org\/{rel}","templated":true}]}}