{"id":17184,"date":"2018-11-28T14:46:47","date_gmt":"2018-11-28T13:46:47","guid":{"rendered":"https:\/\/www.enemalta.com.mt\/servizzi-fi-proprjeta-domestika\/"},"modified":"2018-11-29T10:13:19","modified_gmt":"2018-11-29T09:13:19","slug":"servizzi-fi-proprjeta-domestika","status":"publish","type":"page","link":"https:\/\/www.enemalta.com.mt\/mt\/servizzi-fi-proprjeta-domestika\/","title":{"rendered":"Servizzi fi proprjeta\u2019 domestika"},"content":{"rendered":"<div class=\"fusion-fullwidth fullwidth-box fusion-builder-row-1 nonhundred-percent-fullwidth non-hundred-percent-height-scrolling\" style=\"--awb-border-radius-top-left:0px;--awb-border-radius-top-right:0px;--awb-border-radius-bottom-right:0px;--awb-border-radius-bottom-left:0px;--awb-flex-wrap:wrap;\" ><div class=\"fusion-builder-row fusion-row\"><div class=\"fusion-layout-column fusion_builder_column fusion-builder-column-0 fusion_builder_column_1_1 1_1 fusion-one-full fusion-column-first fusion-column-last\" style=\"--awb-bg-size:cover;--awb-margin-bottom:0px;\"><div class=\"fusion-column-wrapper fusion-flex-column-wrapper-legacy\"><div class=\"fusion-text fusion-text-1\"><h4 style=\"text-align: center; font-size: 33px; line-height: 50px;\">Servizzi fi proprjeta\u2019 domestika<\/h4>\n<\/div><div class=\"fusion-text fusion-text-2\"><p>Ir-rati tat-Tariffa tal-Konsum Domestiku japplikaw g\u0127al unitajiet individwali ta\u2019 residenza, u\u017cati esklussivament u regolarment b\u0127ala residenzi privati, hekk kif jistg\u0127u jkunu kkonfermati permezz ta\u2019 evidenza dokumentata. G\u0127al iktar tag\u0127rif, ikkuntattja <strong><a href=\"https:\/\/www.smartutilities.com.mt\/wps\/portal\/Public%20Area\/armsHelp\/Help.ContactUs\/!ut\/p\/b1\/04_Sj9CPykssy0xPLMnMz0vMAfGjzOKd3Y0CzYzdfMw8DQLcDBxNfN0DnRydDd3DTPULsh0VAS_MRz8!\/\">lit-tim ta\u2019 ARMS li jipprovdi assistenza g\u0127all-klijenti.<\/a><\/strong><\/p>\n<p>Il-\u0127las tal-installazzjoni u l-\u0127las annwali tas-servizz g\u0127al Servizzi fi Proprjet\u00e0 Domestika huma applikabbli bl-istess rati b\u0127al dawk g\u0127al <strong>Servizz fi proprjet\u00e0 residenzjali<\/strong>.<\/p>\n<p><span style=\"color: #a0cf4f;\"><strong>Ir-rati tat-Tariffi tal-Konsum Domestiku<br \/>\n<\/strong><\/span>(jinkludu VAT ta\u2019 5%))<\/p>\n<table style=\"height: 174px;\" border=\"0\" width=\"430\" cellspacing=\"1\" cellpadding=\"0\">\n<tbody>\n<tr>\n<td><strong>Livell<\/strong><\/td>\n<td>\n<div><b><strong>Konsum Kumulattiv&nbsp;(kW fis-sieg\u0127a<\/strong>)<\/b><\/div>\n<\/td>\n<td>\n<div><b>Rata (\u20ac)<\/b><\/div>\n<\/td>\n<\/tr>\n<tr>\n<td>\n<div>1<\/div>\n<\/td>\n<td>\n<div>0 &#8211; 2,000<\/div>\n<\/td>\n<td>\n<div>0.1365<\/div>\n<\/td>\n<\/tr>\n<tr>\n<td>\n<div>2<\/div>\n<\/td>\n<td>\n<div>2,001 &#8211; 6,000<\/div>\n<\/td>\n<td>\n<div>0.1673<\/div>\n<\/td>\n<\/tr>\n<tr>\n<td>\n<div>3<\/div>\n<\/td>\n<td>\n<div>6,001 &#8211; 10,000<\/div>\n<\/td>\n<td>\n<div>0.2023<\/div>\n<\/td>\n<\/tr>\n<tr>\n<td>\n<div>4<\/div>\n<\/td>\n<td>\n<div>10,001 &#8211; 20,000<\/div>\n<\/td>\n<td>\n<div>0.4180<\/div>\n<\/td>\n<\/tr>\n<tr>\n<td>\n<div>5<\/div>\n<\/td>\n<td>\n<div>20,001&nbsp;u iktar<\/div>\n<\/td>\n<td>\n<div>0.6860<\/div>\n<\/td>\n<\/tr>\n<\/tbody>\n<\/table>\n<div>&nbsp;<\/div>\n<div>&nbsp;<\/div>\n<div><span style=\"color: #a0cf4f;\"><strong>Il-<em>Maximum Demand Tariff g\u0127al Servizz fi Proprjet\u00e0 Domestika<\/em><\/strong><\/span><\/div>\n<div>\n<p>Servizz bi tliet fa\u017cijiet (<em>three phase<\/em>) fi Proprjet\u00e0 Domestika li jaqbe\u017c is-60 Amperes (A) g\u0127al kull fa\u017ci g\u0127andu wkoll ikun su\u0121\u0121ett g\u0127al <em>Maximum Demand Tariff<\/em> b\u2019rata ta\u2019 \u20ac21.05 (VAT inklu\u017ca) fis-sena g\u0127al kull kW tal-<em>Maximum Demand<\/em> fi kwalunkwe perjodu matul is-sena.<br \/>\n<em>L-informazzjoni u \u010b-\u010bifri mni<\/em><em>\u017c\u017c<\/em><em>ilin f&#8217;din il-pa\u0121na huma g\u0127al skopijiet ta\u2019 tag<\/em><em>\u0127<\/em><em>rif biss. Filwaqt li jsir dak kollu possibli sabiex ti\u0121i \u017cgurata l-e\u017cattezza ta\u2019 din l-informazzjoni, f&#8217;ka\u017c ta&#8217; diskrepanzi bejn l-informazzjoni f&#8217;dan is-sit elettroniku u r-Regolamenti dwar il-Provvista tal-Elettriku jew li\u0121ijiet o\u0127ra applikabbli, id-dettalji fil-le\u0121islazzjoni jipprevalu.<\/em><\/p>\n<\/div>\n<\/div><div class=\"fusion-clearfix\"><\/div><\/div><\/div><\/div><\/div>\n","protected":false},"excerpt":{"rendered":"","protected":false},"author":3,"featured_media":16107,"parent":0,"menu_order":0,"comment_status":"closed","ping_status":"closed","template":"","meta":{"_monsterinsights_skip_tracking":false,"_monsterinsights_sitenote_active":false,"_monsterinsights_sitenote_note":"","_monsterinsights_sitenote_category":0,"ngg_post_thumbnail":0,"footnotes":""},"class_list":["post-17184","page","type-page","status-publish","has-post-thumbnail","hentry"],"yoast_head":"<!-- This site is optimized with the Yoast SEO plugin v26.7 - https:\/\/yoast.com\/wordpress\/plugins\/seo\/ -->\n<title>Servizzi fi proprjeta\u2019 domestika - Enemalta<\/title>\n<meta name=\"robots\" content=\"index, follow, max-snippet:-1, max-image-preview:large, max-video-preview:-1\" \/>\n<link rel=\"canonical\" href=\"https:\/\/www.enemalta.com.mt\/domestic-property-services\/\" \/>\n<meta property=\"og:locale\" content=\"mt_MT\" \/>\n<meta property=\"og:type\" content=\"article\" \/>\n<meta property=\"og:title\" content=\"Servizzi fi proprjeta\u2019 domestika - Enemalta\" \/>\n<meta property=\"og:url\" content=\"https:\/\/www.enemalta.com.mt\/domestic-property-services\/\" \/>\n<meta property=\"og:site_name\" content=\"Enemalta\" \/>\n<meta property=\"article:modified_time\" content=\"2018-11-29T09:13:19+00:00\" \/>\n<meta property=\"og:image\" content=\"https:\/\/www.enemalta.com.mt\/wp-content\/uploads\/2018\/01\/image-2.jpg\" \/>\n\t<meta property=\"og:image:width\" content=\"1403\" \/>\n\t<meta property=\"og:image:height\" content=\"450\" \/>\n\t<meta property=\"og:image:type\" content=\"image\/jpeg\" \/>\n<meta name=\"twitter:card\" content=\"summary_large_image\" \/>\n<meta name=\"twitter:label1\" content=\"Est. reading time\" \/>\n\t<meta name=\"twitter:data1\" content=\"2 minutes\" \/>\n<script type=\"application\/ld+json\" class=\"yoast-schema-graph\">{\"@context\":\"https:\/\/schema.org\",\"@graph\":[{\"@type\":\"WebPage\",\"@id\":\"https:\/\/www.enemalta.com.mt\/domestic-property-services\/\",\"url\":\"https:\/\/www.enemalta.com.mt\/domestic-property-services\/\",\"name\":\"Servizzi fi proprjeta\u2019 domestika - Enemalta\",\"isPartOf\":{\"@id\":\"https:\/\/www.enemalta.com.mt\/#website\"},\"primaryImageOfPage\":{\"@id\":\"https:\/\/www.enemalta.com.mt\/domestic-property-services\/#primaryimage\"},\"image\":{\"@id\":\"https:\/\/www.enemalta.com.mt\/domestic-property-services\/#primaryimage\"},\"thumbnailUrl\":\"\/wp-content\/uploads\/2018\/01\/image-2.jpg\",\"datePublished\":\"2018-11-28T13:46:47+00:00\",\"dateModified\":\"2018-11-29T09:13:19+00:00\",\"breadcrumb\":{\"@id\":\"https:\/\/www.enemalta.com.mt\/domestic-property-services\/#breadcrumb\"},\"inLanguage\":\"mt-MT\",\"potentialAction\":[{\"@type\":\"ReadAction\",\"target\":[\"https:\/\/www.enemalta.com.mt\/domestic-property-services\/\"]}]},{\"@type\":\"ImageObject\",\"inLanguage\":\"mt-MT\",\"@id\":\"https:\/\/www.enemalta.com.mt\/domestic-property-services\/#primaryimage\",\"url\":\"\/wp-content\/uploads\/2018\/01\/image-2.jpg\",\"contentUrl\":\"\/wp-content\/uploads\/2018\/01\/image-2.jpg\",\"width\":1403,\"height\":450},{\"@type\":\"BreadcrumbList\",\"@id\":\"https:\/\/www.enemalta.com.mt\/domestic-property-services\/#breadcrumb\",\"itemListElement\":[{\"@type\":\"ListItem\",\"position\":1,\"name\":\"Home\",\"item\":\"https:\/\/www.enemalta.com.mt\/mt\/\"},{\"@type\":\"ListItem\",\"position\":2,\"name\":\"Servizzi fi proprjeta\u2019 domestika\"}]},{\"@type\":\"WebSite\",\"@id\":\"https:\/\/www.enemalta.com.mt\/#website\",\"url\":\"https:\/\/www.enemalta.com.mt\/\",\"name\":\"Enemalta\",\"description\":\"\",\"potentialAction\":[{\"@type\":\"SearchAction\",\"target\":{\"@type\":\"EntryPoint\",\"urlTemplate\":\"https:\/\/www.enemalta.com.mt\/?s={search_term_string}\"},\"query-input\":{\"@type\":\"PropertyValueSpecification\",\"valueRequired\":true,\"valueName\":\"search_term_string\"}}],\"inLanguage\":\"mt-MT\"}]}<\/script>\n<!-- \/ Yoast SEO plugin. -->","yoast_head_json":{"title":"Servizzi fi proprjeta\u2019 domestika - Enemalta","robots":{"index":"index","follow":"follow","max-snippet":"max-snippet:-1","max-image-preview":"max-image-preview:large","max-video-preview":"max-video-preview:-1"},"canonical":"https:\/\/www.enemalta.com.mt\/domestic-property-services\/","og_locale":"mt_MT","og_type":"article","og_title":"Servizzi fi proprjeta\u2019 domestika - Enemalta","og_url":"https:\/\/www.enemalta.com.mt\/domestic-property-services\/","og_site_name":"Enemalta","article_modified_time":"2018-11-29T09:13:19+00:00","og_image":[{"width":1403,"height":450,"url":"https:\/\/www.enemalta.com.mt\/wp-content\/uploads\/2018\/01\/image-2.jpg","type":"image\/jpeg"}],"twitter_card":"summary_large_image","twitter_misc":{"Est. reading time":"2 minutes"},"schema":{"@context":"https:\/\/schema.org","@graph":[{"@type":"WebPage","@id":"https:\/\/www.enemalta.com.mt\/domestic-property-services\/","url":"https:\/\/www.enemalta.com.mt\/domestic-property-services\/","name":"Servizzi fi proprjeta\u2019 domestika - Enemalta","isPartOf":{"@id":"https:\/\/www.enemalta.com.mt\/#website"},"primaryImageOfPage":{"@id":"https:\/\/www.enemalta.com.mt\/domestic-property-services\/#primaryimage"},"image":{"@id":"https:\/\/www.enemalta.com.mt\/domestic-property-services\/#primaryimage"},"thumbnailUrl":"\/wp-content\/uploads\/2018\/01\/image-2.jpg","datePublished":"2018-11-28T13:46:47+00:00","dateModified":"2018-11-29T09:13:19+00:00","breadcrumb":{"@id":"https:\/\/www.enemalta.com.mt\/domestic-property-services\/#breadcrumb"},"inLanguage":"mt-MT","potentialAction":[{"@type":"ReadAction","target":["https:\/\/www.enemalta.com.mt\/domestic-property-services\/"]}]},{"@type":"ImageObject","inLanguage":"mt-MT","@id":"https:\/\/www.enemalta.com.mt\/domestic-property-services\/#primaryimage","url":"\/wp-content\/uploads\/2018\/01\/image-2.jpg","contentUrl":"\/wp-content\/uploads\/2018\/01\/image-2.jpg","width":1403,"height":450},{"@type":"BreadcrumbList","@id":"https:\/\/www.enemalta.com.mt\/domestic-property-services\/#breadcrumb","itemListElement":[{"@type":"ListItem","position":1,"name":"Home","item":"https:\/\/www.enemalta.com.mt\/mt\/"},{"@type":"ListItem","position":2,"name":"Servizzi fi proprjeta\u2019 domestika"}]},{"@type":"WebSite","@id":"https:\/\/www.enemalta.com.mt\/#website","url":"https:\/\/www.enemalta.com.mt\/","name":"Enemalta","description":"","potentialAction":[{"@type":"SearchAction","target":{"@type":"EntryPoint","urlTemplate":"https:\/\/www.enemalta.com.mt\/?s={search_term_string}"},"query-input":{"@type":"PropertyValueSpecification","valueRequired":true,"valueName":"search_term_string"}}],"inLanguage":"mt-MT"}]}},"_links":{"self":[{"href":"https:\/\/www.enemalta.com.mt\/mt\/wp-json\/wp\/v2\/pages\/17184","targetHints":{"allow":["GET"]}}],"collection":[{"href":"https:\/\/www.enemalta.com.mt\/mt\/wp-json\/wp\/v2\/pages"}],"about":[{"href":"https:\/\/www.enemalta.com.mt\/mt\/wp-json\/wp\/v2\/types\/page"}],"author":[{"embeddable":true,"href":"https:\/\/www.enemalta.com.mt\/mt\/wp-json\/wp\/v2\/users\/3"}],"replies":[{"embeddable":true,"href":"https:\/\/www.enemalta.com.mt\/mt\/wp-json\/wp\/v2\/comments?post=17184"}],"version-history":[{"count":4,"href":"https:\/\/www.enemalta.com.mt\/mt\/wp-json\/wp\/v2\/pages\/17184\/revisions"}],"predecessor-version":[{"id":17221,"href":"https:\/\/www.enemalta.com.mt\/mt\/wp-json\/wp\/v2\/pages\/17184\/revisions\/17221"}],"wp:featuredmedia":[{"embeddable":true,"href":"https:\/\/www.enemalta.com.mt\/mt\/wp-json\/wp\/v2\/media\/16107"}],"wp:attachment":[{"href":"https:\/\/www.enemalta.com.mt\/mt\/wp-json\/wp\/v2\/media?parent=17184"}],"curies":[{"name":"wp","href":"https:\/\/api.w.org\/{rel}","templated":true}]}}