{"id":17181,"date":"2018-11-28T14:41:34","date_gmt":"2018-11-28T13:41:34","guid":{"rendered":"https:\/\/www.enemalta.com.mt\/servizzi-fi-proprjeta-residenzjali\/"},"modified":"2018-11-29T10:14:15","modified_gmt":"2018-11-29T09:14:15","slug":"servizzi-fi-proprjeta-residenzjali","status":"publish","type":"page","link":"https:\/\/www.enemalta.com.mt\/mt\/servizzi-fi-proprjeta-residenzjali\/","title":{"rendered":"Servizzi fi proprjeta&#8217; residenzjali"},"content":{"rendered":"<div class=\"fusion-fullwidth fullwidth-box fusion-builder-row-1 nonhundred-percent-fullwidth non-hundred-percent-height-scrolling\" style=\"--awb-border-radius-top-left:0px;--awb-border-radius-top-right:0px;--awb-border-radius-bottom-right:0px;--awb-border-radius-bottom-left:0px;--awb-flex-wrap:wrap;\" ><div class=\"fusion-builder-row fusion-row\"><div class=\"fusion-layout-column fusion_builder_column fusion-builder-column-0 fusion_builder_column_1_1 1_1 fusion-one-full fusion-column-first fusion-column-last\" style=\"--awb-bg-size:cover;--awb-margin-bottom:0px;\"><div class=\"fusion-column-wrapper fusion-flex-column-wrapper-legacy\"><div class=\"fusion-text fusion-text-1\"><h4 style=\"text-align: center; font-size: 33px; line-height: 50px;\">Servizzi fi proprjeta&#8217; Residenzjali<\/h4>\n<\/div><div class=\"fusion-text fusion-text-2\"><table border=\"0\" width=\"423\" cellspacing=\"1\" cellpadding=\"1\">\n<tbody>\n<tr>\n<td><strong>Installation Charges<\/strong><\/td>\n<td><strong>Rata (<\/strong>\u20ac)<\/td>\n<\/tr>\n<tr>\n<td>Servizz b\u2019fa\u017ci wa\u0127da (<em>Single Phase<\/em>) *<\/td>\n<td>\u20ac 300<\/td>\n<\/tr>\n<tr>\n<td>Servizz bi tliet fa\u017cijiet (<em>Triple Phase<\/em>) *<\/td>\n<td>\u20ac 900<\/td>\n<\/tr>\n<\/tbody>\n<\/table>\n<div>&nbsp;<\/div>\n<div>\n<p>* It-talbiet kollha g\u0127al servizz fejn it-tul tar-rotta, li jg\u0127addi minn toroq pubbli\u010bi, ikun akbar minn 150 metru minn sors tajjeb ta\u2019 provvista ser ikunu su\u0121\u0121etti g\u0127al kwota spe\u010bifika. It-talbiet kollha g\u0127al provvista bi tliet fa\u017cijiet (<em>three-phase<\/em>) akbar minn 60 Amperes (A) ser ikunu su\u0121\u0121etti g\u0127al kwota spe\u010bifika.<\/p>\n<\/div>\n<div>&nbsp;<\/div>\n<div><strong><span style=\"color: #a0cf4f;\">\u0126las g\u0127al servizz Residenzjali<\/span><\/strong><\/div>\n<div>(jinkludu VAT ta\u2019 5%))<\/div>\n<table border=\"0\" width=\"423\" cellspacing=\"1\" cellpadding=\"1\">\n<tbody>\n<tr>\n<td><strong>\u0126las g\u0127al servizz&nbsp;<\/strong><\/td>\n<td><strong>Rata (<\/strong>\u20ac)<\/td>\n<\/tr>\n<tr>\n<td>b\u2019fa\u017ci wa\u0127da (<em>Single Phase<\/em>)<\/td>\n<td>65.00&nbsp;<\/td>\n<\/tr>\n<tr>\n<td>bi tliet fa\u017cijiet (<em>Triple Phase<\/em>)<\/td>\n<td>195.00&nbsp;<\/td>\n<\/tr>\n<\/tbody>\n<\/table>\n<div>&nbsp;<\/div>\n<div><strong><strong><span style=\"color: #a0cf4f;\">\u0126las g\u0127al Servizz Residenzjali<\/span><\/strong><\/strong><\/div>\n<div>(jinkludu VAT ta\u2019 5%))<\/div>\n<table border=\"0\" width=\"423\" cellspacing=\"1\" cellpadding=\"1\">\n<tbody>\n<tr>\n<td><strong>Livell<\/strong><\/td>\n<td><strong>Konsum Kumulattiv (kW fis-sieg\u0127a)<\/strong><\/td>\n<td><strong>Rata(<\/strong>\u20ac)<\/td>\n<\/tr>\n<tr>\n<td>1<\/td>\n<td>0 &#8211; 2,000<\/td>\n<td>0.1047<\/td>\n<\/tr>\n<tr>\n<td>2<\/td>\n<td>2,001 &#8211; 6,000<\/td>\n<td>0.1298<\/td>\n<\/tr>\n<tr>\n<td>3<\/td>\n<td>6,001 &#8211; 10,000<\/td>\n<td>0.1607<\/td>\n<\/tr>\n<tr>\n<td>4<\/td>\n<td>10,001 &#8211; 20,000<\/td>\n<td>0.3420<\/td>\n<\/tr>\n<tr>\n<td>5<\/td>\n<td>20,001 u iktar<\/td>\n<td>0.6076<\/td>\n<\/tr>\n<\/tbody>\n<\/table>\n<div>&nbsp;<\/div>\n<div>\n<p>Konsumatur jista\u2019 jitlob lit-tim ta\u2019 ARMS li jipprovdi assistenza g\u0127all-klijenti sabiex jirre\u0121istra individwi residenti f&#8217;Malta, fuq Servizz f\u2019Post Domestiku. Jekk din it-talba tkun i\u0121\u0121ustifikata u a\u010b\u010bettata, is-Servizz ji\u0121i kkunsidrat, sakemm tal-inqas individwu wie\u0127ed ji\u0121i rre\u0121istrat fuq is-Servizz, b\u0127ala Servizz f\u2019Post Residenzjali, sakemm l-ebda individwu ma jkun irre\u0121istrat f&#8217;aktar minn Servizz wie\u0127ed fl-istess waqt u li l-ebda individwu ma jkun irre\u0121istrat fuq garaxx jew fuq il-partijiet komuni ta\u2019 kondominju.<\/p>\n<\/div>\n<div>\n<p><strong><span style=\"color: #a0cf4f;\">Eko-Riduzzjoni<\/span><\/strong><br \/>\nServizz f\u2019Post Residenzjali, li ji\u0121i pprovdut fir-residenza primarja ta\u2019 individwu, ikun eli\u0121ibbli g\u0127al Eko-Riduzzjoni tal-ammont dovut g\u0127all-konsum tal-elettriku f\u2019dak il-perjodu partikulari tal-kont, li g\u0127andu ji\u0121i kkalkulat skont ir-rati u l-limiti li \u0121ejjin fuq ba\u017ci pro rata tal-konsum kumulattiv annwali relattiv. It-tnaqqis ma jkunx applikabbli jekk jinqab\u017cu l-limiti indikati:&nbsp;<\/p>\n<p><strong>Djar b\u2019persuna wa\u0127da<br \/>\n<\/strong>&nbsp;25% skont fuq il-konsum kollu, kemm-il darba ji\u0121u kkunsmati inqas minn 2,000 unit\u00e0 fis-sena.<br \/>\n&nbsp;<br \/>\n<strong>Djar b\u2019\u017cew\u0121 persuni jew iktar<br \/>\n<\/strong> Sakemm il-konsum ma jaqbi\u017cx 1,750 unit\u00e0 g\u0127al kull persuna fis-sena, l-iskontijiet li \u0121ejjin japplikaw:&nbsp;<br \/>\n(1) 25% fuq l-ewwel 1,000 unit\u00e0<br \/>\n(2) 15% fuq is-750 unit\u00e0 li jibqa\u2019 jew parti minnhom<\/p>\n<\/div>\n<div>\n<p>Il-<em>Maximum Demand Tariff<\/em> g\u0127al Servizz f\u2019Post Residenzjali<br \/>\n&nbsp;<br \/>\nServizz bi tliet fa\u017cijiet (<em>three phase<\/em>) f\u2019Postijiet Residenzjali li jaqbe\u017c is-60 Amperes (A) g\u0127al kull fa\u017ci g\u0127andu wkoll ikun su\u0121\u0121ett g\u0127al <em>Maximum Demand Tariff<\/em> bir-rata ta\u2019 \u20ac21.05 fis-sena g\u0127al kull kW tad-<em>Maximum Demand<\/em> fi kwalunkwe perjodu matul is-sena.<\/p>\n<p><em>L-informazzjoni u \u010b-\u010bifri mni<\/em><em>\u017c\u017c<\/em><em>ilin f&#8217;din il-pa\u0121na huma g\u0127al skopijiet ta\u2019 tag<\/em><em>\u0127<\/em><em>rif biss. Filwaqt li jsir dak kollu possibli sabiex ti\u0121i \u017cgurata l-e\u017cattezza ta\u2019 din l-informazzjoni, f&#8217;ka\u017c ta&#8217; diskrepanzi bejn l-informazzjoni f&#8217;dan is-sit elettroniku u r-Regolamenti dwar il-Provvista tal-Elettriku jew li\u0121ijiet o\u0127ra applikabbli, id-dettalji fil-le\u0121islazzjoni jipprevalu.<\/em>&nbsp;<\/p>\n<\/div>\n<div>&nbsp;<\/div>\n<div>\n<h6>Stampa- <a href=\"http:\/\/www.viewingmalta.com\" target=\"_blank\" rel=\"noopener\">viewingmalta.com<\/a><\/h6>\n<\/div>\n<\/div><div class=\"fusion-clearfix\"><\/div><\/div><\/div><\/div><\/div>\n","protected":false},"excerpt":{"rendered":"","protected":false},"author":3,"featured_media":16108,"parent":0,"menu_order":0,"comment_status":"closed","ping_status":"closed","template":"","meta":{"_monsterinsights_skip_tracking":false,"_monsterinsights_sitenote_active":false,"_monsterinsights_sitenote_note":"","_monsterinsights_sitenote_category":0,"ngg_post_thumbnail":0,"footnotes":""},"class_list":["post-17181","page","type-page","status-publish","has-post-thumbnail","hentry"],"yoast_head":"<!-- This site is optimized with the Yoast SEO plugin v26.7 - https:\/\/yoast.com\/wordpress\/plugins\/seo\/ -->\n<title>Servizzi fi proprjeta&#039; residenzjali - Enemalta<\/title>\n<meta name=\"robots\" content=\"index, follow, max-snippet:-1, max-image-preview:large, max-video-preview:-1\" \/>\n<link rel=\"canonical\" href=\"https:\/\/www.enemalta.com.mt\/mt\/servizzi-fi-proprjeta-residenzjali\/\" \/>\n<meta property=\"og:locale\" content=\"mt_MT\" \/>\n<meta property=\"og:type\" content=\"article\" \/>\n<meta property=\"og:title\" content=\"Servizzi fi proprjeta&#039; residenzjali - Enemalta\" \/>\n<meta property=\"og:url\" content=\"https:\/\/www.enemalta.com.mt\/mt\/servizzi-fi-proprjeta-residenzjali\/\" \/>\n<meta property=\"og:site_name\" content=\"Enemalta\" \/>\n<meta property=\"article:modified_time\" content=\"2018-11-29T09:14:15+00:00\" \/>\n<meta property=\"og:image\" content=\"https:\/\/www.enemalta.com.mt\/wp-content\/uploads\/2018\/01\/Residential.jpg\" \/>\n\t<meta property=\"og:image:width\" content=\"1403\" \/>\n\t<meta property=\"og:image:height\" content=\"450\" \/>\n\t<meta property=\"og:image:type\" content=\"image\/jpeg\" \/>\n<meta name=\"twitter:card\" content=\"summary_large_image\" \/>\n<meta name=\"twitter:label1\" content=\"Est. reading time\" \/>\n\t<meta name=\"twitter:data1\" content=\"3 minutes\" \/>\n<script type=\"application\/ld+json\" class=\"yoast-schema-graph\">{\"@context\":\"https:\/\/schema.org\",\"@graph\":[{\"@type\":\"WebPage\",\"@id\":\"https:\/\/www.enemalta.com.mt\/mt\/servizzi-fi-proprjeta-residenzjali\/\",\"url\":\"https:\/\/www.enemalta.com.mt\/mt\/servizzi-fi-proprjeta-residenzjali\/\",\"name\":\"Servizzi fi proprjeta' residenzjali - Enemalta\",\"isPartOf\":{\"@id\":\"https:\/\/www.enemalta.com.mt\/#website\"},\"primaryImageOfPage\":{\"@id\":\"https:\/\/www.enemalta.com.mt\/mt\/servizzi-fi-proprjeta-residenzjali\/#primaryimage\"},\"image\":{\"@id\":\"https:\/\/www.enemalta.com.mt\/mt\/servizzi-fi-proprjeta-residenzjali\/#primaryimage\"},\"thumbnailUrl\":\"\/wp-content\/uploads\/2018\/01\/Residential.jpg\",\"datePublished\":\"2018-11-28T13:41:34+00:00\",\"dateModified\":\"2018-11-29T09:14:15+00:00\",\"breadcrumb\":{\"@id\":\"https:\/\/www.enemalta.com.mt\/mt\/servizzi-fi-proprjeta-residenzjali\/#breadcrumb\"},\"inLanguage\":\"mt-MT\",\"potentialAction\":[{\"@type\":\"ReadAction\",\"target\":[\"https:\/\/www.enemalta.com.mt\/mt\/servizzi-fi-proprjeta-residenzjali\/\"]}]},{\"@type\":\"ImageObject\",\"inLanguage\":\"mt-MT\",\"@id\":\"https:\/\/www.enemalta.com.mt\/mt\/servizzi-fi-proprjeta-residenzjali\/#primaryimage\",\"url\":\"\/wp-content\/uploads\/2018\/01\/Residential.jpg\",\"contentUrl\":\"\/wp-content\/uploads\/2018\/01\/Residential.jpg\",\"width\":1403,\"height\":450},{\"@type\":\"BreadcrumbList\",\"@id\":\"https:\/\/www.enemalta.com.mt\/mt\/servizzi-fi-proprjeta-residenzjali\/#breadcrumb\",\"itemListElement\":[{\"@type\":\"ListItem\",\"position\":1,\"name\":\"Home\",\"item\":\"https:\/\/www.enemalta.com.mt\/mt\/\"},{\"@type\":\"ListItem\",\"position\":2,\"name\":\"Servizzi fi proprjeta&#8217; residenzjali\"}]},{\"@type\":\"WebSite\",\"@id\":\"https:\/\/www.enemalta.com.mt\/#website\",\"url\":\"https:\/\/www.enemalta.com.mt\/\",\"name\":\"Enemalta\",\"description\":\"\",\"potentialAction\":[{\"@type\":\"SearchAction\",\"target\":{\"@type\":\"EntryPoint\",\"urlTemplate\":\"https:\/\/www.enemalta.com.mt\/?s={search_term_string}\"},\"query-input\":{\"@type\":\"PropertyValueSpecification\",\"valueRequired\":true,\"valueName\":\"search_term_string\"}}],\"inLanguage\":\"mt-MT\"}]}<\/script>\n<!-- \/ Yoast SEO plugin. -->","yoast_head_json":{"title":"Servizzi fi proprjeta' residenzjali - Enemalta","robots":{"index":"index","follow":"follow","max-snippet":"max-snippet:-1","max-image-preview":"max-image-preview:large","max-video-preview":"max-video-preview:-1"},"canonical":"https:\/\/www.enemalta.com.mt\/mt\/servizzi-fi-proprjeta-residenzjali\/","og_locale":"mt_MT","og_type":"article","og_title":"Servizzi fi proprjeta' residenzjali - Enemalta","og_url":"https:\/\/www.enemalta.com.mt\/mt\/servizzi-fi-proprjeta-residenzjali\/","og_site_name":"Enemalta","article_modified_time":"2018-11-29T09:14:15+00:00","og_image":[{"width":1403,"height":450,"url":"https:\/\/www.enemalta.com.mt\/wp-content\/uploads\/2018\/01\/Residential.jpg","type":"image\/jpeg"}],"twitter_card":"summary_large_image","twitter_misc":{"Est. reading time":"3 minutes"},"schema":{"@context":"https:\/\/schema.org","@graph":[{"@type":"WebPage","@id":"https:\/\/www.enemalta.com.mt\/mt\/servizzi-fi-proprjeta-residenzjali\/","url":"https:\/\/www.enemalta.com.mt\/mt\/servizzi-fi-proprjeta-residenzjali\/","name":"Servizzi fi proprjeta' residenzjali - Enemalta","isPartOf":{"@id":"https:\/\/www.enemalta.com.mt\/#website"},"primaryImageOfPage":{"@id":"https:\/\/www.enemalta.com.mt\/mt\/servizzi-fi-proprjeta-residenzjali\/#primaryimage"},"image":{"@id":"https:\/\/www.enemalta.com.mt\/mt\/servizzi-fi-proprjeta-residenzjali\/#primaryimage"},"thumbnailUrl":"\/wp-content\/uploads\/2018\/01\/Residential.jpg","datePublished":"2018-11-28T13:41:34+00:00","dateModified":"2018-11-29T09:14:15+00:00","breadcrumb":{"@id":"https:\/\/www.enemalta.com.mt\/mt\/servizzi-fi-proprjeta-residenzjali\/#breadcrumb"},"inLanguage":"mt-MT","potentialAction":[{"@type":"ReadAction","target":["https:\/\/www.enemalta.com.mt\/mt\/servizzi-fi-proprjeta-residenzjali\/"]}]},{"@type":"ImageObject","inLanguage":"mt-MT","@id":"https:\/\/www.enemalta.com.mt\/mt\/servizzi-fi-proprjeta-residenzjali\/#primaryimage","url":"\/wp-content\/uploads\/2018\/01\/Residential.jpg","contentUrl":"\/wp-content\/uploads\/2018\/01\/Residential.jpg","width":1403,"height":450},{"@type":"BreadcrumbList","@id":"https:\/\/www.enemalta.com.mt\/mt\/servizzi-fi-proprjeta-residenzjali\/#breadcrumb","itemListElement":[{"@type":"ListItem","position":1,"name":"Home","item":"https:\/\/www.enemalta.com.mt\/mt\/"},{"@type":"ListItem","position":2,"name":"Servizzi fi proprjeta&#8217; residenzjali"}]},{"@type":"WebSite","@id":"https:\/\/www.enemalta.com.mt\/#website","url":"https:\/\/www.enemalta.com.mt\/","name":"Enemalta","description":"","potentialAction":[{"@type":"SearchAction","target":{"@type":"EntryPoint","urlTemplate":"https:\/\/www.enemalta.com.mt\/?s={search_term_string}"},"query-input":{"@type":"PropertyValueSpecification","valueRequired":true,"valueName":"search_term_string"}}],"inLanguage":"mt-MT"}]}},"_links":{"self":[{"href":"https:\/\/www.enemalta.com.mt\/mt\/wp-json\/wp\/v2\/pages\/17181","targetHints":{"allow":["GET"]}}],"collection":[{"href":"https:\/\/www.enemalta.com.mt\/mt\/wp-json\/wp\/v2\/pages"}],"about":[{"href":"https:\/\/www.enemalta.com.mt\/mt\/wp-json\/wp\/v2\/types\/page"}],"author":[{"embeddable":true,"href":"https:\/\/www.enemalta.com.mt\/mt\/wp-json\/wp\/v2\/users\/3"}],"replies":[{"embeddable":true,"href":"https:\/\/www.enemalta.com.mt\/mt\/wp-json\/wp\/v2\/comments?post=17181"}],"version-history":[{"count":7,"href":"https:\/\/www.enemalta.com.mt\/mt\/wp-json\/wp\/v2\/pages\/17181\/revisions"}],"predecessor-version":[{"id":17222,"href":"https:\/\/www.enemalta.com.mt\/mt\/wp-json\/wp\/v2\/pages\/17181\/revisions\/17222"}],"wp:featuredmedia":[{"embeddable":true,"href":"https:\/\/www.enemalta.com.mt\/mt\/wp-json\/wp\/v2\/media\/16108"}],"wp:attachment":[{"href":"https:\/\/www.enemalta.com.mt\/mt\/wp-json\/wp\/v2\/media?parent=17181"}],"curies":[{"name":"wp","href":"https:\/\/api.w.org\/{rel}","templated":true}]}}