{"id":17154,"date":"2018-11-27T11:00:56","date_gmt":"2018-11-27T10:00:56","guid":{"rendered":"https:\/\/www.enemalta.com.mt\/17154-2\/"},"modified":"2018-11-27T11:00:57","modified_gmt":"2018-11-27T10:00:57","slug":"17154-2","status":"publish","type":"page","link":"https:\/\/www.enemalta.com.mt\/mt\/17154-2\/","title":{"rendered":""},"content":{"rendered":"<p><div class=\"fusion-fullwidth fullwidth-box fusion-builder-row-1 nonhundred-percent-fullwidth non-hundred-percent-height-scrolling\" style=\"--awb-border-radius-top-left:0px;--awb-border-radius-top-right:0px;--awb-border-radius-bottom-right:0px;--awb-border-radius-bottom-left:0px;--awb-flex-wrap:wrap;\" ><div class=\"fusion-builder-row fusion-row\"><div class=\"fusion-layout-column fusion_builder_column fusion-builder-column-0 fusion_builder_column_1_1 1_1 fusion-one-full fusion-column-first fusion-column-last\" style=\"--awb-bg-size:cover;\"><div class=\"fusion-column-wrapper fusion-flex-column-wrapper-legacy\"><div class=\"fusion-text fusion-text-1\"><h4 style=\"text-align: center; font-size: 33px; line-height: 50px;\">Biex tirrapporta tag\u0127mir tal-elettriku perikolu\u017c jew diffikultajiet tekni\u010bi o\u0127ra barra l-proprjet\u00e0 tieg\u0127ek<\/h4>\n<\/div><div class=\"fusion-text fusion-text-2\"><p>Inti tista\u2019 tikkuntattja wkoll lit-tim ta\u2019 g\u0127ajnuna lill-klijenti tag\u0127na 24\/7, tni\u017c\u017cel l-applikazzjoni g\u0127all-ismartphones Malta Electricity Hazards jew tu\u017ca l-formola online ta\u2019 hawn isfel, biex tirrapporta diffikultajiet o\u0127ra li mhumiex qeg\u0127din jaffettwaw is-servizz tal-elettriku tieg\u0127ek i\u017cda li xorta jistg\u0127u jirrikjedu l-g\u0127ajnuna tag\u0127na, b\u0127al:<\/p>\n<ul>\n<li>apparat tad-distribuzzjoni tal-elettriku li jkun perikolu\u017c jew bil-\u0127sara, b\u0127al wajers tal-elettriku maqtug\u0127in, wajers imdendlin fil-baxx, brakits tal-wajers maqlug\u0127in, u xrar<\/li>\n<li>tag\u0127mir tan-netwerk tal-elettriku qadim jew \u017cejjed, b\u0127al brakits tal-wajers fil-g\u0127oli jew arbli tal-elettriku li jista\u2019 jkollhom b\u017conn ji\u0121u msewwija, mibdula jew imne\u0127\u0127ija.<\/li>\n<\/ul>\n<\/div><div class=\"fusion-aligncenter\"><a class=\"fusion-button button-flat fusion-button-default-size button-default fusion-button-default button-1 fusion-button-default-span fusion-button-default-type\" target=\"_blank\" rel=\"noopener noreferrer\" href=\"https:\/\/play.google.com\/store\/apps\/details?id=mt.gov.MaltaElectricalHazards\"><span class=\"fusion-button-text awb-button__text awb-button__text--default\">Nizzel<\/span><\/a><\/div><div class=\"fusion-sep-clear\"><\/div><div class=\"fusion-separator fusion-full-width-sep\" style=\"margin-left: auto;margin-right: auto;margin-top:30px;width:100%;\"><\/div><div class=\"fusion-sep-clear\"><\/div><div class=\"fusion-aligncenter\"><a class=\"fusion-button button-flat fusion-button-default-size button-default fusion-button-default button-2 fusion-button-default-span fusion-button-default-type\" target=\"_blank\" rel=\"noopener noreferrer\" href=\"https:\/\/itunes.apple.com\/mt\/app\/malta-electrical-hazards\/id1179689672?mt=8\"><span class=\"fusion-button-text awb-button__text awb-button__text--default\">Nizzel<\/span><\/a><\/div><div class=\"fusion-clearfix\"><\/div><\/div><\/div><\/div><\/div><div class=\"fusion-fullwidth fullwidth-box fusion-builder-row-2 nonhundred-percent-fullwidth non-hundred-percent-height-scrolling\" style=\"--awb-border-radius-top-left:0px;--awb-border-radius-top-right:0px;--awb-border-radius-bottom-right:0px;--awb-border-radius-bottom-left:0px;--awb-flex-wrap:wrap;\" ><div class=\"fusion-builder-row fusion-row\"><div class=\"fusion-layout-column fusion_builder_column fusion-builder-column-1 fusion_builder_column_1_1 1_1 fusion-one-full fusion-column-first fusion-column-last\" style=\"--awb-bg-size:cover;\"><div class=\"fusion-column-wrapper fusion-flex-column-wrapper-legacy\"><div class=\"fusion-text fusion-text-3\"><p>Imla din il-formola biex tirrapporta tag\u0127mir tal-elettriku perikolu\u017c jew diffikultajiet tekni\u010bi o\u0127ra barra l-proprjet\u00e0 tieg\u0127ek:<\/p>\n<\/div><div class=\"fusion-clearfix\"><\/div><\/div><\/div><\/div><\/div><\/p>\n","protected":false},"excerpt":{"rendered":"","protected":false},"author":1,"featured_media":0,"parent":0,"menu_order":0,"comment_status":"closed","ping_status":"closed","template":"100-Notifications-Create-Generic.php","meta":{"_monsterinsights_skip_tracking":false,"_monsterinsights_sitenote_active":false,"_monsterinsights_sitenote_note":"","_monsterinsights_sitenote_category":0,"ngg_post_thumbnail":0,"footnotes":""},"class_list":["post-17154","page","type-page","status-publish","hentry"],"yoast_head":"<!-- This site is optimized with the Yoast SEO plugin v26.7 - https:\/\/yoast.com\/wordpress\/plugins\/seo\/ -->\n<title>- Enemalta<\/title>\n<meta name=\"robots\" content=\"index, follow, max-snippet:-1, max-image-preview:large, max-video-preview:-1\" \/>\n<link rel=\"canonical\" href=\"https:\/\/www.enemalta.com.mt\/mt\/17154-2\/\" \/>\n<meta property=\"og:locale\" content=\"mt_MT\" \/>\n<meta property=\"og:type\" content=\"article\" \/>\n<meta property=\"og:title\" content=\"- Enemalta\" \/>\n<meta property=\"og:url\" content=\"https:\/\/www.enemalta.com.mt\/mt\/17154-2\/\" \/>\n<meta property=\"og:site_name\" content=\"Enemalta\" \/>\n<meta property=\"article:modified_time\" content=\"2018-11-27T10:00:57+00:00\" \/>\n<meta name=\"twitter:card\" content=\"summary_large_image\" \/>\n<meta name=\"twitter:label1\" content=\"Est. reading time\" \/>\n\t<meta name=\"twitter:data1\" content=\"3 minutes\" \/>\n<script type=\"application\/ld+json\" class=\"yoast-schema-graph\">{\"@context\":\"https:\/\/schema.org\",\"@graph\":[{\"@type\":\"WebPage\",\"@id\":\"https:\/\/www.enemalta.com.mt\/mt\/17154-2\/\",\"url\":\"https:\/\/www.enemalta.com.mt\/mt\/17154-2\/\",\"name\":\"- Enemalta\",\"isPartOf\":{\"@id\":\"https:\/\/www.enemalta.com.mt\/#website\"},\"datePublished\":\"2018-11-27T10:00:56+00:00\",\"dateModified\":\"2018-11-27T10:00:57+00:00\",\"inLanguage\":\"mt-MT\",\"potentialAction\":[{\"@type\":\"ReadAction\",\"target\":[\"https:\/\/www.enemalta.com.mt\/mt\/17154-2\/\"]}]},{\"@type\":\"WebSite\",\"@id\":\"https:\/\/www.enemalta.com.mt\/#website\",\"url\":\"https:\/\/www.enemalta.com.mt\/\",\"name\":\"Enemalta\",\"description\":\"\",\"potentialAction\":[{\"@type\":\"SearchAction\",\"target\":{\"@type\":\"EntryPoint\",\"urlTemplate\":\"https:\/\/www.enemalta.com.mt\/?s={search_term_string}\"},\"query-input\":{\"@type\":\"PropertyValueSpecification\",\"valueRequired\":true,\"valueName\":\"search_term_string\"}}],\"inLanguage\":\"mt-MT\"}]}<\/script>\n<!-- \/ Yoast SEO plugin. -->","yoast_head_json":{"title":"- Enemalta","robots":{"index":"index","follow":"follow","max-snippet":"max-snippet:-1","max-image-preview":"max-image-preview:large","max-video-preview":"max-video-preview:-1"},"canonical":"https:\/\/www.enemalta.com.mt\/mt\/17154-2\/","og_locale":"mt_MT","og_type":"article","og_title":"- Enemalta","og_url":"https:\/\/www.enemalta.com.mt\/mt\/17154-2\/","og_site_name":"Enemalta","article_modified_time":"2018-11-27T10:00:57+00:00","twitter_card":"summary_large_image","twitter_misc":{"Est. reading time":"3 minutes"},"schema":{"@context":"https:\/\/schema.org","@graph":[{"@type":"WebPage","@id":"https:\/\/www.enemalta.com.mt\/mt\/17154-2\/","url":"https:\/\/www.enemalta.com.mt\/mt\/17154-2\/","name":"- Enemalta","isPartOf":{"@id":"https:\/\/www.enemalta.com.mt\/#website"},"datePublished":"2018-11-27T10:00:56+00:00","dateModified":"2018-11-27T10:00:57+00:00","inLanguage":"mt-MT","potentialAction":[{"@type":"ReadAction","target":["https:\/\/www.enemalta.com.mt\/mt\/17154-2\/"]}]},{"@type":"WebSite","@id":"https:\/\/www.enemalta.com.mt\/#website","url":"https:\/\/www.enemalta.com.mt\/","name":"Enemalta","description":"","potentialAction":[{"@type":"SearchAction","target":{"@type":"EntryPoint","urlTemplate":"https:\/\/www.enemalta.com.mt\/?s={search_term_string}"},"query-input":{"@type":"PropertyValueSpecification","valueRequired":true,"valueName":"search_term_string"}}],"inLanguage":"mt-MT"}]}},"_links":{"self":[{"href":"https:\/\/www.enemalta.com.mt\/mt\/wp-json\/wp\/v2\/pages\/17154","targetHints":{"allow":["GET"]}}],"collection":[{"href":"https:\/\/www.enemalta.com.mt\/mt\/wp-json\/wp\/v2\/pages"}],"about":[{"href":"https:\/\/www.enemalta.com.mt\/mt\/wp-json\/wp\/v2\/types\/page"}],"author":[{"embeddable":true,"href":"https:\/\/www.enemalta.com.mt\/mt\/wp-json\/wp\/v2\/users\/1"}],"replies":[{"embeddable":true,"href":"https:\/\/www.enemalta.com.mt\/mt\/wp-json\/wp\/v2\/comments?post=17154"}],"version-history":[{"count":1,"href":"https:\/\/www.enemalta.com.mt\/mt\/wp-json\/wp\/v2\/pages\/17154\/revisions"}],"predecessor-version":[{"id":17155,"href":"https:\/\/www.enemalta.com.mt\/mt\/wp-json\/wp\/v2\/pages\/17154\/revisions\/17155"}],"wp:attachment":[{"href":"https:\/\/www.enemalta.com.mt\/mt\/wp-json\/wp\/v2\/media?parent=17154"}],"curies":[{"name":"wp","href":"https:\/\/api.w.org\/{rel}","templated":true}]}}