{"id":17145,"date":"2018-11-27T10:22:39","date_gmt":"2018-11-27T09:22:39","guid":{"rendered":"https:\/\/www.enemalta.com.mt\/ara-l-istatus-tar-rapport\/"},"modified":"2018-11-27T10:23:07","modified_gmt":"2018-11-27T09:23:07","slug":"ara-l-istatus-tar-rapport","status":"publish","type":"page","link":"https:\/\/www.enemalta.com.mt\/mt\/ara-l-istatus-tar-rapport\/","title":{"rendered":"Ara l-istatus tar-rapport"},"content":{"rendered":"<div class=\"fusion-fullwidth fullwidth-box fusion-builder-row-1 nonhundred-percent-fullwidth non-hundred-percent-height-scrolling\" style=\"--awb-border-radius-top-left:0px;--awb-border-radius-top-right:0px;--awb-border-radius-bottom-right:0px;--awb-border-radius-bottom-left:0px;--awb-flex-wrap:wrap;\" ><div class=\"fusion-builder-row fusion-row\"><div class=\"fusion-layout-column fusion_builder_column fusion-builder-column-0 fusion_builder_column_1_1 1_1 fusion-one-full fusion-column-first fusion-column-last\" style=\"--awb-bg-size:cover;\"><div class=\"fusion-column-wrapper fusion-flex-column-wrapper-legacy\"><div class=\"fusion-text fusion-text-1\"><h4 style=\"text-align: center; font-size: 33px; line-height: 50px;\">Ara l-istatus tar-rapport<\/h4>\n<\/div><div class=\"fusion-text fusion-text-2\"><p>U\u017ca din l-g\u0127odda biex ti\u010b\u010bekkja l-istatus tar-rapporti tieg\u0127ek ta\u2019 talba g\u0127all-assistenza dwar diffikultajiet tekni\u010bi. Suppost tkun ir\u010bevejt dan in-numru tan-notifika permezz ta\u2019 messa\u0121\u0121 SMS fuq in-numru tat-telefown \u010bellulari li indikajt fir-rapport tieg\u0127ek.<\/p>\n<\/div><div class=\"fusion-clearfix\"><\/div><\/div><\/div><\/div><\/div>\n","protected":false},"excerpt":{"rendered":"","protected":false},"author":1,"featured_media":0,"parent":0,"menu_order":0,"comment_status":"closed","ping_status":"closed","template":"100-Width-Notifications-View.php","meta":{"_monsterinsights_skip_tracking":false,"_monsterinsights_sitenote_active":false,"_monsterinsights_sitenote_note":"","_monsterinsights_sitenote_category":0,"ngg_post_thumbnail":0,"footnotes":""},"class_list":["post-17145","page","type-page","status-publish","hentry"],"yoast_head":"<!-- This site is optimized with the Yoast SEO plugin v26.7 - https:\/\/yoast.com\/wordpress\/plugins\/seo\/ -->\n<title>Ara l-istatus tar-rapport - Enemalta<\/title>\n<meta name=\"robots\" content=\"index, follow, max-snippet:-1, max-image-preview:large, max-video-preview:-1\" \/>\n<link rel=\"canonical\" href=\"https:\/\/www.enemalta.com.mt\/mt\/ara-l-istatus-tar-rapport\/\" \/>\n<meta property=\"og:locale\" content=\"mt_MT\" \/>\n<meta property=\"og:type\" content=\"article\" \/>\n<meta property=\"og:title\" content=\"Ara l-istatus tar-rapport - Enemalta\" \/>\n<meta property=\"og:url\" content=\"https:\/\/www.enemalta.com.mt\/mt\/ara-l-istatus-tar-rapport\/\" \/>\n<meta property=\"og:site_name\" content=\"Enemalta\" \/>\n<meta property=\"article:modified_time\" content=\"2018-11-27T09:23:07+00:00\" \/>\n<meta name=\"twitter:card\" content=\"summary_large_image\" \/>\n<meta name=\"twitter:label1\" content=\"Est. reading time\" \/>\n\t<meta name=\"twitter:data1\" content=\"1 minute\" \/>\n<script type=\"application\/ld+json\" class=\"yoast-schema-graph\">{\"@context\":\"https:\/\/schema.org\",\"@graph\":[{\"@type\":\"WebPage\",\"@id\":\"https:\/\/www.enemalta.com.mt\/mt\/ara-l-istatus-tar-rapport\/\",\"url\":\"https:\/\/www.enemalta.com.mt\/mt\/ara-l-istatus-tar-rapport\/\",\"name\":\"Ara l-istatus tar-rapport - Enemalta\",\"isPartOf\":{\"@id\":\"https:\/\/enemalta.com.mt\/#website\"},\"datePublished\":\"2018-11-27T09:22:39+00:00\",\"dateModified\":\"2018-11-27T09:23:07+00:00\",\"breadcrumb\":{\"@id\":\"https:\/\/www.enemalta.com.mt\/mt\/ara-l-istatus-tar-rapport\/#breadcrumb\"},\"inLanguage\":\"mt-MT\",\"potentialAction\":[{\"@type\":\"ReadAction\",\"target\":[\"https:\/\/www.enemalta.com.mt\/mt\/ara-l-istatus-tar-rapport\/\"]}]},{\"@type\":\"BreadcrumbList\",\"@id\":\"https:\/\/www.enemalta.com.mt\/mt\/ara-l-istatus-tar-rapport\/#breadcrumb\",\"itemListElement\":[{\"@type\":\"ListItem\",\"position\":1,\"name\":\"Home\",\"item\":\"https:\/\/enemalta.com.mt\/mt\/\"},{\"@type\":\"ListItem\",\"position\":2,\"name\":\"Ara l-istatus tar-rapport\"}]},{\"@type\":\"WebSite\",\"@id\":\"https:\/\/enemalta.com.mt\/#website\",\"url\":\"https:\/\/enemalta.com.mt\/\",\"name\":\"Enemalta\",\"description\":\"\",\"potentialAction\":[{\"@type\":\"SearchAction\",\"target\":{\"@type\":\"EntryPoint\",\"urlTemplate\":\"https:\/\/enemalta.com.mt\/?s={search_term_string}\"},\"query-input\":{\"@type\":\"PropertyValueSpecification\",\"valueRequired\":true,\"valueName\":\"search_term_string\"}}],\"inLanguage\":\"mt-MT\"}]}<\/script>\n<!-- \/ Yoast SEO plugin. -->","yoast_head_json":{"title":"Ara l-istatus tar-rapport - Enemalta","robots":{"index":"index","follow":"follow","max-snippet":"max-snippet:-1","max-image-preview":"max-image-preview:large","max-video-preview":"max-video-preview:-1"},"canonical":"https:\/\/www.enemalta.com.mt\/mt\/ara-l-istatus-tar-rapport\/","og_locale":"mt_MT","og_type":"article","og_title":"Ara l-istatus tar-rapport - Enemalta","og_url":"https:\/\/www.enemalta.com.mt\/mt\/ara-l-istatus-tar-rapport\/","og_site_name":"Enemalta","article_modified_time":"2018-11-27T09:23:07+00:00","twitter_card":"summary_large_image","twitter_misc":{"Est. reading time":"1 minute"},"schema":{"@context":"https:\/\/schema.org","@graph":[{"@type":"WebPage","@id":"https:\/\/www.enemalta.com.mt\/mt\/ara-l-istatus-tar-rapport\/","url":"https:\/\/www.enemalta.com.mt\/mt\/ara-l-istatus-tar-rapport\/","name":"Ara l-istatus tar-rapport - Enemalta","isPartOf":{"@id":"https:\/\/enemalta.com.mt\/#website"},"datePublished":"2018-11-27T09:22:39+00:00","dateModified":"2018-11-27T09:23:07+00:00","breadcrumb":{"@id":"https:\/\/www.enemalta.com.mt\/mt\/ara-l-istatus-tar-rapport\/#breadcrumb"},"inLanguage":"mt-MT","potentialAction":[{"@type":"ReadAction","target":["https:\/\/www.enemalta.com.mt\/mt\/ara-l-istatus-tar-rapport\/"]}]},{"@type":"BreadcrumbList","@id":"https:\/\/www.enemalta.com.mt\/mt\/ara-l-istatus-tar-rapport\/#breadcrumb","itemListElement":[{"@type":"ListItem","position":1,"name":"Home","item":"https:\/\/enemalta.com.mt\/mt\/"},{"@type":"ListItem","position":2,"name":"Ara l-istatus tar-rapport"}]},{"@type":"WebSite","@id":"https:\/\/enemalta.com.mt\/#website","url":"https:\/\/enemalta.com.mt\/","name":"Enemalta","description":"","potentialAction":[{"@type":"SearchAction","target":{"@type":"EntryPoint","urlTemplate":"https:\/\/enemalta.com.mt\/?s={search_term_string}"},"query-input":{"@type":"PropertyValueSpecification","valueRequired":true,"valueName":"search_term_string"}}],"inLanguage":"mt-MT"}]}},"_links":{"self":[{"href":"https:\/\/www.enemalta.com.mt\/mt\/wp-json\/wp\/v2\/pages\/17145","targetHints":{"allow":["GET"]}}],"collection":[{"href":"https:\/\/www.enemalta.com.mt\/mt\/wp-json\/wp\/v2\/pages"}],"about":[{"href":"https:\/\/www.enemalta.com.mt\/mt\/wp-json\/wp\/v2\/types\/page"}],"author":[{"embeddable":true,"href":"https:\/\/www.enemalta.com.mt\/mt\/wp-json\/wp\/v2\/users\/1"}],"replies":[{"embeddable":true,"href":"https:\/\/www.enemalta.com.mt\/mt\/wp-json\/wp\/v2\/comments?post=17145"}],"version-history":[{"count":1,"href":"https:\/\/www.enemalta.com.mt\/mt\/wp-json\/wp\/v2\/pages\/17145\/revisions"}],"predecessor-version":[{"id":17146,"href":"https:\/\/www.enemalta.com.mt\/mt\/wp-json\/wp\/v2\/pages\/17145\/revisions\/17146"}],"wp:attachment":[{"href":"https:\/\/www.enemalta.com.mt\/mt\/wp-json\/wp\/v2\/media?parent=17145"}],"curies":[{"name":"wp","href":"https:\/\/api.w.org\/{rel}","templated":true}]}}