{"id":17139,"date":"2018-11-27T10:15:17","date_gmt":"2018-11-27T09:15:17","guid":{"rendered":"https:\/\/www.enemalta.com.mt\/irrapporta-diffikultajiet-ohra\/"},"modified":"2024-09-11T08:55:52","modified_gmt":"2024-09-11T06:55:52","slug":"irrapporta-diffikultajiet-ohra","status":"publish","type":"page","link":"https:\/\/www.enemalta.com.mt\/mt\/irrapporta-diffikultajiet-ohra\/","title":{"rendered":"Irrapporta diffikultajiet o\u0127ra"},"content":{"rendered":"<p><div class=\"fusion-fullwidth fullwidth-box fusion-builder-row-1 fusion-flex-container nonhundred-percent-fullwidth non-hundred-percent-height-scrolling\" style=\"--awb-border-radius-top-left:0px;--awb-border-radius-top-right:0px;--awb-border-radius-bottom-right:0px;--awb-border-radius-bottom-left:0px;--awb-padding-top:30px;--awb-flex-wrap:wrap;\" ><div class=\"fusion-builder-row fusion-row fusion-flex-align-items-flex-start fusion-flex-content-wrap\" style=\"max-width:1144px;margin-left: calc(-4% \/ 2 );margin-right: calc(-4% \/ 2 );\"><div class=\"fusion-layout-column fusion_builder_column fusion-builder-column-0 fusion_builder_column_1_1 1_1 fusion-flex-column\" style=\"--awb-padding-top:10px;--awb-padding-bottom:10px;--awb-bg-size:cover;--awb-width-large:100%;--awb-margin-top-large:0px;--awb-spacing-right-large:1.92%;--awb-margin-bottom-large:0px;--awb-spacing-left-large:1.92%;--awb-width-medium:100%;--awb-spacing-right-medium:1.92%;--awb-spacing-left-medium:1.92%;--awb-width-small:100%;--awb-spacing-right-small:1.92%;--awb-spacing-left-small:1.92%;\"><div class=\"fusion-column-wrapper fusion-flex-justify-content-flex-start fusion-content-layout-column\"><div class=\"fusion-text fusion-text-1\"><h4 style=\"text-align: center; font-size: 33px; line-height: 50px;\">Irrapporta diffikultajiet o\u0127ra<\/h4>\n<\/div><div class=\"fusion-text fusion-text-2\" style=\"--awb-text-transform:none;\"><p>\u010aempel lit-tim ta\u2019 g\u0127ajnuna lill-klijenti tag\u0127na 24\/7 fuq 8000 2224, jew u\u017ca wa\u0127da mi\u017c-\u017cew\u0121 formoli online ta\u2019 hawn ta\u0127t, biex tirrapporta diffikultajiet tekni\u010bi relatati spe\u010bifikament mas-servizz tieg\u0127ek jew dwar servizzi jew tag\u0127mir o\u0127ra tal-Enemalta.<\/p>\n<p>Biex tirrapporta qtug\u0127 tal-provvista, \u010bempel lit-tim ta\u2019 g\u0127ajnuna lill-klijenti tag\u0127na 24\/7 fuq 8000 2224 jew u\u017ca din l-g\u0127odda online.<\/p>\n<\/div><\/div><\/div><\/div><\/div><div class=\"fusion-fullwidth fullwidth-box fusion-builder-row-2 fusion-flex-container nonhundred-percent-fullwidth non-hundred-percent-height-scrolling\" style=\"--awb-border-sizes-top:0px;--awb-border-sizes-bottom:0px;--awb-border-sizes-left:0px;--awb-border-sizes-right:0px;--awb-border-radius-top-left:0px;--awb-border-radius-top-right:0px;--awb-border-radius-bottom-right:0px;--awb-border-radius-bottom-left:0px;--awb-padding-bottom:2.5%;--awb-background-color:rgba(244,246,248,0);--awb-flex-wrap:wrap;\" ><div class=\"fusion-builder-row fusion-row fusion-flex-align-items-flex-start fusion-flex-content-wrap\" style=\"max-width:1144px;margin-left: calc(-4% \/ 2 );margin-right: calc(-4% \/ 2 );\"><div class=\"fusion-layout-column fusion_builder_column fusion-builder-column-1 fusion_builder_column_1_1 1_1 fusion-flex-column fusion-flex-align-self-flex-start fusion-column-no-min-height\" style=\"--awb-bg-size:cover;--awb-width-large:100%;--awb-margin-top-large:0px;--awb-spacing-right-large:1.92%;--awb-margin-bottom-large:0px;--awb-spacing-left-large:1.92%;--awb-width-medium:100%;--awb-spacing-right-medium:1.92%;--awb-spacing-left-medium:1.92%;--awb-width-small:100%;--awb-spacing-right-small:1.92%;--awb-spacing-left-small:1.92%;\"><div class=\"fusion-column-wrapper fusion-flex-justify-content-flex-start fusion-content-layout-column\"><div class=\"fusion-content-boxes content-boxes columns row fusion-columns-3 fusion-columns-total-3 fusion-content-boxes-1 content-boxes-clean-vertical content-left content-boxes-icon-on-top fusion-delayed-animation\" style=\"--awb-margin-top:0px;--awb-margin-bottom:0px;--awb-hover-accent-color:#6d6d6d;--awb-circle-hover-accent-color:#6d6d6d;\" data-animation-delay=\"300\" data-animationOffset=\"top-into-view\"><div style=\"--awb-backgroundcolor:rgba(255,255,255,0);border-color:rgba(244,67,54,0);\" class=\"fusion-column content-box-column content-box-column content-box-column-1 col-lg-4 col-md-4 col-sm-4 fusion-content-box-hover content-box-column-first-in-row\"><div class=\"col content-box-wrapper content-wrapper link-area-link-icon link-type-text icon-hover-animation-pulsate fusion-animated\" data-animationType=\"fadeInDown\" data-animationDuration=\"0.7\" data-animationOffset=\"top-into-view\"><div class=\"heading heading-with-icon icon-left\"><a class=\"heading-link\" href=\"https:\/\/www.enemalta.com.mt\/report-technical-difficulties\/\" target=\"_self\"><div class=\"icon\" style=\"-webkit-animation-duration: 300ms;animation-duration: 300ms;\"><i style=\"border-color:#8bc34a;border-width:0px;background-color:#8bc34a;box-sizing:content-box;height:124px;width:124px;line-height:124px;border-radius:50%;font-size:62px;\" aria-hidden=\"true\" class=\"fontawesome-icon fa fa-user circle-yes\"><\/i><\/div><h2 class=\"content-box-heading\" style=\"--h2_typography-font-size:32px;line-height:37px;\">Diffikultajiet tekni\u010bi individwali<\/h2><\/a><\/div><div class=\"fusion-clearfix\"><\/div><div class=\"content-container\">\n<p>Irrapporta diffikultajiet tekni\u010bi relatati spe\u010bifikament mas-servizz tal-elettriku tieg\u0127ek.<\/p>\n<\/div><\/div><\/div><div style=\"--awb-backgroundcolor:rgba(255,255,255,0);border-color:rgba(244,67,54,0);\" class=\"fusion-column content-box-column content-box-column content-box-column-2 col-lg-4 col-md-4 col-sm-4 fusion-content-box-hover \"><div class=\"col content-box-wrapper content-wrapper link-area-link-icon link-type-text icon-hover-animation-pulsate fusion-animated\" data-animationType=\"fadeInDown\" data-animationDuration=\"0.7\" data-animationOffset=\"top-into-view\"><div class=\"heading heading-with-icon icon-left\"><a class=\"heading-link\" href=\"https:\/\/www.enemalta.com.mt\/notifications-generic\/\" target=\"_self\"><div class=\"icon\" style=\"-webkit-animation-duration: 300ms;animation-duration: 300ms;\"><i style=\"border-color:#8bc34a;border-width:0px;background-color:#8bc34a;box-sizing:content-box;height:124px;width:124px;line-height:124px;border-radius:50%;font-size:62px;\" aria-hidden=\"true\" class=\"fontawesome-icon fa fa-users circle-yes\"><\/i><\/div><h2 class=\"content-box-heading\" style=\"--h2_typography-font-size:32px;line-height:37px;\">Diffikultajiet barra l-proprjet\u00e0 tieg\u0127i<\/h2><\/a><\/div><div class=\"fusion-clearfix\"><\/div><div class=\"content-container\">\n<p>Irrapporta tag\u0127mir tal-elettriku perikolu\u017c jew diffikultajiet o\u0127ra mhux relatati mas-servizz tieg\u0127ek.<\/p>\n<\/div><\/div><\/div><div style=\"--awb-backgroundcolor:rgba(255,255,255,0);border-color:rgba(244,67,54,0);\" class=\"fusion-column content-box-column content-box-column content-box-column-3 col-lg-4 col-md-4 col-sm-4 fusion-content-box-hover content-box-column-last content-box-column-last-in-row\"><div class=\"col content-box-wrapper content-wrapper link-area-link-icon link-type-text icon-hover-animation-pulsate fusion-animated\" data-animationType=\"fadeInDown\" data-animationDuration=\"0.7\" data-animationOffset=\"top-into-view\"><div class=\"heading heading-with-icon icon-left\"><a class=\"heading-link\" href=\"https:\/\/www.enemalta.com.mt\/mt\/ara-l-istatus-tar-rapport\/\" target=\"_self\"><div class=\"icon\" style=\"-webkit-animation-duration: 300ms;animation-duration: 300ms;\"><i style=\"border-color:#8bc34a;border-width:0px;background-color:#8bc34a;box-sizing:content-box;height:124px;width:124px;line-height:124px;border-radius:50%;font-size:62px;\" aria-hidden=\"true\" class=\"fontawesome-icon fa fa-info-circle circle-yes\"><\/i><\/div><h2 class=\"content-box-heading\" style=\"--h2_typography-font-size:32px;line-height:37px;\">I\u010b\u010bekkja l-istatus tar-rapporti<\/h2><\/a><\/div><div class=\"fusion-clearfix\"><\/div><div class=\"content-container\">\n<p>I\u010b\u010bekkja l-istatus tar-rapporti pendenti tieg\u0127ek lit-tim ta\u2019 G\u0127ajnuna lill-Klijenti tag\u0127na.<\/p>\n<\/div><\/div><\/div><div class=\"fusion-clearfix\"><\/div><\/div><\/div><\/div><\/div><\/div><\/p>\n","protected":false},"excerpt":{"rendered":"","protected":false},"author":1,"featured_media":0,"parent":0,"menu_order":0,"comment_status":"closed","ping_status":"closed","template":"","meta":{"_monsterinsights_skip_tracking":false,"_monsterinsights_sitenote_active":false,"_monsterinsights_sitenote_note":"","_monsterinsights_sitenote_category":0,"ngg_post_thumbnail":0,"footnotes":""},"class_list":["post-17139","page","type-page","status-publish","hentry"],"yoast_head":"<!-- This site is optimized with the Yoast SEO plugin v26.7 - https:\/\/yoast.com\/wordpress\/plugins\/seo\/ -->\n<title>Irrapporta diffikultajiet o\u0127ra - Enemalta<\/title>\n<meta name=\"robots\" content=\"index, follow, max-snippet:-1, max-image-preview:large, max-video-preview:-1\" \/>\n<link rel=\"canonical\" href=\"https:\/\/www.enemalta.com.mt\/mt\/irrapporta-diffikultajiet-ohra\/\" \/>\n<meta property=\"og:locale\" content=\"mt_MT\" \/>\n<meta property=\"og:type\" content=\"article\" \/>\n<meta property=\"og:title\" content=\"Irrapporta diffikultajiet o\u0127ra - Enemalta\" \/>\n<meta property=\"og:url\" content=\"https:\/\/www.enemalta.com.mt\/mt\/irrapporta-diffikultajiet-ohra\/\" \/>\n<meta property=\"og:site_name\" content=\"Enemalta\" \/>\n<meta property=\"article:modified_time\" content=\"2024-09-11T06:55:52+00:00\" \/>\n<meta name=\"twitter:card\" content=\"summary_large_image\" \/>\n<meta name=\"twitter:label1\" content=\"Est. reading time\" \/>\n\t<meta name=\"twitter:data1\" content=\"2 minutes\" \/>\n<script type=\"application\/ld+json\" class=\"yoast-schema-graph\">{\"@context\":\"https:\/\/schema.org\",\"@graph\":[{\"@type\":\"WebPage\",\"@id\":\"https:\/\/www.enemalta.com.mt\/mt\/irrapporta-diffikultajiet-ohra\/\",\"url\":\"https:\/\/www.enemalta.com.mt\/mt\/irrapporta-diffikultajiet-ohra\/\",\"name\":\"Irrapporta diffikultajiet o\u0127ra - Enemalta\",\"isPartOf\":{\"@id\":\"https:\/\/enemalta.com.mt\/#website\"},\"datePublished\":\"2018-11-27T09:15:17+00:00\",\"dateModified\":\"2024-09-11T06:55:52+00:00\",\"breadcrumb\":{\"@id\":\"https:\/\/www.enemalta.com.mt\/mt\/irrapporta-diffikultajiet-ohra\/#breadcrumb\"},\"inLanguage\":\"mt-MT\",\"potentialAction\":[{\"@type\":\"ReadAction\",\"target\":[\"https:\/\/www.enemalta.com.mt\/mt\/irrapporta-diffikultajiet-ohra\/\"]}]},{\"@type\":\"BreadcrumbList\",\"@id\":\"https:\/\/www.enemalta.com.mt\/mt\/irrapporta-diffikultajiet-ohra\/#breadcrumb\",\"itemListElement\":[{\"@type\":\"ListItem\",\"position\":1,\"name\":\"Home\",\"item\":\"https:\/\/enemalta.com.mt\/mt\/\"},{\"@type\":\"ListItem\",\"position\":2,\"name\":\"Irrapporta diffikultajiet o\u0127ra\"}]},{\"@type\":\"WebSite\",\"@id\":\"https:\/\/enemalta.com.mt\/#website\",\"url\":\"https:\/\/enemalta.com.mt\/\",\"name\":\"Enemalta\",\"description\":\"\",\"potentialAction\":[{\"@type\":\"SearchAction\",\"target\":{\"@type\":\"EntryPoint\",\"urlTemplate\":\"https:\/\/enemalta.com.mt\/?s={search_term_string}\"},\"query-input\":{\"@type\":\"PropertyValueSpecification\",\"valueRequired\":true,\"valueName\":\"search_term_string\"}}],\"inLanguage\":\"mt-MT\"}]}<\/script>\n<!-- \/ Yoast SEO plugin. -->","yoast_head_json":{"title":"Irrapporta diffikultajiet o\u0127ra - Enemalta","robots":{"index":"index","follow":"follow","max-snippet":"max-snippet:-1","max-image-preview":"max-image-preview:large","max-video-preview":"max-video-preview:-1"},"canonical":"https:\/\/www.enemalta.com.mt\/mt\/irrapporta-diffikultajiet-ohra\/","og_locale":"mt_MT","og_type":"article","og_title":"Irrapporta diffikultajiet o\u0127ra - Enemalta","og_url":"https:\/\/www.enemalta.com.mt\/mt\/irrapporta-diffikultajiet-ohra\/","og_site_name":"Enemalta","article_modified_time":"2024-09-11T06:55:52+00:00","twitter_card":"summary_large_image","twitter_misc":{"Est. reading time":"2 minutes"},"schema":{"@context":"https:\/\/schema.org","@graph":[{"@type":"WebPage","@id":"https:\/\/www.enemalta.com.mt\/mt\/irrapporta-diffikultajiet-ohra\/","url":"https:\/\/www.enemalta.com.mt\/mt\/irrapporta-diffikultajiet-ohra\/","name":"Irrapporta diffikultajiet o\u0127ra - Enemalta","isPartOf":{"@id":"https:\/\/enemalta.com.mt\/#website"},"datePublished":"2018-11-27T09:15:17+00:00","dateModified":"2024-09-11T06:55:52+00:00","breadcrumb":{"@id":"https:\/\/www.enemalta.com.mt\/mt\/irrapporta-diffikultajiet-ohra\/#breadcrumb"},"inLanguage":"mt-MT","potentialAction":[{"@type":"ReadAction","target":["https:\/\/www.enemalta.com.mt\/mt\/irrapporta-diffikultajiet-ohra\/"]}]},{"@type":"BreadcrumbList","@id":"https:\/\/www.enemalta.com.mt\/mt\/irrapporta-diffikultajiet-ohra\/#breadcrumb","itemListElement":[{"@type":"ListItem","position":1,"name":"Home","item":"https:\/\/enemalta.com.mt\/mt\/"},{"@type":"ListItem","position":2,"name":"Irrapporta diffikultajiet o\u0127ra"}]},{"@type":"WebSite","@id":"https:\/\/enemalta.com.mt\/#website","url":"https:\/\/enemalta.com.mt\/","name":"Enemalta","description":"","potentialAction":[{"@type":"SearchAction","target":{"@type":"EntryPoint","urlTemplate":"https:\/\/enemalta.com.mt\/?s={search_term_string}"},"query-input":{"@type":"PropertyValueSpecification","valueRequired":true,"valueName":"search_term_string"}}],"inLanguage":"mt-MT"}]}},"_links":{"self":[{"href":"https:\/\/www.enemalta.com.mt\/mt\/wp-json\/wp\/v2\/pages\/17139","targetHints":{"allow":["GET"]}}],"collection":[{"href":"https:\/\/www.enemalta.com.mt\/mt\/wp-json\/wp\/v2\/pages"}],"about":[{"href":"https:\/\/www.enemalta.com.mt\/mt\/wp-json\/wp\/v2\/types\/page"}],"author":[{"embeddable":true,"href":"https:\/\/www.enemalta.com.mt\/mt\/wp-json\/wp\/v2\/users\/1"}],"replies":[{"embeddable":true,"href":"https:\/\/www.enemalta.com.mt\/mt\/wp-json\/wp\/v2\/comments?post=17139"}],"version-history":[{"count":20,"href":"https:\/\/www.enemalta.com.mt\/mt\/wp-json\/wp\/v2\/pages\/17139\/revisions"}],"predecessor-version":[{"id":25151,"href":"https:\/\/www.enemalta.com.mt\/mt\/wp-json\/wp\/v2\/pages\/17139\/revisions\/25151"}],"wp:attachment":[{"href":"https:\/\/www.enemalta.com.mt\/mt\/wp-json\/wp\/v2\/media?parent=17139"}],"curies":[{"name":"wp","href":"https:\/\/api.w.org\/{rel}","templated":true}]}}