{"id":17009,"date":"2018-11-21T13:15:38","date_gmt":"2018-11-21T12:15:38","guid":{"rendered":"https:\/\/www.enemalta.com.mt\/sikurezza-tal-elettriku\/"},"modified":"2018-11-30T10:29:36","modified_gmt":"2018-11-30T09:29:36","slug":"sikurezza-tal-elettriku","status":"publish","type":"page","link":"https:\/\/www.enemalta.com.mt\/mt\/sikurezza-tal-elettriku\/","title":{"rendered":"Sikurezza tal-Elettriku"},"content":{"rendered":"<div class=\"fusion-fullwidth fullwidth-box fusion-builder-row-1 nonhundred-percent-fullwidth non-hundred-percent-height-scrolling\" style=\"--awb-border-radius-top-left:0px;--awb-border-radius-top-right:0px;--awb-border-radius-bottom-right:0px;--awb-border-radius-bottom-left:0px;--awb-flex-wrap:wrap;\" ><div class=\"fusion-builder-row fusion-row\"><div class=\"fusion-layout-column fusion_builder_column fusion-builder-column-0 fusion_builder_column_1_1 1_1 fusion-one-full fusion-column-first fusion-column-last\" style=\"--awb-padding-top:1px;--awb-padding-bottom:1px;--awb-bg-size:cover;--awb-margin-bottom:0px;\"><div class=\"fusion-column-wrapper fusion-flex-column-wrapper-legacy\"><div class=\"fusion-text fusion-text-1\"><p style=\"margin: 0in; margin-bottom: .0001pt; background: white;\"><span lang=\"MT\" style=\"font-family: 'Calibri',sans-serif; color: black;\"><br \/>\nMeta kienet l-a\u0127\u0127ar darba li \u010b\u010bekkjat l-installazzjoni elettrika interna tal-proprjet\u00e0 tieg\u0127ek?<\/p>\n<p><\/span><span lang=\"MT\" style=\"font-family: 'Calibri',sans-serif; color: black;\">Sistema mi\u017cmuma tajjeb tnaqqas ir-riskji ta\u2019 \u0127sara lill-proprjet\u00e0 tieg\u0127ek u ta&#8217; \u0127sara lill-persuni li ju\u017cawha.&nbsp;<\/p>\n<p><\/span><\/p>\n<p style=\"margin: 0in; margin-bottom: .0001pt; background: white;\"><span lang=\"MT\" style=\"font-family: 'Calibri',sans-serif; color: black;\">Dawn huma xi pariri biex jg\u0127inuk i\u017c\u017commok proprjet\u00e0 \u0127ielsa mir-riskji tas-sikurezza tal-elettriku:<\/span><\/p>\n<p>&nbsp;<\/p>\n<\/div><div class=\"fusion-blog-shortcode fusion-blog-shortcode-1 fusion-blog-archive fusion-blog-layout-grid-wrapper fusion-blog-no\"><style type=\"text\/css\">.fusion-blog-shortcode-1 .fusion-blog-layout-grid .fusion-post-grid{padding:20px;}.fusion-blog-shortcode-1 .fusion-posts-container{margin-left: -20px !important; margin-right:-20px !important;}<\/style><div class=\"fusion-posts-container fusion-posts-container-no fusion-no-meta-info fusion-blog-layout-grid fusion-blog-layout-grid-3 isotope\" data-pages=\"1\" data-grid-col-space=\"40\" style=\"margin: -20px -20px 0;min-height:500px;\"><article id=\"blog-1-post-17037\" class=\"fusion-post-grid post-17037 post type-post status-publish format-standard has-post-thumbnail hentry category-pariri-ohra-ta-sikurezza\">\n<div class=\"fusion-post-wrapper\" style=\"background-color:rgba(255,255,255,0);border:1px solid #ebeaea;border-bottom-width:3px;\">\n\n\t\t\t<div class=\"fusion-flexslider flexslider fusion-flexslider-loading fusion-post-slideshow\" style=\"border-color:#ebeaea;\">\n\t\t<ul class=\"slides\">\n\t\t\t\n\t\t\t\t\t\t\t\t\t\t\t\t\t\t<li><div  class=\"fusion-image-wrapper\" aria-haspopup=\"true\">\n\t\t\t\t\t\t\t<a href=\"https:\/\/www.enemalta.com.mt\/mt\/2018\/11\/21\/regolamenti-dwar-is-sikurezza-tal-elettriku\/\" aria-label=\"Regolamenti dwar is-sikurezza tal-elettriku\">\n\t\t\t\t\t\t\t<img decoding=\"async\" width=\"1600\" height=\"500\" src=\"\/wp-content\/uploads\/2017\/11\/capture5.jpg\" class=\"attachment-full size-full wp-post-image\" alt=\"\" srcset=\"\/wp-content\/uploads\/2017\/11\/capture5-200x63.jpg 200w, \/wp-content\/uploads\/2017\/11\/capture5-400x125.jpg 400w, \/wp-content\/uploads\/2017\/11\/capture5-600x188.jpg 600w, \/wp-content\/uploads\/2017\/11\/capture5-800x250.jpg 800w, \/wp-content\/uploads\/2017\/11\/capture5-1200x375.jpg 1200w, \/wp-content\/uploads\/2017\/11\/capture5.jpg 1600w\" sizes=\"(min-width: 2200px) 100vw, (min-width: 784px) 340px, (min-width: 712px) 510px, (min-width: 640px) 712px, \" \/>\t\t\t<\/a>\n\t\t\t\t\t\t\t<\/div>\n<\/li>\n\t\t\t\n\t\t\t\n\t\t\t\t\t\t\t\t\t\t\t\t\t\t\t\t\t\t\t\t\t\t\t\t\t\t\t\t\t\t\t\t\t\t\t\t\t\t\t\t\t\t\t\t\t\t\t\t\t\t\t\t\t\t\t\t\t\t\t\t\t\t\t\t\t\t\t\t<\/ul>\n\t<\/div>\n\t<div class=\"fusion-post-content-wrapper\" style=\"padding:30px 25px 25px 25px;\"><div class=\"fusion-post-content post-content\"><h2 class=\"blog-shortcode-post-title entry-title\"><a href=\"https:\/\/www.enemalta.com.mt\/mt\/2018\/11\/21\/regolamenti-dwar-is-sikurezza-tal-elettriku\/\">Regolamenti dwar is-sikurezza tal-elettriku<\/a><\/h2><\/div><\/div><div class=\"fusion-clearfix\"><\/div><\/div>\n<\/article>\n<article id=\"blog-1-post-17025\" class=\"fusion-post-grid post-17025 post type-post status-publish format-standard has-post-thumbnail hentry category-pariri-ohra-ta-sikurezza\">\n<div class=\"fusion-post-wrapper\" style=\"background-color:rgba(255,255,255,0);border:1px solid #ebeaea;border-bottom-width:3px;\">\n\n\t\t\t<div class=\"fusion-flexslider flexslider fusion-flexslider-loading fusion-post-slideshow\" style=\"border-color:#ebeaea;\">\n\t\t<ul class=\"slides\">\n\t\t\t\n\t\t\t\t\t\t\t\t\t\t\t\t\t\t<li><div  class=\"fusion-image-wrapper\" aria-haspopup=\"true\">\n\t\t\t\t\t\t\t<a href=\"https:\/\/www.enemalta.com.mt\/mt\/2018\/11\/21\/kunsiderazzjonijiet-ta-sikurezza-bazici\/\" aria-label=\"Kunsiderazzjonijiet ta\u2019 sikurezza ba\u017ci\u010bi\">\n\t\t\t\t\t\t\t<img decoding=\"async\" width=\"1600\" height=\"500\" src=\"\/wp-content\/uploads\/2017\/11\/capture6.jpg\" class=\"attachment-full size-full wp-post-image\" alt=\"\" srcset=\"\/wp-content\/uploads\/2017\/11\/capture6-200x63.jpg 200w, \/wp-content\/uploads\/2017\/11\/capture6-400x125.jpg 400w, \/wp-content\/uploads\/2017\/11\/capture6-600x188.jpg 600w, \/wp-content\/uploads\/2017\/11\/capture6-800x250.jpg 800w, \/wp-content\/uploads\/2017\/11\/capture6-1200x375.jpg 1200w, \/wp-content\/uploads\/2017\/11\/capture6.jpg 1600w\" sizes=\"(min-width: 2200px) 100vw, (min-width: 784px) 340px, (min-width: 712px) 510px, (min-width: 640px) 712px, \" \/>\t\t\t<\/a>\n\t\t\t\t\t\t\t<\/div>\n<\/li>\n\t\t\t\n\t\t\t\n\t\t\t\t\t\t\t\t\t\t\t\t\t\t\t\t\t\t\t\t\t\t\t\t\t\t\t\t\t\t\t\t\t\t\t\t\t\t\t\t\t\t\t\t\t\t\t\t\t\t\t\t\t\t\t\t\t\t\t\t\t\t\t\t\t\t\t\t<\/ul>\n\t<\/div>\n\t<div class=\"fusion-post-content-wrapper\" style=\"padding:30px 25px 25px 25px;\"><div class=\"fusion-post-content post-content\"><h2 class=\"blog-shortcode-post-title entry-title\"><a href=\"https:\/\/www.enemalta.com.mt\/mt\/2018\/11\/21\/kunsiderazzjonijiet-ta-sikurezza-bazici\/\">Kunsiderazzjonijiet ta\u2019 sikurezza ba\u017ci\u010bi<\/a><\/h2><\/div><\/div><div class=\"fusion-clearfix\"><\/div><\/div>\n<\/article>\n<article id=\"blog-1-post-17023\" class=\"fusion-post-grid post-17023 post type-post status-publish format-standard has-post-thumbnail hentry category-pariri-ohra-ta-sikurezza\">\n<div class=\"fusion-post-wrapper\" style=\"background-color:rgba(255,255,255,0);border:1px solid #ebeaea;border-bottom-width:3px;\">\n\n\t\t\t<div class=\"fusion-flexslider flexslider fusion-flexslider-loading fusion-post-slideshow\" style=\"border-color:#ebeaea;\">\n\t\t<ul class=\"slides\">\n\t\t\t\n\t\t\t\t\t\t\t\t\t\t\t\t\t\t<li><div  class=\"fusion-image-wrapper\" aria-haspopup=\"true\">\n\t\t\t\t\t\t\t<a href=\"https:\/\/www.enemalta.com.mt\/mt\/2018\/11\/21\/sikurezza-tal-elettriku-fil-kamra-tal-banju\/\" aria-label=\"Sikurezza tal-elettriku fil-kamra tal-banju\">\n\t\t\t\t\t\t\t<img decoding=\"async\" width=\"1600\" height=\"500\" src=\"\/wp-content\/uploads\/2017\/11\/Capture.jpg\" class=\"attachment-full size-full wp-post-image\" alt=\"\" srcset=\"\/wp-content\/uploads\/2017\/11\/Capture-200x63.jpg 200w, \/wp-content\/uploads\/2017\/11\/Capture-400x125.jpg 400w, \/wp-content\/uploads\/2017\/11\/Capture-600x188.jpg 600w, \/wp-content\/uploads\/2017\/11\/Capture-800x250.jpg 800w, \/wp-content\/uploads\/2017\/11\/Capture-1200x375.jpg 1200w, \/wp-content\/uploads\/2017\/11\/Capture.jpg 1600w\" sizes=\"(min-width: 2200px) 100vw, (min-width: 784px) 340px, (min-width: 712px) 510px, (min-width: 640px) 712px, \" \/>\t\t\t<\/a>\n\t\t\t\t\t\t\t<\/div>\n<\/li>\n\t\t\t\n\t\t\t\n\t\t\t\t\t\t\t\t\t\t\t\t\t\t\t\t\t\t\t\t\t\t\t\t\t\t\t\t\t\t\t\t\t\t\t\t\t\t\t\t\t\t\t\t\t\t\t\t\t\t\t\t\t\t\t\t\t\t\t\t\t\t\t\t\t\t\t\t<\/ul>\n\t<\/div>\n\t<div class=\"fusion-post-content-wrapper\" style=\"padding:30px 25px 25px 25px;\"><div class=\"fusion-post-content post-content\"><h2 class=\"blog-shortcode-post-title entry-title\"><a href=\"https:\/\/www.enemalta.com.mt\/mt\/2018\/11\/21\/sikurezza-tal-elettriku-fil-kamra-tal-banju\/\">Sikurezza tal-elettriku fil-kamra tal-banju<\/a><\/h2><\/div><\/div><div class=\"fusion-clearfix\"><\/div><\/div>\n<\/article>\n<article id=\"blog-1-post-17021\" class=\"fusion-post-grid post-17021 post type-post status-publish format-standard has-post-thumbnail hentry category-pariri-ohra-ta-sikurezza\">\n<div class=\"fusion-post-wrapper\" style=\"background-color:rgba(255,255,255,0);border:1px solid #ebeaea;border-bottom-width:3px;\">\n\n\t\t\t<div class=\"fusion-flexslider flexslider fusion-flexslider-loading fusion-post-slideshow\" style=\"border-color:#ebeaea;\">\n\t\t<ul class=\"slides\">\n\t\t\t\n\t\t\t\t\t\t\t\t\t\t\t\t\t\t<li><div  class=\"fusion-image-wrapper\" aria-haspopup=\"true\">\n\t\t\t\t\t\t\t<a href=\"https:\/\/www.enemalta.com.mt\/mt\/2018\/11\/21\/sikurezza-tal-elettriku-fil-kamra-tas-sodda\/\" aria-label=\"Sikurezza tal-elettriku fil-kamra tas-sodda\">\n\t\t\t\t\t\t\t<img decoding=\"async\" width=\"1600\" height=\"500\" src=\"\/wp-content\/uploads\/2017\/11\/Capture3.jpg\" class=\"attachment-full size-full wp-post-image\" alt=\"\" srcset=\"\/wp-content\/uploads\/2017\/11\/Capture3-200x63.jpg 200w, \/wp-content\/uploads\/2017\/11\/Capture3-400x125.jpg 400w, \/wp-content\/uploads\/2017\/11\/Capture3-600x188.jpg 600w, \/wp-content\/uploads\/2017\/11\/Capture3-800x250.jpg 800w, \/wp-content\/uploads\/2017\/11\/Capture3-1200x375.jpg 1200w, \/wp-content\/uploads\/2017\/11\/Capture3.jpg 1600w\" sizes=\"(min-width: 2200px) 100vw, (min-width: 784px) 340px, (min-width: 712px) 510px, (min-width: 640px) 712px, \" \/>\t\t\t<\/a>\n\t\t\t\t\t\t\t<\/div>\n<\/li>\n\t\t\t\n\t\t\t\n\t\t\t\t\t\t\t\t\t\t\t\t\t\t\t\t\t\t\t\t\t\t\t\t\t\t\t\t\t\t\t\t\t\t\t\t\t\t\t\t\t\t\t\t\t\t\t\t\t\t\t\t\t\t\t\t\t\t\t\t\t\t\t\t\t\t\t\t<\/ul>\n\t<\/div>\n\t<div class=\"fusion-post-content-wrapper\" style=\"padding:30px 25px 25px 25px;\"><div class=\"fusion-post-content post-content\"><h2 class=\"blog-shortcode-post-title entry-title\"><a href=\"https:\/\/www.enemalta.com.mt\/mt\/2018\/11\/21\/sikurezza-tal-elettriku-fil-kamra-tas-sodda\/\">Sikurezza tal-elettriku fil-kamra tas-sodda<\/a><\/h2><\/div><\/div><div class=\"fusion-clearfix\"><\/div><\/div>\n<\/article>\n<article id=\"blog-1-post-17019\" class=\"fusion-post-grid post-17019 post type-post status-publish format-standard has-post-thumbnail hentry category-pariri-ohra-ta-sikurezza\">\n<div class=\"fusion-post-wrapper\" style=\"background-color:rgba(255,255,255,0);border:1px solid #ebeaea;border-bottom-width:3px;\">\n\n\t\t\t<div class=\"fusion-flexslider flexslider fusion-flexslider-loading fusion-post-slideshow\" style=\"border-color:#ebeaea;\">\n\t\t<ul class=\"slides\">\n\t\t\t\n\t\t\t\t\t\t\t\t\t\t\t\t\t\t<li><div  class=\"fusion-image-wrapper\" aria-haspopup=\"true\">\n\t\t\t\t\t\t\t<a href=\"https:\/\/www.enemalta.com.mt\/mt\/2018\/11\/21\/sikurezza-tal-elettriku-fil-kcina\/\" aria-label=\"Sikurezza tal-elettriku fil-k\u010bina\">\n\t\t\t\t\t\t\t<img decoding=\"async\" width=\"1600\" height=\"500\" src=\"\/wp-content\/uploads\/2017\/11\/capture7.jpg\" class=\"attachment-full size-full wp-post-image\" alt=\"\" srcset=\"\/wp-content\/uploads\/2017\/11\/capture7-200x63.jpg 200w, \/wp-content\/uploads\/2017\/11\/capture7-400x125.jpg 400w, \/wp-content\/uploads\/2017\/11\/capture7-600x188.jpg 600w, \/wp-content\/uploads\/2017\/11\/capture7-800x250.jpg 800w, \/wp-content\/uploads\/2017\/11\/capture7-1200x375.jpg 1200w, \/wp-content\/uploads\/2017\/11\/capture7.jpg 1600w\" sizes=\"(min-width: 2200px) 100vw, (min-width: 784px) 340px, (min-width: 712px) 510px, (min-width: 640px) 712px, \" \/>\t\t\t<\/a>\n\t\t\t\t\t\t\t<\/div>\n<\/li>\n\t\t\t\n\t\t\t\n\t\t\t\t\t\t\t\t\t\t\t\t\t\t\t\t\t\t\t\t\t\t\t\t\t\t\t\t\t\t\t\t\t\t\t\t\t\t\t\t\t\t\t\t\t\t\t\t\t\t\t\t\t\t\t\t\t\t\t\t\t\t\t\t\t\t\t\t<\/ul>\n\t<\/div>\n\t<div class=\"fusion-post-content-wrapper\" style=\"padding:30px 25px 25px 25px;\"><div class=\"fusion-post-content post-content\"><h2 class=\"blog-shortcode-post-title entry-title\"><a href=\"https:\/\/www.enemalta.com.mt\/mt\/2018\/11\/21\/sikurezza-tal-elettriku-fil-kcina\/\">Sikurezza tal-elettriku fil-k\u010bina<\/a><\/h2><\/div><\/div><div class=\"fusion-clearfix\"><\/div><\/div>\n<\/article>\n<article id=\"blog-1-post-17014\" class=\"fusion-post-grid post-17014 post type-post status-publish format-standard has-post-thumbnail hentry category-pariri-ohra-ta-sikurezza\">\n<div class=\"fusion-post-wrapper\" style=\"background-color:rgba(255,255,255,0);border:1px solid #ebeaea;border-bottom-width:3px;\">\n\n\t\t\t<div class=\"fusion-flexslider flexslider fusion-flexslider-loading fusion-post-slideshow\" style=\"border-color:#ebeaea;\">\n\t\t<ul class=\"slides\">\n\t\t\t\n\t\t\t\t\t\t\t\t\t\t\t\t\t\t<li><div  class=\"fusion-image-wrapper\" aria-haspopup=\"true\">\n\t\t\t\t\t\t\t<a href=\"https:\/\/www.enemalta.com.mt\/mt\/2018\/11\/21\/pariri-ohra-ta-sikurezza\/\" aria-label=\"Pariri o\u0127ra ta\u2019 sikurezza\">\n\t\t\t\t\t\t\t<img decoding=\"async\" width=\"1600\" height=\"500\" src=\"\/wp-content\/uploads\/2017\/11\/crazy-lights.jpg\" class=\"attachment-full size-full wp-post-image\" alt=\"\" srcset=\"\/wp-content\/uploads\/2017\/11\/crazy-lights-200x63.jpg 200w, \/wp-content\/uploads\/2017\/11\/crazy-lights-400x125.jpg 400w, \/wp-content\/uploads\/2017\/11\/crazy-lights-600x188.jpg 600w, \/wp-content\/uploads\/2017\/11\/crazy-lights-800x250.jpg 800w, \/wp-content\/uploads\/2017\/11\/crazy-lights-1200x375.jpg 1200w, \/wp-content\/uploads\/2017\/11\/crazy-lights.jpg 1600w\" sizes=\"(min-width: 2200px) 100vw, (min-width: 784px) 340px, (min-width: 712px) 510px, (min-width: 640px) 712px, \" \/>\t\t\t<\/a>\n\t\t\t\t\t\t\t<\/div>\n<\/li>\n\t\t\t\n\t\t\t\n\t\t\t\t\t\t\t\t\t\t\t\t\t\t\t\t\t\t\t\t\t\t\t\t\t\t\t\t\t\t\t\t\t\t\t\t\t\t\t\t\t\t\t\t\t\t\t\t\t\t\t\t\t\t\t\t\t\t\t\t\t\t\t\t\t\t\t\t<\/ul>\n\t<\/div>\n\t<div class=\"fusion-post-content-wrapper\" style=\"padding:30px 25px 25px 25px;\"><div class=\"fusion-post-content post-content\"><h2 class=\"blog-shortcode-post-title entry-title\"><a href=\"https:\/\/www.enemalta.com.mt\/mt\/2018\/11\/21\/pariri-ohra-ta-sikurezza\/\">Pariri o\u0127ra ta\u2019 sikurezza<\/a><\/h2><\/div><\/div><div class=\"fusion-clearfix\"><\/div><\/div>\n<\/article>\n<div class=\"fusion-clearfix\"><\/div><\/div><\/div><div class=\"fusion-text fusion-text-2\"><p>Ag\u0127fas hawn biex taqra l-linji gwida dwar is-sikurezza tal-elettriku bil-Malti: <strong><a href=\"https:\/\/www.enemalta.com.mt\/wp-content\/uploads\/2017\/11\/2016-enemalta-plc-electricity-safetymt.pdf\">Mo\u0127\u0127ok mistrie\u0127 bis-sistema tal-elettriku tieg\u0127ek?<\/a><\/strong><\/p>\n<p>Aktar informazzjoni:<\/p>\n<ul>\n<li><a href=\"http:\/\/www.rews.org.mt\/\" target=\"_blank\" rel=\"noopener\">Regolatur g\u0127as-Servizzi tal-Ilma u l-Elettriku<\/a><\/li>\n<li><a href=\"http:\/\/www.justiceservices.gov.mt\/DownloadDocument.aspx?app=lom&amp;itemid=12372&amp;l=1\" target=\"_blank\" rel=\"noopener\"> Regolamenti tal-Installazzjoni Elettrika, Malta<\/a><\/li>\n<li><a href=\"http:\/\/www.justiceservices.gov.mt\/DownloadDocument.aspx?app=lom&amp;itemid=12349&amp;l=1\" target=\"_blank\" rel=\"noopener\">Regolamenti dwar il-Provvista tal-Elettriku, Malta&nbsp;<\/a><\/li>\n<li><a href=\"http:\/\/www.mccaa.org.mt\/\">SM5100-2015 Stallazzjonijiet fotovoltaj\u010bi &#8211; Rekwi\u017citi g\u0127as-sikurezza tal-elettriku ta\u2019 sistemi b&#8217;fa\u017ci wa\u0127da<\/a><\/li>\n<li><a href=\"http:\/\/www.mccaa.org.mt\/\" target=\"_blank\" rel=\"noopener\">Photovoltaic installations \u2013 Requirements for electrical safety of single phase systems<\/a><\/li>\n<li><a href=\"http:\/\/www.electricalsafetyfirst.org.uk\/\">Is-Sikurezza tal-Elettriku l-Ewwel &#8211; Renju Unit<\/a><\/li>\n<li><a href=\"http:\/\/etci.ie\/safety\/index.html\" target=\"_blank\" rel=\"noopener\">ETCI &nbsp;Sikurezza tal-Elettriku &#8211; l-Irlanda&nbsp;<\/a><\/li>\n<\/ul>\n<\/div><div class=\"fusion-clearfix\"><\/div><\/div><\/div><\/div><\/div>\n","protected":false},"excerpt":{"rendered":"","protected":false},"author":3,"featured_media":0,"parent":0,"menu_order":0,"comment_status":"closed","ping_status":"closed","template":"","meta":{"_monsterinsights_skip_tracking":false,"_monsterinsights_sitenote_active":false,"_monsterinsights_sitenote_note":"","_monsterinsights_sitenote_category":0,"ngg_post_thumbnail":0,"footnotes":""},"class_list":["post-17009","page","type-page","status-publish","hentry"],"yoast_head":"<!-- This site is optimized with the Yoast SEO plugin v26.7 - https:\/\/yoast.com\/wordpress\/plugins\/seo\/ -->\n<title>Sikurezza tal-Elettriku - Enemalta<\/title>\n<meta name=\"robots\" content=\"index, follow, max-snippet:-1, max-image-preview:large, max-video-preview:-1\" \/>\n<link rel=\"canonical\" href=\"https:\/\/www.enemalta.com.mt\/mt\/sikurezza-tal-elettriku\/\" \/>\n<meta property=\"og:locale\" content=\"mt_MT\" \/>\n<meta property=\"og:type\" content=\"article\" \/>\n<meta property=\"og:title\" content=\"Sikurezza tal-Elettriku - Enemalta\" \/>\n<meta property=\"og:url\" content=\"https:\/\/www.enemalta.com.mt\/mt\/sikurezza-tal-elettriku\/\" \/>\n<meta property=\"og:site_name\" content=\"Enemalta\" \/>\n<meta property=\"article:modified_time\" content=\"2018-11-30T09:29:36+00:00\" \/>\n<meta name=\"twitter:card\" content=\"summary_large_image\" \/>\n<meta name=\"twitter:label1\" content=\"Est. reading time\" \/>\n\t<meta name=\"twitter:data1\" content=\"2 minutes\" \/>\n<script type=\"application\/ld+json\" class=\"yoast-schema-graph\">{\"@context\":\"https:\/\/schema.org\",\"@graph\":[{\"@type\":\"WebPage\",\"@id\":\"https:\/\/www.enemalta.com.mt\/mt\/sikurezza-tal-elettriku\/\",\"url\":\"https:\/\/www.enemalta.com.mt\/mt\/sikurezza-tal-elettriku\/\",\"name\":\"Sikurezza tal-Elettriku - Enemalta\",\"isPartOf\":{\"@id\":\"https:\/\/enemalta.com.mt\/#website\"},\"datePublished\":\"2018-11-21T12:15:38+00:00\",\"dateModified\":\"2018-11-30T09:29:36+00:00\",\"breadcrumb\":{\"@id\":\"https:\/\/www.enemalta.com.mt\/mt\/sikurezza-tal-elettriku\/#breadcrumb\"},\"inLanguage\":\"mt-MT\",\"potentialAction\":[{\"@type\":\"ReadAction\",\"target\":[\"https:\/\/www.enemalta.com.mt\/mt\/sikurezza-tal-elettriku\/\"]}]},{\"@type\":\"BreadcrumbList\",\"@id\":\"https:\/\/www.enemalta.com.mt\/mt\/sikurezza-tal-elettriku\/#breadcrumb\",\"itemListElement\":[{\"@type\":\"ListItem\",\"position\":1,\"name\":\"Home\",\"item\":\"https:\/\/www.enemalta.com.mt\/mt\/\"},{\"@type\":\"ListItem\",\"position\":2,\"name\":\"Sikurezza tal-Elettriku\"}]},{\"@type\":\"WebSite\",\"@id\":\"https:\/\/enemalta.com.mt\/#website\",\"url\":\"https:\/\/enemalta.com.mt\/\",\"name\":\"Enemalta\",\"description\":\"\",\"potentialAction\":[{\"@type\":\"SearchAction\",\"target\":{\"@type\":\"EntryPoint\",\"urlTemplate\":\"https:\/\/enemalta.com.mt\/?s={search_term_string}\"},\"query-input\":{\"@type\":\"PropertyValueSpecification\",\"valueRequired\":true,\"valueName\":\"search_term_string\"}}],\"inLanguage\":\"mt-MT\"}]}<\/script>\n<!-- \/ Yoast SEO plugin. -->","yoast_head_json":{"title":"Sikurezza tal-Elettriku - Enemalta","robots":{"index":"index","follow":"follow","max-snippet":"max-snippet:-1","max-image-preview":"max-image-preview:large","max-video-preview":"max-video-preview:-1"},"canonical":"https:\/\/www.enemalta.com.mt\/mt\/sikurezza-tal-elettriku\/","og_locale":"mt_MT","og_type":"article","og_title":"Sikurezza tal-Elettriku - Enemalta","og_url":"https:\/\/www.enemalta.com.mt\/mt\/sikurezza-tal-elettriku\/","og_site_name":"Enemalta","article_modified_time":"2018-11-30T09:29:36+00:00","twitter_card":"summary_large_image","twitter_misc":{"Est. reading time":"2 minutes"},"schema":{"@context":"https:\/\/schema.org","@graph":[{"@type":"WebPage","@id":"https:\/\/www.enemalta.com.mt\/mt\/sikurezza-tal-elettriku\/","url":"https:\/\/www.enemalta.com.mt\/mt\/sikurezza-tal-elettriku\/","name":"Sikurezza tal-Elettriku - Enemalta","isPartOf":{"@id":"https:\/\/enemalta.com.mt\/#website"},"datePublished":"2018-11-21T12:15:38+00:00","dateModified":"2018-11-30T09:29:36+00:00","breadcrumb":{"@id":"https:\/\/www.enemalta.com.mt\/mt\/sikurezza-tal-elettriku\/#breadcrumb"},"inLanguage":"mt-MT","potentialAction":[{"@type":"ReadAction","target":["https:\/\/www.enemalta.com.mt\/mt\/sikurezza-tal-elettriku\/"]}]},{"@type":"BreadcrumbList","@id":"https:\/\/www.enemalta.com.mt\/mt\/sikurezza-tal-elettriku\/#breadcrumb","itemListElement":[{"@type":"ListItem","position":1,"name":"Home","item":"https:\/\/www.enemalta.com.mt\/mt\/"},{"@type":"ListItem","position":2,"name":"Sikurezza tal-Elettriku"}]},{"@type":"WebSite","@id":"https:\/\/enemalta.com.mt\/#website","url":"https:\/\/enemalta.com.mt\/","name":"Enemalta","description":"","potentialAction":[{"@type":"SearchAction","target":{"@type":"EntryPoint","urlTemplate":"https:\/\/enemalta.com.mt\/?s={search_term_string}"},"query-input":{"@type":"PropertyValueSpecification","valueRequired":true,"valueName":"search_term_string"}}],"inLanguage":"mt-MT"}]}},"_links":{"self":[{"href":"https:\/\/www.enemalta.com.mt\/mt\/wp-json\/wp\/v2\/pages\/17009","targetHints":{"allow":["GET"]}}],"collection":[{"href":"https:\/\/www.enemalta.com.mt\/mt\/wp-json\/wp\/v2\/pages"}],"about":[{"href":"https:\/\/www.enemalta.com.mt\/mt\/wp-json\/wp\/v2\/types\/page"}],"author":[{"embeddable":true,"href":"https:\/\/www.enemalta.com.mt\/mt\/wp-json\/wp\/v2\/users\/3"}],"replies":[{"embeddable":true,"href":"https:\/\/www.enemalta.com.mt\/mt\/wp-json\/wp\/v2\/comments?post=17009"}],"version-history":[{"count":6,"href":"https:\/\/www.enemalta.com.mt\/mt\/wp-json\/wp\/v2\/pages\/17009\/revisions"}],"predecessor-version":[{"id":17250,"href":"https:\/\/www.enemalta.com.mt\/mt\/wp-json\/wp\/v2\/pages\/17009\/revisions\/17250"}],"wp:attachment":[{"href":"https:\/\/www.enemalta.com.mt\/mt\/wp-json\/wp\/v2\/media?parent=17009"}],"curies":[{"name":"wp","href":"https:\/\/api.w.org\/{rel}","templated":true}]}}