{"id":16990,"date":"2018-11-21T10:48:13","date_gmt":"2018-11-21T09:48:13","guid":{"rendered":"https:\/\/www.enemalta.com.mt\/titjib-tan-netwerk-tieghek\/"},"modified":"2020-02-28T16:46:33","modified_gmt":"2020-02-28T15:46:33","slug":"titjib-tan-netwerk-tieghek","status":"publish","type":"page","link":"https:\/\/www.enemalta.com.mt\/mt\/titjib-tan-netwerk-tieghek\/","title":{"rendered":"Titjib tan-netwerk tieg\u0127ek"},"content":{"rendered":"<div class=\"fusion-fullwidth fullwidth-box fusion-builder-row-1 nonhundred-percent-fullwidth non-hundred-percent-height-scrolling\" style=\"--awb-border-radius-top-left:0px;--awb-border-radius-top-right:0px;--awb-border-radius-bottom-right:0px;--awb-border-radius-bottom-left:0px;--awb-flex-wrap:wrap;\" ><div class=\"fusion-builder-row fusion-row\"><div class=\"fusion-layout-column fusion_builder_column fusion-builder-column-0 fusion_builder_column_1_1 1_1 fusion-one-full fusion-column-first fusion-column-last\" style=\"--awb-bg-size:cover;--awb-margin-bottom:0px;\"><div class=\"fusion-column-wrapper fusion-flex-column-wrapper-legacy\"><div class=\"fusion-text fusion-text-1\"><p>&nbsp;<\/p>\n<p>B\u0127ala l-operaturi tan-netwerk ta\u2019 distribuzzjoni tal-pajji\u017c, a\u0127na impenjati lejn investiment kontinwu fit-tis\u0127i\u0127 u l-espansjoni tas-sistema <a href=\"https:\/\/www.enemalta.com.mt\/mt\/dwarna\/in-netwerk-taghna\/\"><strong>tad-distribuzzjoni<\/strong><\/a> li twassal l-elettriku lill-klijenti tag\u0127na kollha f\u2019Malta u G\u0127awdex.<\/p>\n<p><span style=\"color: #a0cf4f;\"><strong>G\u0127aliex g\u0127andna b\u017conn dan l-investiment?<\/strong><\/span><\/p>\n<p><a href=\"https:\/\/www.enemalta.com.mt\/mt\/dwarna\/in-netwerk-taghna\/\"><strong>In-netwerk tad-distribuzzjoni tal-elettriku tag\u0127na <\/strong><\/a> jrid ikun attrezzat biex jaqdi kostantement il-\u0127ti\u0121ijiet tal-klijenti kollha tag\u0127na f\u2019Malta u G\u0127awdex, kuljum. L-in\u0121iniera li jie\u0127du \u0127sieb in-netwerk tag\u0127na qeg\u0127din kontinwament jaddattaw u ja\u0121\u0121ornaw is-sistema sabiex tissodisfa l-esi\u0121enzi ener\u0121eti\u010bi li qeg\u0127din jinbidlu tal-klijenti \u0121odda u e\u017cistenti tag\u0127na. L-i\u017cviluppi \u0121odda fil-bini u l-investimenti kummer\u010bjali jibdlu d-domanda g\u0127all-elettriku fi\u017c-\u017cona fejn ikunu jinstabu, u jkunu me\u0127tie\u0121a estensjonijiet u t-tis\u0127i\u0127 tal-infrastruttura tan-netwerk e\u017cistenti.<br \/>\nFl-istess \u0127in, il-kejbils ta\u2019 ta\u0127t l-art, il-wajers tal-elettriku, it-transformers, l-iswitchgear u apparat ie\u0127or ta\u2019 protezzjoni u kontroll tan-netwerk, iridu ji\u0121u a\u0121\u0121ornati b\u2019mod regolari b\u2019teknolo\u0121iji \u0121odda, sabiex ji\u017cdiedu s-sigurt\u00e0, l-affidabbilt\u00e0 u l-effi\u010bjenza. It-teknolo\u0121iji \u0121odda jg\u0127inuna wkoll sabiex innaqqsu l-impatt ambjentali negattiv tas-servizzi tag\u0127na, filwaqt li n\u017commu l-livelli baxxi ta\u2019 telf tekniku u mhux tekniku tal-Kumpanija tag\u0127na.<\/p>\n<\/div><div class=\"fusion-blog-shortcode fusion-blog-shortcode-1 fusion-blog-archive fusion-blog-layout-grid-wrapper fusion-blog-no\"><style type=\"text\/css\">.fusion-blog-shortcode-1 .fusion-blog-layout-grid .fusion-post-grid{padding:20px;}.fusion-blog-shortcode-1 .fusion-posts-container{margin-left: -20px !important; margin-right:-20px !important;}<\/style><div class=\"fusion-posts-container fusion-posts-container-no fusion-no-meta-info fusion-blog-layout-grid fusion-blog-layout-grid-2 isotope\" data-pages=\"1\" data-grid-col-space=\"40\" style=\"margin: -20px -20px 0;min-height:500px;\"><article id=\"blog-1-post-16994\" class=\"fusion-post-grid post-16994 post type-post status-publish format-standard has-post-thumbnail hentry category-investimenti-ghat-tishih-tan-netwerk\">\n<div class=\"fusion-post-wrapper\" style=\"background-color:rgba(255,255,255,0);border:1px solid #ebeaea;border-bottom-width:3px;\">\n\n\t\t\t<div class=\"fusion-flexslider flexslider fusion-flexslider-loading fusion-post-slideshow\" style=\"border-color:#ebeaea;\">\n\t\t<ul class=\"slides\">\n\t\t\t\n\t\t\t\t\t\t\t\t\t\t\t\t\t\t<li><div  class=\"fusion-image-wrapper\" aria-haspopup=\"true\">\n\t\t\t\t\t\t\t<a href=\"https:\/\/www.enemalta.com.mt\/mt\/2018\/11\/21\/2014-2017investimenti-ghat-tishih-tan-netwerk\/\" aria-label=\"2014 \u2013 2017&lt;br&gt;investimenti g\u0127at-tis\u0127i\u0127 tan-netwerk\">\n\t\t\t\t\t\t\t<img decoding=\"async\" width=\"400\" height=\"125\" src=\"\/wp-content\/uploads\/2018\/11\/network.jpg\" class=\"attachment-full size-full wp-post-image\" alt=\"\" srcset=\"\/wp-content\/uploads\/2018\/11\/network-200x63.jpg 200w, \/wp-content\/uploads\/2018\/11\/network.jpg 400w\" sizes=\"(min-width: 2200px) 100vw, (min-width: 712px) 530px, (min-width: 640px) 712px, \" \/>\t\t\t<\/a>\n\t\t\t\t\t\t\t<\/div>\n<\/li>\n\t\t\t\n\t\t\t\n\t\t\t\t\t\t\t\t\t\t\t\t\t\t\t\t\t\t\t\t\t\t\t\t\t\t\t\t\t\t\t\t\t\t\t\t\t\t\t\t\t\t\t\t\t\t\t\t\t\t\t\t\t\t\t\t\t\t\t\t\t\t\t\t\t\t\t\t<\/ul>\n\t<\/div>\n\t<div class=\"fusion-post-content-wrapper\" style=\"padding:30px 25px 25px 25px;\"><div class=\"fusion-post-content post-content\"><h2 class=\"blog-shortcode-post-title entry-title\"><a href=\"https:\/\/www.enemalta.com.mt\/mt\/2018\/11\/21\/2014-2017investimenti-ghat-tishih-tan-netwerk\/\">2014 \u2013 2017<br>investimenti g\u0127at-tis\u0127i\u0127 tan-netwerk<\/a><\/h2><\/div><\/div><div class=\"fusion-clearfix\"><\/div><\/div>\n<\/article>\n<article id=\"blog-1-post-17001\" class=\"fusion-post-grid post-17001 post type-post status-publish format-standard has-post-thumbnail hentry category-investimenti-ghat-tishih-tan-netwerk\">\n<div class=\"fusion-post-wrapper\" style=\"background-color:rgba(255,255,255,0);border:1px solid #ebeaea;border-bottom-width:3px;\">\n\n\t\t\t<div class=\"fusion-flexslider flexslider fusion-flexslider-loading fusion-post-slideshow\" style=\"border-color:#ebeaea;\">\n\t\t<ul class=\"slides\">\n\t\t\t\n\t\t\t\t\t\t\t\t\t\t\t\t\t\t<li><div  class=\"fusion-image-wrapper\" aria-haspopup=\"true\">\n\t\t\t\t\t\t\t<a href=\"https:\/\/www.enemalta.com.mt\/mt\/2018\/11\/20\/2018-2019-investimenti-ghat-tishih-tan-netwerk\/\" aria-label=\"2018 &#8211; 2019 &lt;br&gt;investimenti g\u0127at-tis\u0127i\u0127 tan-netwerk\">\n\t\t\t\t\t\t\t<img decoding=\"async\" width=\"1772\" height=\"561\" src=\"\/wp-content\/uploads\/2018\/11\/2018-2019-top-banner.jpg\" class=\"attachment-full size-full wp-post-image\" alt=\"\" srcset=\"\/wp-content\/uploads\/2018\/11\/2018-2019-top-banner-200x63.jpg 200w, \/wp-content\/uploads\/2018\/11\/2018-2019-top-banner-400x127.jpg 400w, \/wp-content\/uploads\/2018\/11\/2018-2019-top-banner-600x190.jpg 600w, \/wp-content\/uploads\/2018\/11\/2018-2019-top-banner-800x253.jpg 800w, \/wp-content\/uploads\/2018\/11\/2018-2019-top-banner-1200x380.jpg 1200w, \/wp-content\/uploads\/2018\/11\/2018-2019-top-banner.jpg 1772w\" sizes=\"(min-width: 2200px) 100vw, (min-width: 712px) 530px, (min-width: 640px) 712px, \" \/>\t\t\t<\/a>\n\t\t\t\t\t\t\t<\/div>\n<\/li>\n\t\t\t\n\t\t\t\n\t\t\t\t\t\t\t\t\t\t\t\t\t\t\t\t\t\t\t\t\t\t\t\t\t\t\t\t\t\t\t\t\t\t\t\t\t\t\t\t\t\t\t\t\t\t\t\t\t\t\t\t\t\t\t\t\t\t\t\t\t\t\t\t\t\t\t\t<\/ul>\n\t<\/div>\n\t<div class=\"fusion-post-content-wrapper\" style=\"padding:30px 25px 25px 25px;\"><div class=\"fusion-post-content post-content\"><h2 class=\"blog-shortcode-post-title entry-title\"><a href=\"https:\/\/www.enemalta.com.mt\/mt\/2018\/11\/20\/2018-2019-investimenti-ghat-tishih-tan-netwerk\/\">2018 &#8211; 2019 <br>investimenti g\u0127at-tis\u0127i\u0127 tan-netwerk<\/a><\/h2><\/div><\/div><div class=\"fusion-clearfix\"><\/div><\/div>\n<\/article>\n<div class=\"fusion-clearfix\"><\/div><\/div><\/div><div class=\"fusion-clearfix\"><\/div><\/div><\/div><\/div><\/div>\n","protected":false},"excerpt":{"rendered":"","protected":false},"author":3,"featured_media":0,"parent":0,"menu_order":0,"comment_status":"closed","ping_status":"closed","template":"","meta":{"_monsterinsights_skip_tracking":false,"_monsterinsights_sitenote_active":false,"_monsterinsights_sitenote_note":"","_monsterinsights_sitenote_category":0,"ngg_post_thumbnail":0,"footnotes":""},"class_list":["post-16990","page","type-page","status-publish","hentry"],"yoast_head":"<!-- This site is optimized with the Yoast SEO plugin v26.7 - https:\/\/yoast.com\/wordpress\/plugins\/seo\/ -->\n<title>Titjib tan-netwerk tieg\u0127ek - Enemalta<\/title>\n<meta name=\"robots\" content=\"index, follow, max-snippet:-1, max-image-preview:large, max-video-preview:-1\" \/>\n<link rel=\"canonical\" href=\"https:\/\/www.enemalta.com.mt\/mt\/titjib-tan-netwerk-tieghek\/\" \/>\n<meta property=\"og:locale\" content=\"mt_MT\" \/>\n<meta property=\"og:type\" content=\"article\" \/>\n<meta property=\"og:title\" content=\"Titjib tan-netwerk tieg\u0127ek - Enemalta\" \/>\n<meta property=\"og:url\" content=\"https:\/\/www.enemalta.com.mt\/mt\/titjib-tan-netwerk-tieghek\/\" \/>\n<meta property=\"og:site_name\" content=\"Enemalta\" \/>\n<meta property=\"article:modified_time\" content=\"2020-02-28T15:46:33+00:00\" \/>\n<meta name=\"twitter:card\" content=\"summary_large_image\" \/>\n<meta name=\"twitter:label1\" content=\"Est. reading time\" \/>\n\t<meta name=\"twitter:data1\" content=\"2 minutes\" \/>\n<script type=\"application\/ld+json\" class=\"yoast-schema-graph\">{\"@context\":\"https:\/\/schema.org\",\"@graph\":[{\"@type\":\"WebPage\",\"@id\":\"https:\/\/www.enemalta.com.mt\/mt\/titjib-tan-netwerk-tieghek\/\",\"url\":\"https:\/\/www.enemalta.com.mt\/mt\/titjib-tan-netwerk-tieghek\/\",\"name\":\"Titjib tan-netwerk tieg\u0127ek - Enemalta\",\"isPartOf\":{\"@id\":\"https:\/\/www.enemalta.com.mt\/#website\"},\"datePublished\":\"2018-11-21T09:48:13+00:00\",\"dateModified\":\"2020-02-28T15:46:33+00:00\",\"breadcrumb\":{\"@id\":\"https:\/\/www.enemalta.com.mt\/mt\/titjib-tan-netwerk-tieghek\/#breadcrumb\"},\"inLanguage\":\"mt-MT\",\"potentialAction\":[{\"@type\":\"ReadAction\",\"target\":[\"https:\/\/www.enemalta.com.mt\/mt\/titjib-tan-netwerk-tieghek\/\"]}]},{\"@type\":\"BreadcrumbList\",\"@id\":\"https:\/\/www.enemalta.com.mt\/mt\/titjib-tan-netwerk-tieghek\/#breadcrumb\",\"itemListElement\":[{\"@type\":\"ListItem\",\"position\":1,\"name\":\"Home\",\"item\":\"https:\/\/www.enemalta.com.mt\/mt\/\"},{\"@type\":\"ListItem\",\"position\":2,\"name\":\"Titjib tan-netwerk tieg\u0127ek\"}]},{\"@type\":\"WebSite\",\"@id\":\"https:\/\/www.enemalta.com.mt\/#website\",\"url\":\"https:\/\/www.enemalta.com.mt\/\",\"name\":\"Enemalta\",\"description\":\"\",\"potentialAction\":[{\"@type\":\"SearchAction\",\"target\":{\"@type\":\"EntryPoint\",\"urlTemplate\":\"https:\/\/www.enemalta.com.mt\/?s={search_term_string}\"},\"query-input\":{\"@type\":\"PropertyValueSpecification\",\"valueRequired\":true,\"valueName\":\"search_term_string\"}}],\"inLanguage\":\"mt-MT\"}]}<\/script>\n<!-- \/ Yoast SEO plugin. -->","yoast_head_json":{"title":"Titjib tan-netwerk tieg\u0127ek - Enemalta","robots":{"index":"index","follow":"follow","max-snippet":"max-snippet:-1","max-image-preview":"max-image-preview:large","max-video-preview":"max-video-preview:-1"},"canonical":"https:\/\/www.enemalta.com.mt\/mt\/titjib-tan-netwerk-tieghek\/","og_locale":"mt_MT","og_type":"article","og_title":"Titjib tan-netwerk tieg\u0127ek - Enemalta","og_url":"https:\/\/www.enemalta.com.mt\/mt\/titjib-tan-netwerk-tieghek\/","og_site_name":"Enemalta","article_modified_time":"2020-02-28T15:46:33+00:00","twitter_card":"summary_large_image","twitter_misc":{"Est. reading time":"2 minutes"},"schema":{"@context":"https:\/\/schema.org","@graph":[{"@type":"WebPage","@id":"https:\/\/www.enemalta.com.mt\/mt\/titjib-tan-netwerk-tieghek\/","url":"https:\/\/www.enemalta.com.mt\/mt\/titjib-tan-netwerk-tieghek\/","name":"Titjib tan-netwerk tieg\u0127ek - Enemalta","isPartOf":{"@id":"https:\/\/www.enemalta.com.mt\/#website"},"datePublished":"2018-11-21T09:48:13+00:00","dateModified":"2020-02-28T15:46:33+00:00","breadcrumb":{"@id":"https:\/\/www.enemalta.com.mt\/mt\/titjib-tan-netwerk-tieghek\/#breadcrumb"},"inLanguage":"mt-MT","potentialAction":[{"@type":"ReadAction","target":["https:\/\/www.enemalta.com.mt\/mt\/titjib-tan-netwerk-tieghek\/"]}]},{"@type":"BreadcrumbList","@id":"https:\/\/www.enemalta.com.mt\/mt\/titjib-tan-netwerk-tieghek\/#breadcrumb","itemListElement":[{"@type":"ListItem","position":1,"name":"Home","item":"https:\/\/www.enemalta.com.mt\/mt\/"},{"@type":"ListItem","position":2,"name":"Titjib tan-netwerk tieg\u0127ek"}]},{"@type":"WebSite","@id":"https:\/\/www.enemalta.com.mt\/#website","url":"https:\/\/www.enemalta.com.mt\/","name":"Enemalta","description":"","potentialAction":[{"@type":"SearchAction","target":{"@type":"EntryPoint","urlTemplate":"https:\/\/www.enemalta.com.mt\/?s={search_term_string}"},"query-input":{"@type":"PropertyValueSpecification","valueRequired":true,"valueName":"search_term_string"}}],"inLanguage":"mt-MT"}]}},"_links":{"self":[{"href":"https:\/\/www.enemalta.com.mt\/mt\/wp-json\/wp\/v2\/pages\/16990","targetHints":{"allow":["GET"]}}],"collection":[{"href":"https:\/\/www.enemalta.com.mt\/mt\/wp-json\/wp\/v2\/pages"}],"about":[{"href":"https:\/\/www.enemalta.com.mt\/mt\/wp-json\/wp\/v2\/types\/page"}],"author":[{"embeddable":true,"href":"https:\/\/www.enemalta.com.mt\/mt\/wp-json\/wp\/v2\/users\/3"}],"replies":[{"embeddable":true,"href":"https:\/\/www.enemalta.com.mt\/mt\/wp-json\/wp\/v2\/comments?post=16990"}],"version-history":[{"count":2,"href":"https:\/\/www.enemalta.com.mt\/mt\/wp-json\/wp\/v2\/pages\/16990\/revisions"}],"predecessor-version":[{"id":18399,"href":"https:\/\/www.enemalta.com.mt\/mt\/wp-json\/wp\/v2\/pages\/16990\/revisions\/18399"}],"wp:attachment":[{"href":"https:\/\/www.enemalta.com.mt\/mt\/wp-json\/wp\/v2\/media?parent=16990"}],"curies":[{"name":"wp","href":"https:\/\/api.w.org\/{rel}","templated":true}]}}