{"id":16439,"date":"2018-10-18T10:08:20","date_gmt":"2018-10-18T08:08:20","guid":{"rendered":"https:\/\/www.enemalta.com.mt\/tenders\/"},"modified":"2024-07-31T11:34:57","modified_gmt":"2024-07-31T09:34:57","slug":"tenders","status":"publish","type":"page","link":"https:\/\/www.enemalta.com.mt\/mt\/tenders\/","title":{"rendered":"Sej\u0127iet g\u0127at-tenders"},"content":{"rendered":"<div class=\"fusion-fullwidth fullwidth-box fusion-builder-row-1 nonhundred-percent-fullwidth non-hundred-percent-height-scrolling\" style=\"--awb-border-radius-top-left:0px;--awb-border-radius-top-right:0px;--awb-border-radius-bottom-right:0px;--awb-border-radius-bottom-left:0px;--awb-flex-wrap:wrap;\" ><div class=\"fusion-builder-row fusion-row\"><div class=\"fusion-layout-column fusion_builder_column fusion-builder-column-0 fusion_builder_column_1_1 1_1 fusion-one-full fusion-column-first fusion-column-last\" style=\"--awb-bg-size:cover;--awb-margin-bottom:0px;\"><div class=\"fusion-column-wrapper fusion-flex-column-wrapper-legacy\"><div class=\"fusion-text fusion-text-1\" style=\"--awb-text-transform:none;\"><p>Fil-pre\u017cent Enemalta plc qed tikkunsidra s-sej\u0127iet g\u0127at-tenders li \u0121ejjin:<\/p>\n<h3><strong><span style=\"color: #a0cf4f;\">Tenders elettroni\u010bi<\/span><\/strong><\/h3>\n<p>Id-dokumenti tat-tender g\u0127al dawn is-sej\u0127iet jistg\u0127u jinkisbu mis-<strong><a href=\"http:\/\/www.etenders.gov.mt\" target=\"_blank\" rel=\"noopener noreferrer\">sistema elettronika dwar l-akkwist pubbliku<\/a><\/strong>.600 Ir-re\u0121istrazzjoni hija me\u0127tie\u0121a sabiex tag\u0127mel u\u017cu minn dan is-sit elettroniku. L-operaturi ekonomi\u010bi Maltin je\u0127tie\u0121 li jkollhom fil-pussess tag\u0127hom l-identifikazzjoni elettronika tag\u0127hom \u0127alli jkollhom a\u010b\u010bess g\u0127al dan s-sit elettroniku. Aktar tag\u0127rif huwa disponibbli fis-Sezzjoni tal-mistoqsijiet tal-istess sit elettroniku.<\/p>\n<p>L-operaturi ekonomi\u010bi interessati fil-parte\u010bipazzjoni f&#8217;dawn is-sej\u0127iet g\u0127at-tenders huma m\u0127e\u0121\u0121a jie\u0127du nota tal-<em>workshops<\/em> li qed ji\u0121u organizzati mid-dipartiment tal-kuntratti. Aktar tag\u0127rif huwa fid-dokument tat-tender.<\/p>\n<p>Fil-pre\u017cent it-tenders ta\u2019 hawn ta\u0127t huma disponibbli:<\/p>\n<table style=\"height: 123px;\" border=\"1\" width=\"977\">\n<tbody>\n<tr>\n<th><strong>Numru tat-Tender<\/strong><\/th>\n<th><strong>Deskrizzjoni<\/strong><\/th>\n<th><strong>Ftu\u0127<\/strong><\/th>\n<th>G\u0127eluq<\/th>\n<th><strong> Prezz g\u0127at-tender\u00a0<\/strong><\/th>\n<th>Post fejn \u0121ie ddepo\u017citat<\/th>\n<\/tr>\n<tr>\n<td>TD\/T\/3767\/2023 (7402)<\/td>\n<td>Trenching and Cable Laying Works for Mgarr San Filippu SS in an Environmentally Friendly Manner<\/td>\n<td>02\/07\/2024<\/td>\n<td>01\/08\/2024<\/td>\n<td style=\"text-align: center;\">NIL<\/td>\n<td style=\"text-align: center;\">9:30am*<\/td>\n<\/tr>\n<tr>\n<td>TD\/T\/3794\/2023 (8412)<\/td>\n<td>Supply of Surge Generators for Locating Faults on MV Cables<\/td>\n<td>22\/07\/2024<\/td>\n<td>06\/08\/2024<\/td>\n<td style=\"text-align: center;\">NIL<\/td>\n<td style=\"text-align: center;\">9:30am*<\/td>\n<\/tr>\n<tr>\n<td>TD\/T\/3848\/2024 (11051)<\/td>\n<td>Trenching Works to Replace 95mm HT Cable at Marsalforn and Gharb in an Environmentally Friendly Manner<\/td>\n<td>31\/07\/2024<\/td>\n<td>02\/09\/2024<\/td>\n<td style=\"text-align: center;\">NIL<\/td>\n<td style=\"text-align: center;\">9:30am*<\/td>\n<\/tr>\n<tr>\n<td>TD\/T\/3849\/2024 (11049)<\/td>\n<td>Trenching Works to Replace 95mm HT Cable at San Lawrenz and Kercem in an Environmentally Friendly Manner<\/td>\n<td>31\/07\/2024<\/td>\n<td>02\/09\/2024<\/td>\n<td style=\"text-align: center;\">NIL<\/td>\n<td style=\"text-align: center;\">9:30am*<\/td>\n<\/tr>\n<\/tbody>\n<\/table>\n<p>* It-tenders elettroni\u010bi ta\u2019 hawn fuq g\u0127andhom jaslu fil-\u0121urnata u l-\u0127in indikati. It-tenders g\u0127andhom ji\u0121u sottomessi biss fuq is-sit elettroniku\u00a0<a href=\"http:\/\/www.etenders.gov.mt\" target=\"_blank\" rel=\"noopener noreferrer\">www.etenders.gov.mt<\/a><\/p>\n<p><span style=\"color: #a0cf4f;\"><strong>Tenders o\u0127rajn ta&#8217; Enemalta<br \/>\n<\/strong><\/span><\/p>\n<table style=\"height: 123px;\" border=\"1\" width=\"977\">\n<tbody>\n<tr>\n<th><strong>Numru tat-Tender<\/strong><\/th>\n<th><strong>Deskrizzjoni<\/strong><\/th>\n<th><strong>Ftu\u0127<\/strong><\/th>\n<th>G\u0127eluq<\/th>\n<th>Prezz g\u0127at-tender<\/th>\n<th>Post fejn \u0121ie ddepo\u017citat<\/th>\n<\/tr>\n<tr>\n<td><\/td>\n<td><\/td>\n<td><\/td>\n<td><\/td>\n<td style=\"text-align: center;\"><\/td>\n<td style=\"text-align: center;\">*<\/td>\n<\/tr>\n<\/tbody>\n<\/table>\n<p>L-operaturi ekonomi\u010bi interessati li jir\u010bievu noti ta\u2019 kjarifika g\u0127at-tenders li m\u2019humiex tenderers elettroni\u010bi, g\u0127andhom jirre\u0121istraw l-interess tag\u0127hom billi jibag\u0127tu <em>e-mail<\/em> lil\u00a0<strong><a href=\"mailto:tenderenquiries.em@enemalta.com.mt\">tenderenquiries.em@enemalta.com.mt<\/a><\/strong>.\u00a0Noti ta\u2019 kjarifika jintbag\u0127tu bil-posta elettronika (<em>e-mail<\/em>) lil dawk kollha li rre\u0121istraw l-interess tag\u0127hom fit-tender. Noti ta\u2019 kjarifika jikkostitwixxu parti integrali tad-dokumentazzjoni tas-sej\u0127a g\u0127at-tender.<\/p>\n<p>It-tenders li marbutin mag\u0127hom hemm mi\u017cata ta\u2019 parte\u010bipazzjoni jistg\u0127u jinxtraw billi \u010b\u010bempel fis-sezzjoni tal-akkwisti tag\u0127na (<em>Procurement Section<\/em>), fit-tielet sular tal-Bini Amministrattiv, il-Moll tal-Knisja, il-Marsa.<\/p>\n<p>Mistoqsijiet dwar it-tenders ippubblikati minn Enemalta plc jistg\u0127u jsiru billi \u010b\u010bempel fuq 22980736 (Is-Sna Jennifer Aquilina) jew billi tibg\u0127at <em>email<\/em> fuq <strong>tenderenquiries.em@enemalta.com.mt.<\/strong>It-tenders ta\u2019 Enemalta ppubblikati mid-dipartiment tal-kuntratti ma jidhrux fuq dan is-sit elettroniku. Dawn ji\u0121u ppubblikati fil-gazzetta tal-gvern.<\/p>\n<\/div><div class=\"fusion-text fusion-text-2\"><\/div><div class=\"fusion-aligncenter\"><a class=\"fusion-button button-flat fusion-button-default-size button-default fusion-button-default button-1 fusion-button-default-span fusion-button-default-type\" target=\"_blank\" rel=\"noopener noreferrer\" href=\"https:\/\/www.enemalta.com.mt\/mt\/dokumenti-emssms\/\"><span class=\"fusion-button-text awb-button__text awb-button__text--default\">DOKUMENTI EMS\/SMS<\/span><\/a><\/div><div class=\"fusion-sep-clear\"><\/div><div class=\"fusion-separator fusion-full-width-sep\" style=\"margin-left: auto;margin-right: auto;margin-top:32px;width:100%;\"><\/div><div class=\"fusion-sep-clear\"><\/div><div class=\"fusion-aligncenter\"><a class=\"fusion-button button-flat fusion-button-default-size button-default fusion-button-default button-2 fusion-button-default-span fusion-button-default-type\" target=\"_blank\" rel=\"noopener noreferrer\" href=\"https:\/\/www.enemalta.com.mt\/mt\/17324-2\/\"><span class=\"fusion-button-text awb-button__text awb-button__text--default\">DOKUMENTI RELATATI MAL-PROTEZZJONI TAD-DATA<\/span><\/a><\/div><div class=\"fusion-sep-clear\"><\/div><div class=\"fusion-separator fusion-full-width-sep\" style=\"margin-left: auto;margin-right: auto;margin-top:32px;width:100%;\"><\/div><div class=\"fusion-sep-clear\"><\/div><div class=\"fusion-aligncenter\"><a class=\"fusion-button button-flat fusion-button-default-size button-default fusion-button-default button-3 fusion-button-default-span fusion-button-default-type\" target=\"_blank\" rel=\"noopener noreferrer\" href=\"https:\/\/www.enemalta.com.mt\/wp-content\/uploads\/2022\/08\/Preliminary-Market-Consultation-Document-Delimara-Carpark_R0a-1.pdf\"><span class=\"fusion-button-text awb-button__text awb-button__text--default\">Preliminary Market Consultation &#8211; PMC<\/span><\/a><\/div><div class=\"fusion-sep-clear\"><\/div><div class=\"fusion-separator fusion-full-width-sep\" style=\"margin-left: auto;margin-right: auto;margin-top:32px;width:100%;\"><\/div><div class=\"fusion-sep-clear\"><\/div><div class=\"fusion-clearfix\"><\/div><\/div><\/div><\/div><\/div>\n","protected":false},"excerpt":{"rendered":"","protected":false},"author":3,"featured_media":0,"parent":0,"menu_order":0,"comment_status":"closed","ping_status":"closed","template":"100-width.php","meta":{"_monsterinsights_skip_tracking":false,"_monsterinsights_sitenote_active":false,"_monsterinsights_sitenote_note":"","_monsterinsights_sitenote_category":0,"ngg_post_thumbnail":0,"footnotes":""},"class_list":["post-16439","page","type-page","status-publish","hentry"],"yoast_head":"<!-- This site is optimized with the Yoast SEO plugin v26.7 - https:\/\/yoast.com\/wordpress\/plugins\/seo\/ -->\n<title>Sej\u0127iet g\u0127at-tenders - Enemalta<\/title>\n<meta name=\"robots\" content=\"index, follow, max-snippet:-1, max-image-preview:large, max-video-preview:-1\" \/>\n<link rel=\"canonical\" href=\"https:\/\/www.enemalta.com.mt\/mt\/tenders\/\" \/>\n<meta property=\"og:locale\" content=\"mt_MT\" \/>\n<meta property=\"og:type\" content=\"article\" \/>\n<meta property=\"og:title\" content=\"Sej\u0127iet g\u0127at-tenders - Enemalta\" \/>\n<meta property=\"og:url\" content=\"https:\/\/www.enemalta.com.mt\/mt\/tenders\/\" \/>\n<meta property=\"og:site_name\" content=\"Enemalta\" \/>\n<meta property=\"article:modified_time\" content=\"2024-07-31T09:34:57+00:00\" \/>\n<meta name=\"twitter:card\" content=\"summary_large_image\" \/>\n<meta name=\"twitter:label1\" content=\"Est. reading time\" \/>\n\t<meta name=\"twitter:data1\" content=\"4 minutes\" \/>\n<script type=\"application\/ld+json\" class=\"yoast-schema-graph\">{\"@context\":\"https:\/\/schema.org\",\"@graph\":[{\"@type\":\"WebPage\",\"@id\":\"https:\/\/www.enemalta.com.mt\/mt\/tenders\/\",\"url\":\"https:\/\/www.enemalta.com.mt\/mt\/tenders\/\",\"name\":\"Sej\u0127iet g\u0127at-tenders - Enemalta\",\"isPartOf\":{\"@id\":\"https:\/\/www.enemalta.com.mt\/#website\"},\"datePublished\":\"2018-10-18T08:08:20+00:00\",\"dateModified\":\"2024-07-31T09:34:57+00:00\",\"breadcrumb\":{\"@id\":\"https:\/\/www.enemalta.com.mt\/mt\/tenders\/#breadcrumb\"},\"inLanguage\":\"mt-MT\",\"potentialAction\":[{\"@type\":\"ReadAction\",\"target\":[\"https:\/\/www.enemalta.com.mt\/mt\/tenders\/\"]}]},{\"@type\":\"BreadcrumbList\",\"@id\":\"https:\/\/www.enemalta.com.mt\/mt\/tenders\/#breadcrumb\",\"itemListElement\":[{\"@type\":\"ListItem\",\"position\":1,\"name\":\"Home\",\"item\":\"https:\/\/www.enemalta.com.mt\/mt\/\"},{\"@type\":\"ListItem\",\"position\":2,\"name\":\"Sej\u0127iet g\u0127at-tenders\"}]},{\"@type\":\"WebSite\",\"@id\":\"https:\/\/www.enemalta.com.mt\/#website\",\"url\":\"https:\/\/www.enemalta.com.mt\/\",\"name\":\"Enemalta\",\"description\":\"\",\"potentialAction\":[{\"@type\":\"SearchAction\",\"target\":{\"@type\":\"EntryPoint\",\"urlTemplate\":\"https:\/\/www.enemalta.com.mt\/?s={search_term_string}\"},\"query-input\":{\"@type\":\"PropertyValueSpecification\",\"valueRequired\":true,\"valueName\":\"search_term_string\"}}],\"inLanguage\":\"mt-MT\"}]}<\/script>\n<!-- \/ Yoast SEO plugin. -->","yoast_head_json":{"title":"Sej\u0127iet g\u0127at-tenders - Enemalta","robots":{"index":"index","follow":"follow","max-snippet":"max-snippet:-1","max-image-preview":"max-image-preview:large","max-video-preview":"max-video-preview:-1"},"canonical":"https:\/\/www.enemalta.com.mt\/mt\/tenders\/","og_locale":"mt_MT","og_type":"article","og_title":"Sej\u0127iet g\u0127at-tenders - Enemalta","og_url":"https:\/\/www.enemalta.com.mt\/mt\/tenders\/","og_site_name":"Enemalta","article_modified_time":"2024-07-31T09:34:57+00:00","twitter_card":"summary_large_image","twitter_misc":{"Est. reading time":"4 minutes"},"schema":{"@context":"https:\/\/schema.org","@graph":[{"@type":"WebPage","@id":"https:\/\/www.enemalta.com.mt\/mt\/tenders\/","url":"https:\/\/www.enemalta.com.mt\/mt\/tenders\/","name":"Sej\u0127iet g\u0127at-tenders - Enemalta","isPartOf":{"@id":"https:\/\/www.enemalta.com.mt\/#website"},"datePublished":"2018-10-18T08:08:20+00:00","dateModified":"2024-07-31T09:34:57+00:00","breadcrumb":{"@id":"https:\/\/www.enemalta.com.mt\/mt\/tenders\/#breadcrumb"},"inLanguage":"mt-MT","potentialAction":[{"@type":"ReadAction","target":["https:\/\/www.enemalta.com.mt\/mt\/tenders\/"]}]},{"@type":"BreadcrumbList","@id":"https:\/\/www.enemalta.com.mt\/mt\/tenders\/#breadcrumb","itemListElement":[{"@type":"ListItem","position":1,"name":"Home","item":"https:\/\/www.enemalta.com.mt\/mt\/"},{"@type":"ListItem","position":2,"name":"Sej\u0127iet g\u0127at-tenders"}]},{"@type":"WebSite","@id":"https:\/\/www.enemalta.com.mt\/#website","url":"https:\/\/www.enemalta.com.mt\/","name":"Enemalta","description":"","potentialAction":[{"@type":"SearchAction","target":{"@type":"EntryPoint","urlTemplate":"https:\/\/www.enemalta.com.mt\/?s={search_term_string}"},"query-input":{"@type":"PropertyValueSpecification","valueRequired":true,"valueName":"search_term_string"}}],"inLanguage":"mt-MT"}]}},"_links":{"self":[{"href":"https:\/\/www.enemalta.com.mt\/mt\/wp-json\/wp\/v2\/pages\/16439","targetHints":{"allow":["GET"]}}],"collection":[{"href":"https:\/\/www.enemalta.com.mt\/mt\/wp-json\/wp\/v2\/pages"}],"about":[{"href":"https:\/\/www.enemalta.com.mt\/mt\/wp-json\/wp\/v2\/types\/page"}],"author":[{"embeddable":true,"href":"https:\/\/www.enemalta.com.mt\/mt\/wp-json\/wp\/v2\/users\/3"}],"replies":[{"embeddable":true,"href":"https:\/\/www.enemalta.com.mt\/mt\/wp-json\/wp\/v2\/comments?post=16439"}],"version-history":[{"count":490,"href":"https:\/\/www.enemalta.com.mt\/mt\/wp-json\/wp\/v2\/pages\/16439\/revisions"}],"predecessor-version":[{"id":24838,"href":"https:\/\/www.enemalta.com.mt\/mt\/wp-json\/wp\/v2\/pages\/16439\/revisions\/24838"}],"wp:attachment":[{"href":"https:\/\/www.enemalta.com.mt\/mt\/wp-json\/wp\/v2\/media?parent=16439"}],"curies":[{"name":"wp","href":"https:\/\/api.w.org\/{rel}","templated":true}]}}