{"id":16392,"date":"2018-10-17T13:11:31","date_gmt":"2018-10-17T11:11:31","guid":{"rendered":"https:\/\/www.enemalta.com.mt\/kif-tikkuntattjana\/att-dwar-il-liberta-tal-informazzjoni\/"},"modified":"2018-10-17T13:18:38","modified_gmt":"2018-10-17T11:18:38","slug":"att-dwar-il-liberta-tal-informazzjoni","status":"publish","type":"page","link":"https:\/\/www.enemalta.com.mt\/mt\/att-dwar-il-liberta-tal-informazzjoni\/","title":{"rendered":"Att dwar il-libert\u00e0 tal-informazzjoni"},"content":{"rendered":"<div class=\"fusion-fullwidth fullwidth-box fusion-builder-row-1 nonhundred-percent-fullwidth non-hundred-percent-height-scrolling\" style=\"--awb-border-radius-top-left:0px;--awb-border-radius-top-right:0px;--awb-border-radius-bottom-right:0px;--awb-border-radius-bottom-left:0px;--awb-flex-wrap:wrap;\" ><div class=\"fusion-builder-row fusion-row\"><div class=\"fusion-layout-column fusion_builder_column fusion-builder-column-0 fusion_builder_column_1_1 1_1 fusion-one-full fusion-column-first fusion-column-last\" style=\"--awb-bg-size:cover;--awb-margin-bottom:0px;\"><div class=\"fusion-column-wrapper fusion-flex-column-wrapper-legacy\"><div class=\"fusion-text fusion-text-1\"><h4 style=\"text-align: center; font-size: 33px; line-height: 50px;\">Att dwar il-libert\u00e0 tal-informazzjoni<\/h4>\n<\/div><div class=\"fusion-text fusion-text-2\"><p>L-Att XVI tal-2008 jag\u0127mel referenza g\u0127all-Att dwar il-libert\u00e0 tal-informazzjoni. Din il-le\u0121islazzjoni tistabilixxi dritt g\u0127al informazzjoni fil-pussess ta\u2019 awtoritajiet pubbli\u010bi sabiex jippromwovu iktar trasparenza u responsabilit\u00e0, ta\u0127t numru ta\u2019 kundizzjonijiet u esklu\u017cjonijiet.<\/p>\n<p>Tista\u2019 tissottometti talbiet skont l-Att dwar il-libert\u00e0 tal-informazzjoni permezz tas-sit elettroniku <strong><a href=\"http:\/\/www.foi.gov.mt\/\">www.foi.gov.mt<\/a><\/strong> jew billi tibg\u0127atilna <em>email<\/em> fuq <strong><a href=\"mailto:foi.em@enemalta.com.mt\">foi.em@enemalta.com.mt<\/a><\/strong>.<\/p>\n<p>A\u0127na ne\u017ciminaw it-talba tieg\u0127ek u nwie\u0121buk lura fi \u017cmien g\u0127oxrin \u0121urnata jekk din \u0121ietx a\u010b\u010bettata jew le. Nistg\u0127u ninfurmak ukoll illi se nestendu l-perjodu ta\u017c-\u017cmien sabiex nikkonsultaw partijiet terzi jew sabiex tin\u0121abar l-informazzjoni mitluba.<\/p>\n<p>Jekk it-talba ti\u0121i rrifjutata, jew kemm-il darba m\u2019intix sodisfatt bl-informazzjoni pprovduta lilek, inti tista\u2019 tressaq ilment permezz tas-sit elettroniku <strong><a href=\"http:\/\/www.foi.gov.mt\/\">www.foi.gov.mt<\/a><\/strong> jew permezz ta\u2019 <em>email <\/em>fuq <strong><a href=\"mailto:foi.em@enemalta.com.mt\">foi.em@enemalta.com.mt<\/a><\/strong>. Jekk id-diffikult\u00e0 tieg\u0127ek ma ti\u0121ix solvuta kif tixtieq inti, l-Att dwar il-libert\u00e0 tal-informazzjoni jag\u0127tik ukoll is-setg\u0127a li ttalla\u2019 t-talba tieg\u0127ek lill-Kummissarju g\u0127all-Informazzjoni u l-Protezzjoni tad-Data.<\/p>\n<p>&nbsp;<\/p>\n<\/div><div class=\"fusion-clearfix\"><\/div><\/div><\/div><\/div><\/div>\n","protected":false},"excerpt":{"rendered":"","protected":false},"author":3,"featured_media":0,"parent":0,"menu_order":0,"comment_status":"closed","ping_status":"closed","template":"","meta":{"_monsterinsights_skip_tracking":false,"_monsterinsights_sitenote_active":false,"_monsterinsights_sitenote_note":"","_monsterinsights_sitenote_category":0,"ngg_post_thumbnail":0,"footnotes":""},"class_list":["post-16392","page","type-page","status-publish","hentry"],"yoast_head":"<!-- This site is optimized with the Yoast SEO plugin v26.7 - https:\/\/yoast.com\/wordpress\/plugins\/seo\/ -->\n<title>Att dwar il-libert\u00e0 tal-informazzjoni - Enemalta<\/title>\n<meta name=\"robots\" content=\"index, follow, max-snippet:-1, max-image-preview:large, max-video-preview:-1\" \/>\n<link rel=\"canonical\" href=\"https:\/\/enemalta.com.mt\/mt\/att-dwar-il-liberta-tal-informazzjoni\/\" \/>\n<meta property=\"og:locale\" content=\"mt_MT\" \/>\n<meta property=\"og:type\" content=\"article\" \/>\n<meta property=\"og:title\" content=\"Att dwar il-libert\u00e0 tal-informazzjoni - Enemalta\" \/>\n<meta property=\"og:url\" content=\"https:\/\/enemalta.com.mt\/mt\/att-dwar-il-liberta-tal-informazzjoni\/\" \/>\n<meta property=\"og:site_name\" content=\"Enemalta\" \/>\n<meta property=\"article:modified_time\" content=\"2018-10-17T11:18:38+00:00\" \/>\n<meta name=\"twitter:card\" content=\"summary_large_image\" \/>\n<meta name=\"twitter:label1\" content=\"Est. reading time\" \/>\n\t<meta name=\"twitter:data1\" content=\"2 minutes\" \/>\n<script type=\"application\/ld+json\" class=\"yoast-schema-graph\">{\"@context\":\"https:\/\/schema.org\",\"@graph\":[{\"@type\":\"WebPage\",\"@id\":\"https:\/\/enemalta.com.mt\/mt\/att-dwar-il-liberta-tal-informazzjoni\/\",\"url\":\"https:\/\/enemalta.com.mt\/mt\/att-dwar-il-liberta-tal-informazzjoni\/\",\"name\":\"Att dwar il-libert\u00e0 tal-informazzjoni - Enemalta\",\"isPartOf\":{\"@id\":\"https:\/\/www.enemalta.com.mt\/#website\"},\"datePublished\":\"2018-10-17T11:11:31+00:00\",\"dateModified\":\"2018-10-17T11:18:38+00:00\",\"breadcrumb\":{\"@id\":\"https:\/\/enemalta.com.mt\/mt\/att-dwar-il-liberta-tal-informazzjoni\/#breadcrumb\"},\"inLanguage\":\"mt-MT\",\"potentialAction\":[{\"@type\":\"ReadAction\",\"target\":[\"https:\/\/enemalta.com.mt\/mt\/att-dwar-il-liberta-tal-informazzjoni\/\"]}]},{\"@type\":\"BreadcrumbList\",\"@id\":\"https:\/\/enemalta.com.mt\/mt\/att-dwar-il-liberta-tal-informazzjoni\/#breadcrumb\",\"itemListElement\":[{\"@type\":\"ListItem\",\"position\":1,\"name\":\"Home\",\"item\":\"https:\/\/enemalta.com.mt\/mt\/\"},{\"@type\":\"ListItem\",\"position\":2,\"name\":\"Att dwar il-libert\u00e0 tal-informazzjoni\"}]},{\"@type\":\"WebSite\",\"@id\":\"https:\/\/www.enemalta.com.mt\/#website\",\"url\":\"https:\/\/www.enemalta.com.mt\/\",\"name\":\"Enemalta\",\"description\":\"\",\"potentialAction\":[{\"@type\":\"SearchAction\",\"target\":{\"@type\":\"EntryPoint\",\"urlTemplate\":\"https:\/\/www.enemalta.com.mt\/?s={search_term_string}\"},\"query-input\":{\"@type\":\"PropertyValueSpecification\",\"valueRequired\":true,\"valueName\":\"search_term_string\"}}],\"inLanguage\":\"mt-MT\"}]}<\/script>\n<!-- \/ Yoast SEO plugin. -->","yoast_head_json":{"title":"Att dwar il-libert\u00e0 tal-informazzjoni - Enemalta","robots":{"index":"index","follow":"follow","max-snippet":"max-snippet:-1","max-image-preview":"max-image-preview:large","max-video-preview":"max-video-preview:-1"},"canonical":"https:\/\/enemalta.com.mt\/mt\/att-dwar-il-liberta-tal-informazzjoni\/","og_locale":"mt_MT","og_type":"article","og_title":"Att dwar il-libert\u00e0 tal-informazzjoni - Enemalta","og_url":"https:\/\/enemalta.com.mt\/mt\/att-dwar-il-liberta-tal-informazzjoni\/","og_site_name":"Enemalta","article_modified_time":"2018-10-17T11:18:38+00:00","twitter_card":"summary_large_image","twitter_misc":{"Est. reading time":"2 minutes"},"schema":{"@context":"https:\/\/schema.org","@graph":[{"@type":"WebPage","@id":"https:\/\/enemalta.com.mt\/mt\/att-dwar-il-liberta-tal-informazzjoni\/","url":"https:\/\/enemalta.com.mt\/mt\/att-dwar-il-liberta-tal-informazzjoni\/","name":"Att dwar il-libert\u00e0 tal-informazzjoni - Enemalta","isPartOf":{"@id":"https:\/\/www.enemalta.com.mt\/#website"},"datePublished":"2018-10-17T11:11:31+00:00","dateModified":"2018-10-17T11:18:38+00:00","breadcrumb":{"@id":"https:\/\/enemalta.com.mt\/mt\/att-dwar-il-liberta-tal-informazzjoni\/#breadcrumb"},"inLanguage":"mt-MT","potentialAction":[{"@type":"ReadAction","target":["https:\/\/enemalta.com.mt\/mt\/att-dwar-il-liberta-tal-informazzjoni\/"]}]},{"@type":"BreadcrumbList","@id":"https:\/\/enemalta.com.mt\/mt\/att-dwar-il-liberta-tal-informazzjoni\/#breadcrumb","itemListElement":[{"@type":"ListItem","position":1,"name":"Home","item":"https:\/\/enemalta.com.mt\/mt\/"},{"@type":"ListItem","position":2,"name":"Att dwar il-libert\u00e0 tal-informazzjoni"}]},{"@type":"WebSite","@id":"https:\/\/www.enemalta.com.mt\/#website","url":"https:\/\/www.enemalta.com.mt\/","name":"Enemalta","description":"","potentialAction":[{"@type":"SearchAction","target":{"@type":"EntryPoint","urlTemplate":"https:\/\/www.enemalta.com.mt\/?s={search_term_string}"},"query-input":{"@type":"PropertyValueSpecification","valueRequired":true,"valueName":"search_term_string"}}],"inLanguage":"mt-MT"}]}},"_links":{"self":[{"href":"https:\/\/www.enemalta.com.mt\/mt\/wp-json\/wp\/v2\/pages\/16392","targetHints":{"allow":["GET"]}}],"collection":[{"href":"https:\/\/www.enemalta.com.mt\/mt\/wp-json\/wp\/v2\/pages"}],"about":[{"href":"https:\/\/www.enemalta.com.mt\/mt\/wp-json\/wp\/v2\/types\/page"}],"author":[{"embeddable":true,"href":"https:\/\/www.enemalta.com.mt\/mt\/wp-json\/wp\/v2\/users\/3"}],"replies":[{"embeddable":true,"href":"https:\/\/www.enemalta.com.mt\/mt\/wp-json\/wp\/v2\/comments?post=16392"}],"version-history":[{"count":5,"href":"https:\/\/www.enemalta.com.mt\/mt\/wp-json\/wp\/v2\/pages\/16392\/revisions"}],"predecessor-version":[{"id":16397,"href":"https:\/\/www.enemalta.com.mt\/mt\/wp-json\/wp\/v2\/pages\/16392\/revisions\/16397"}],"wp:attachment":[{"href":"https:\/\/www.enemalta.com.mt\/mt\/wp-json\/wp\/v2\/media?parent=16392"}],"curies":[{"name":"wp","href":"https:\/\/api.w.org\/{rel}","templated":true}]}}