{"id":16374,"date":"2017-04-12T13:51:51","date_gmt":"2017-04-12T12:51:51","guid":{"rendered":"https:\/\/www.enemalta.com.mt\/kif-tikkuntattjana\/"},"modified":"2024-08-08T12:54:47","modified_gmt":"2024-08-08T10:54:47","slug":"kuntatt","status":"publish","type":"page","link":"https:\/\/www.enemalta.com.mt\/mt\/kuntatt\/","title":{"rendered":"Kif tikkuntattjana"},"content":{"rendered":"<div class=\"fusion-fullwidth fullwidth-box fusion-builder-row-1 hundred-percent-fullwidth non-hundred-percent-height-scrolling\" style=\"--awb-border-radius-top-left:0px;--awb-border-radius-top-right:0px;--awb-border-radius-bottom-right:0px;--awb-border-radius-bottom-left:0px;--awb-overflow:visible;--awb-flex-wrap:wrap;\" ><div class=\"fusion-builder-row fusion-row\"><div class=\"fusion-layout-column fusion_builder_column fusion-builder-column-0 fusion_builder_column_1_1 1_1 fusion-one-full fusion-column-first fusion-column-last\" style=\"--awb-bg-size:cover;--awb-margin-top:10px;\"><div class=\"fusion-column-wrapper fusion-flex-column-wrapper-legacy\"><div class=\"fusion-text fusion-text-1\" style=\"--awb-text-transform:none;\"><p>&nbsp;<\/p>\n<p>It-tim ta\u2019 assistenza g\u0127all-klijenti ta\u2019<strong> Enemalta<\/strong> kif ukoll il-kumpanija sussidjarja tag\u0127na Automated Revenue Management Services Ltd (ARMS), li tipprovdi assistenza g\u0127all-klijenti u hija responsabbli mill-kontijiet tad-dawl, jistg\u0127u jwie\u0121bu l-mistoqsijiet tieg\u0127ek u jag\u0127tuk l-g\u0127ajnuna li te\u0127tie\u0121 meta tu\u017ca s-servizzi tag\u0127na<\/p>\n<p>A\u0127na nag\u0127mlu l-almu tag\u0127na sabiex nag\u0127tuk l-assistenza jew it-tag\u0127rif li te\u0127tie\u0121 mill-iktar fis possibli.<\/p>\n<p>Meta tu\u017ca wie\u0127ed mill-mezzi indikati f&#8217;din is-sezzjoni sabiex tag\u0127mel kuntatt mag\u0127na jew ma\u2019 ARMS, int mitlub issemmi:<\/p>\n<p>\u2022 <strong>In-numru tal-kont;<\/strong><br \/>\n\u2022 <strong>In-numru tal-meter<\/strong> (jekk applikabli);<br \/>\n\u2022 L-<strong>indirizz<\/strong> e\u017catt tal-proprjet\u00e0 fejn hija me\u0127tie\u0121a l-assistenza.<\/p>\n<p>In-Numru tal-Kont tieg\u0127ek u n-Numru tal-Meter ikunu mni\u017c\u017clin fil-kont <strong>tad-dawl u l-ilma<\/strong>. In-numru tal-meter tal-elettriku jkun ukoll imni\u017c\u017cel fuq il-meter innifsu.<\/p>\n<p style=\"text-align: center;\"><span style=\"color: #a0ce4e;\"><strong><em>G\u0127al assistenza teknika ur\u0121enti dwar is-servizzi tag\u0127na,<\/em><\/strong><\/span><\/p>\n<p style=\"text-align: center;\"><span style=\"color: #a0ce4e;\"><strong><em>ikkuntattja lit-tim tag\u0127na li jipprovdi assistenza g\u0127all-klijenti 24 sieg\u0127a kuljum fuq in-numru 8000 2224.<\/em><\/strong><\/span><\/p>\n<\/div><div class=\"fusion-menu-anchor\" id=\"contactus\"><\/div><div class=\"fusion-text fusion-text-2\"><blockquote>\n<p><strong><a href=\"https:\/\/www.enemalta.com.mt\/mt\/ikkuntattja-lil-arms\/\">Meta g\u0127andek tikkuntattja lill-ARMS?<\/a><\/strong><\/p>\n<\/blockquote>\n<blockquote>\n<p><strong><a href=\"https:\/\/www.enemalta.com.mt\/mt\/ikkuntattja-lit-tim-taghna-li-jipprovdi-assistenza-ghall-klijenti\/\">Meta g\u0127andek tikkuntattja lit-tim ta\u2019 Enemalta li jipprovdi assistenza g\u0127all-klijenti ??<\/a><\/strong><\/p>\n<\/blockquote>\n<blockquote>\n<p><strong><a href=\"https:\/\/www.enemalta.com.mt\/mt\/kuntatt\/freedom-of-information\/\" target=\"_blank\" rel=\"noopener noreferrer\">Att dwar il-libert\u00e0 tal-informazzjoni<\/a><\/strong><\/p>\n<\/blockquote>\n<\/div><div class=\"fusion-clearfix\"><\/div><\/div><\/div><\/div><\/div>\n","protected":false},"excerpt":{"rendered":"","protected":false},"author":1,"featured_media":0,"parent":0,"menu_order":0,"comment_status":"closed","ping_status":"closed","template":"100-width.php","meta":{"_monsterinsights_skip_tracking":false,"_monsterinsights_sitenote_active":false,"_monsterinsights_sitenote_note":"","_monsterinsights_sitenote_category":0,"ngg_post_thumbnail":0,"footnotes":""},"class_list":["post-16374","page","type-page","status-publish","hentry"],"yoast_head":"<!-- This site is optimized with the Yoast SEO plugin v26.7 - https:\/\/yoast.com\/wordpress\/plugins\/seo\/ -->\n<title>Kif tikkuntattjana - Enemalta<\/title>\n<meta name=\"robots\" content=\"index, follow, max-snippet:-1, max-image-preview:large, max-video-preview:-1\" \/>\n<link rel=\"canonical\" href=\"https:\/\/www.enemalta.com.mt\/mt\/kuntatt\/\" \/>\n<meta property=\"og:locale\" content=\"mt_MT\" \/>\n<meta property=\"og:type\" content=\"article\" \/>\n<meta property=\"og:title\" content=\"Kif tikkuntattjana - Enemalta\" \/>\n<meta property=\"og:url\" content=\"https:\/\/www.enemalta.com.mt\/mt\/kuntatt\/\" \/>\n<meta property=\"og:site_name\" content=\"Enemalta\" \/>\n<meta property=\"article:modified_time\" content=\"2024-08-08T10:54:47+00:00\" \/>\n<meta name=\"twitter:card\" content=\"summary_large_image\" \/>\n<meta name=\"twitter:label1\" content=\"Est. reading time\" \/>\n\t<meta name=\"twitter:data1\" content=\"2 minutes\" \/>\n<script type=\"application\/ld+json\" class=\"yoast-schema-graph\">{\"@context\":\"https:\/\/schema.org\",\"@graph\":[{\"@type\":\"WebPage\",\"@id\":\"https:\/\/www.enemalta.com.mt\/mt\/kuntatt\/\",\"url\":\"https:\/\/www.enemalta.com.mt\/mt\/kuntatt\/\",\"name\":\"Kif tikkuntattjana - Enemalta\",\"isPartOf\":{\"@id\":\"https:\/\/enemalta.com.mt\/#website\"},\"datePublished\":\"2017-04-12T12:51:51+00:00\",\"dateModified\":\"2024-08-08T10:54:47+00:00\",\"breadcrumb\":{\"@id\":\"https:\/\/www.enemalta.com.mt\/mt\/kuntatt\/#breadcrumb\"},\"inLanguage\":\"mt-MT\",\"potentialAction\":[{\"@type\":\"ReadAction\",\"target\":[\"https:\/\/www.enemalta.com.mt\/mt\/kuntatt\/\"]}]},{\"@type\":\"BreadcrumbList\",\"@id\":\"https:\/\/www.enemalta.com.mt\/mt\/kuntatt\/#breadcrumb\",\"itemListElement\":[{\"@type\":\"ListItem\",\"position\":1,\"name\":\"Home\",\"item\":\"https:\/\/www.enemalta.com.mt\/mt\/\"},{\"@type\":\"ListItem\",\"position\":2,\"name\":\"Kif tikkuntattjana\"}]},{\"@type\":\"WebSite\",\"@id\":\"https:\/\/enemalta.com.mt\/#website\",\"url\":\"https:\/\/enemalta.com.mt\/\",\"name\":\"Enemalta\",\"description\":\"\",\"potentialAction\":[{\"@type\":\"SearchAction\",\"target\":{\"@type\":\"EntryPoint\",\"urlTemplate\":\"https:\/\/enemalta.com.mt\/?s={search_term_string}\"},\"query-input\":{\"@type\":\"PropertyValueSpecification\",\"valueRequired\":true,\"valueName\":\"search_term_string\"}}],\"inLanguage\":\"mt-MT\"}]}<\/script>\n<!-- \/ Yoast SEO plugin. -->","yoast_head_json":{"title":"Kif tikkuntattjana - Enemalta","robots":{"index":"index","follow":"follow","max-snippet":"max-snippet:-1","max-image-preview":"max-image-preview:large","max-video-preview":"max-video-preview:-1"},"canonical":"https:\/\/www.enemalta.com.mt\/mt\/kuntatt\/","og_locale":"mt_MT","og_type":"article","og_title":"Kif tikkuntattjana - Enemalta","og_url":"https:\/\/www.enemalta.com.mt\/mt\/kuntatt\/","og_site_name":"Enemalta","article_modified_time":"2024-08-08T10:54:47+00:00","twitter_card":"summary_large_image","twitter_misc":{"Est. reading time":"2 minutes"},"schema":{"@context":"https:\/\/schema.org","@graph":[{"@type":"WebPage","@id":"https:\/\/www.enemalta.com.mt\/mt\/kuntatt\/","url":"https:\/\/www.enemalta.com.mt\/mt\/kuntatt\/","name":"Kif tikkuntattjana - Enemalta","isPartOf":{"@id":"https:\/\/enemalta.com.mt\/#website"},"datePublished":"2017-04-12T12:51:51+00:00","dateModified":"2024-08-08T10:54:47+00:00","breadcrumb":{"@id":"https:\/\/www.enemalta.com.mt\/mt\/kuntatt\/#breadcrumb"},"inLanguage":"mt-MT","potentialAction":[{"@type":"ReadAction","target":["https:\/\/www.enemalta.com.mt\/mt\/kuntatt\/"]}]},{"@type":"BreadcrumbList","@id":"https:\/\/www.enemalta.com.mt\/mt\/kuntatt\/#breadcrumb","itemListElement":[{"@type":"ListItem","position":1,"name":"Home","item":"https:\/\/www.enemalta.com.mt\/mt\/"},{"@type":"ListItem","position":2,"name":"Kif tikkuntattjana"}]},{"@type":"WebSite","@id":"https:\/\/enemalta.com.mt\/#website","url":"https:\/\/enemalta.com.mt\/","name":"Enemalta","description":"","potentialAction":[{"@type":"SearchAction","target":{"@type":"EntryPoint","urlTemplate":"https:\/\/enemalta.com.mt\/?s={search_term_string}"},"query-input":{"@type":"PropertyValueSpecification","valueRequired":true,"valueName":"search_term_string"}}],"inLanguage":"mt-MT"}]}},"_links":{"self":[{"href":"https:\/\/www.enemalta.com.mt\/mt\/wp-json\/wp\/v2\/pages\/16374","targetHints":{"allow":["GET"]}}],"collection":[{"href":"https:\/\/www.enemalta.com.mt\/mt\/wp-json\/wp\/v2\/pages"}],"about":[{"href":"https:\/\/www.enemalta.com.mt\/mt\/wp-json\/wp\/v2\/types\/page"}],"author":[{"embeddable":true,"href":"https:\/\/www.enemalta.com.mt\/mt\/wp-json\/wp\/v2\/users\/1"}],"replies":[{"embeddable":true,"href":"https:\/\/www.enemalta.com.mt\/mt\/wp-json\/wp\/v2\/comments?post=16374"}],"version-history":[{"count":14,"href":"https:\/\/www.enemalta.com.mt\/mt\/wp-json\/wp\/v2\/pages\/16374\/revisions"}],"predecessor-version":[{"id":24847,"href":"https:\/\/www.enemalta.com.mt\/mt\/wp-json\/wp\/v2\/pages\/16374\/revisions\/24847"}],"wp:attachment":[{"href":"https:\/\/www.enemalta.com.mt\/mt\/wp-json\/wp\/v2\/media?parent=16374"}],"curies":[{"name":"wp","href":"https:\/\/api.w.org\/{rel}","templated":true}]}}